{"id":1271,"date":"2014-06-30T17:51:00","date_gmt":"2014-06-30T17:51:00","guid":{"rendered":"http:\/\/www.northhatley.org\/?page_id=1271"},"modified":"2015-01-09T17:05:26","modified_gmt":"2015-01-09T22:05:26","slug":"astuces-bac-brun","status":"publish","type":"page","link":"http:\/\/www.northhatley.org\/fr\/municipalite\/renseignements-generaux\/recyclage-ordures-compost-etc\/astuces-bac-brun\/","title":{"rendered":"Astuces bac brun"},"content":{"rendered":"<h1><strong>Astuces bac brun <\/strong><\/h1>\n<h3><strong>Dans la maison<\/strong><\/h3>\n<p>\u2022 Placez le contenant de cuisine dans un endroit pratique et facile d\u2019acc\u00e8s.<br \/>\n\u2022 Lavez les deux contenants \u00e0 l\u2019eau et au savon (le contenant pour la cuisine ne va pas au lave-vaisselle).<br \/>\n\u2022 L\u2019\u00e9t\u00e9, mettez le bac brun au chemin pour la collecte hebdomadaire afin de minimiser l\u2019apparition d\u2019asticots (petits vers blancs).<br \/>\n\u2022 L\u2019hiver, placez du papier journal au fond du bac ou mettez les mati\u00e8res compostables dans un sac de papier afin d\u2019\u00e9viter que les mati\u00e8res gel\u00e9es ne restent coll\u00e9es au fond.<\/p>\n<h3><strong>\u00c0 l&rsquo;ext\u00e9rieur<\/strong><\/h3>\n<p><strong>Odeurs d\u00e9sagr\u00e9ables<\/strong><br \/>\n\u2022 Saupoudrez un peu de chaux ou de bicarbonate de soude dans les deux bacs (le grand bac ext\u00e9rieur et celui pour la cuisine)<br \/>\n\u2022 Restes de viandes (surtout la viande, le poisson et les \u00e9pis de ma\u00efs) : congelez-les et mettez-les dans le bac le jour de la collecte.<\/p>\n<p><strong>Mouches \u00e0 fruits et vers blancs<\/strong><br \/>\n\u2022 \u00c0 d\u00e9faut de les congeler (voir ci-dessus), enveloppez les restes de table, (principalement la viande, le poisson, les fruits et les \u00e9pis de ma\u00efs) dans du papier journal, dans un sac biod\u00e9gradable ou un sac de papier brun bien ferm\u00e9.<br \/>\n\u2022 Asticots, vers blancs : asperger de sel ou de vinaigre.<\/p>\n<p><strong>Animaux<\/strong><br \/>\n\u2022 Appliquez un peu d\u2019onguent contre la toux autour des trous d\u2019a\u00e9ration du bac.<\/p>\n<p><strong>Nettoyage du bac<\/strong><br \/>\n\u2022 Rincez le bac vide avec un seau d\u2019eau et du d\u00e9tergent doux ou du vinaigre blanc.<br \/>\n\u2022 Pour vous \u00e9pargner cette corv\u00e9e, placez des sacs en papier au fond du bac.<\/p>\n<p>&nbsp;<\/p>\n<p>&nbsp;<\/p>\n<p>&nbsp;<\/p>\n<p>&nbsp;<\/p>\n<p>&nbsp;<\/p>\n","protected":false},"excerpt":{"rendered":"<p>Astuces bac brun Dans la maison \u2022 Placez le contenant de cuisine dans un endroit pratique et facile d\u2019acc\u00e8s. \u2022 Lavez les deux contenants \u00e0 l\u2019eau et au savon (le contenant pour la cuisine ne va pas au lave-vaisselle). \u2022 L\u2019\u00e9t\u00e9, mettez le bac brun au chemin pour la collecte hebdomadaire afin de minimiser l\u2019apparition<\/p>\n","protected":false},"author":2,"featured_media":0,"parent":1263,"menu_order":2,"comment_status":"open","ping_status":"open","template":"","meta":{"_acf_changed":false,"footnotes":""},"class_list":["post-1271","page","type-page","status-publish","hentry"],"acf":[],"yoast_head":"<!-- This site is optimized with the Yoast SEO plugin v24.3 - https:\/\/yoast.com\/wordpress\/plugins\/seo\/ -->\n<title>Astuces bac brun  - Village de North Hatley<\/title>\n<meta name=\"robots\" content=\"index, follow, max-snippet:-1, max-image-preview:large, max-video-preview:-1\" \/>\n<link rel=\"canonical\" href=\"https:\/\/www.northhatley.org\/fr\/municipalite\/renseignements-generaux\/recyclage-ordures-compost-etc\/astuces-bac-brun\/\" \/>\n<meta property=\"og:locale\" content=\"fr_FR\" \/>\n<meta property=\"og:type\" content=\"article\" \/>\n<meta property=\"og:title\" content=\"Astuces bac brun  - Village de North Hatley\" \/>\n<meta property=\"og:description\" content=\"Astuces bac brun Dans la maison \u2022 Placez le contenant de cuisine dans un endroit pratique et facile d\u2019acc\u00e8s. \u2022 Lavez les deux contenants \u00e0 l\u2019eau et au savon (le contenant pour la cuisine ne va pas au lave-vaisselle). \u2022 L\u2019\u00e9t\u00e9, mettez le bac brun au chemin pour la collecte hebdomadaire afin de minimiser l\u2019apparition\" \/>\n<meta property=\"og:url\" content=\"https:\/\/www.northhatley.org\/fr\/municipalite\/renseignements-generaux\/recyclage-ordures-compost-etc\/astuces-bac-brun\/\" \/>\n<meta property=\"og:site_name\" content=\"Village de North Hatley\" \/>\n<meta property=\"article:modified_time\" content=\"2015-01-09T22:05:26+00:00\" \/>\n<meta name=\"twitter:label1\" content=\"Dur\u00e9e de lecture estim\u00e9e\" \/>\n\t<meta name=\"twitter:data1\" content=\"1 minute\" \/>\n<script type=\"application\/ld+json\" class=\"yoast-schema-graph\">{\"@context\":\"https:\/\/schema.org\",\"@graph\":[{\"@type\":\"WebPage\",\"@id\":\"https:\/\/www.northhatley.org\/fr\/municipalite\/renseignements-generaux\/recyclage-ordures-compost-etc\/astuces-bac-brun\/\",\"url\":\"https:\/\/www.northhatley.org\/fr\/municipalite\/renseignements-generaux\/recyclage-ordures-compost-etc\/astuces-bac-brun\/\",\"name\":\"Astuces bac brun - Village de North Hatley\",\"isPartOf\":{\"@id\":\"https:\/\/www.northhatley.org\/en\/#website\"},\"datePublished\":\"2014-06-30T17:51:00+00:00\",\"dateModified\":\"2015-01-09T22:05:26+00:00\",\"breadcrumb\":{\"@id\":\"https:\/\/www.northhatley.org\/fr\/municipalite\/renseignements-generaux\/recyclage-ordures-compost-etc\/astuces-bac-brun\/#breadcrumb\"},\"inLanguage\":\"fr-FR\",\"potentialAction\":[{\"@type\":\"ReadAction\",\"target\":[\"https:\/\/www.northhatley.org\/fr\/municipalite\/renseignements-generaux\/recyclage-ordures-compost-etc\/astuces-bac-brun\/\"]}]},{\"@type\":\"BreadcrumbList\",\"@id\":\"https:\/\/www.northhatley.org\/fr\/municipalite\/renseignements-generaux\/recyclage-ordures-compost-etc\/astuces-bac-brun\/#breadcrumb\",\"itemListElement\":[{\"@type\":\"ListItem\",\"position\":1,\"name\":\"Home\",\"item\":\"https:\/\/www.northhatley.org\/fr\/\"},{\"@type\":\"ListItem\",\"position\":2,\"name\":\"Mairie\",\"item\":\"https:\/\/www.northhatley.org\/fr\/municipalite\/\"},{\"@type\":\"ListItem\",\"position\":3,\"name\":\"Renseignements g\u00e9n\u00e9raux\",\"item\":\"http:\/\/www.northhatley.org\/fr\/municipalite\/renseignements-generaux\/\"},{\"@type\":\"ListItem\",\"position\":4,\"name\":\"Ordures, recyclage et compost\",\"item\":\"http:\/\/www.northhatley.org\/fr\/municipalite\/renseignements-generaux\/recyclage-ordures-compost-etc\/\"},{\"@type\":\"ListItem\",\"position\":5,\"name\":\"Astuces bac brun\"}]},{\"@type\":\"WebSite\",\"@id\":\"https:\/\/www.northhatley.org\/en\/#website\",\"url\":\"https:\/\/www.northhatley.org\/en\/\",\"name\":\"Village de North Hatley\",\"description\":\"Village of North Hatley\",\"publisher\":{\"@id\":\"https:\/\/www.northhatley.org\/en\/#organization\"},\"potentialAction\":[{\"@type\":\"SearchAction\",\"target\":{\"@type\":\"EntryPoint\",\"urlTemplate\":\"https:\/\/www.northhatley.org\/en\/?s={search_term_string}\"},\"query-input\":{\"@type\":\"PropertyValueSpecification\",\"valueRequired\":true,\"valueName\":\"search_term_string\"}}],\"inLanguage\":\"fr-FR\"},{\"@type\":\"Organization\",\"@id\":\"https:\/\/www.northhatley.org\/en\/#organization\",\"name\":\"MUNICIPALIT\u00c9 DU VILLAGE DE NORTH HATLE\",\"url\":\"https:\/\/www.northhatley.org\/en\/\",\"logo\":{\"@type\":\"ImageObject\",\"inLanguage\":\"fr-FR\",\"@id\":\"https:\/\/www.northhatley.org\/en\/#\/schema\/logo\/image\/\",\"url\":\"https:\/\/www.northhatley.org\/wp-content\/uploads\/2016\/06\/Logo-North-Hatley.jpg\",\"contentUrl\":\"https:\/\/www.northhatley.org\/wp-content\/uploads\/2016\/06\/Logo-North-Hatley.jpg\",\"width\":127,\"height\":164,\"caption\":\"MUNICIPALIT\u00c9 DU VILLAGE DE NORTH HATLE\"},\"image\":{\"@id\":\"https:\/\/www.northhatley.org\/en\/#\/schema\/logo\/image\/\"}}]}<\/script>\n<!-- \/ Yoast SEO plugin. -->","yoast_head_json":{"title":"Astuces bac brun  - Village de North Hatley","robots":{"index":"index","follow":"follow","max-snippet":"max-snippet:-1","max-image-preview":"max-image-preview:large","max-video-preview":"max-video-preview:-1"},"canonical":"https:\/\/www.northhatley.org\/fr\/municipalite\/renseignements-generaux\/recyclage-ordures-compost-etc\/astuces-bac-brun\/","og_locale":"fr_FR","og_type":"article","og_title":"Astuces bac brun  - Village de North Hatley","og_description":"Astuces bac brun Dans la maison \u2022 Placez le contenant de cuisine dans un endroit pratique et facile d\u2019acc\u00e8s. \u2022 Lavez les deux contenants \u00e0 l\u2019eau et au savon (le contenant pour la cuisine ne va pas au lave-vaisselle). \u2022 L\u2019\u00e9t\u00e9, mettez le bac brun au chemin pour la collecte hebdomadaire afin de minimiser l\u2019apparition","og_url":"https:\/\/www.northhatley.org\/fr\/municipalite\/renseignements-generaux\/recyclage-ordures-compost-etc\/astuces-bac-brun\/","og_site_name":"Village de North Hatley","article_modified_time":"2015-01-09T22:05:26+00:00","twitter_misc":{"Dur\u00e9e de lecture estim\u00e9e":"1 minute"},"schema":{"@context":"https:\/\/schema.org","@graph":[{"@type":"WebPage","@id":"https:\/\/www.northhatley.org\/fr\/municipalite\/renseignements-generaux\/recyclage-ordures-compost-etc\/astuces-bac-brun\/","url":"https:\/\/www.northhatley.org\/fr\/municipalite\/renseignements-generaux\/recyclage-ordures-compost-etc\/astuces-bac-brun\/","name":"Astuces bac brun - Village de North Hatley","isPartOf":{"@id":"https:\/\/www.northhatley.org\/en\/#website"},"datePublished":"2014-06-30T17:51:00+00:00","dateModified":"2015-01-09T22:05:26+00:00","breadcrumb":{"@id":"https:\/\/www.northhatley.org\/fr\/municipalite\/renseignements-generaux\/recyclage-ordures-compost-etc\/astuces-bac-brun\/#breadcrumb"},"inLanguage":"fr-FR","potentialAction":[{"@type":"ReadAction","target":["https:\/\/www.northhatley.org\/fr\/municipalite\/renseignements-generaux\/recyclage-ordures-compost-etc\/astuces-bac-brun\/"]}]},{"@type":"BreadcrumbList","@id":"https:\/\/www.northhatley.org\/fr\/municipalite\/renseignements-generaux\/recyclage-ordures-compost-etc\/astuces-bac-brun\/#breadcrumb","itemListElement":[{"@type":"ListItem","position":1,"name":"Home","item":"https:\/\/www.northhatley.org\/fr\/"},{"@type":"ListItem","position":2,"name":"Mairie","item":"https:\/\/www.northhatley.org\/fr\/municipalite\/"},{"@type":"ListItem","position":3,"name":"Renseignements g\u00e9n\u00e9raux","item":"http:\/\/www.northhatley.org\/fr\/municipalite\/renseignements-generaux\/"},{"@type":"ListItem","position":4,"name":"Ordures, recyclage et compost","item":"http:\/\/www.northhatley.org\/fr\/municipalite\/renseignements-generaux\/recyclage-ordures-compost-etc\/"},{"@type":"ListItem","position":5,"name":"Astuces bac brun"}]},{"@type":"WebSite","@id":"https:\/\/www.northhatley.org\/en\/#website","url":"https:\/\/www.northhatley.org\/en\/","name":"Village de North Hatley","description":"Village of North Hatley","publisher":{"@id":"https:\/\/www.northhatley.org\/en\/#organization"},"potentialAction":[{"@type":"SearchAction","target":{"@type":"EntryPoint","urlTemplate":"https:\/\/www.northhatley.org\/en\/?s={search_term_string}"},"query-input":{"@type":"PropertyValueSpecification","valueRequired":true,"valueName":"search_term_string"}}],"inLanguage":"fr-FR"},{"@type":"Organization","@id":"https:\/\/www.northhatley.org\/en\/#organization","name":"MUNICIPALIT\u00c9 DU VILLAGE DE NORTH HATLE","url":"https:\/\/www.northhatley.org\/en\/","logo":{"@type":"ImageObject","inLanguage":"fr-FR","@id":"https:\/\/www.northhatley.org\/en\/#\/schema\/logo\/image\/","url":"https:\/\/www.northhatley.org\/wp-content\/uploads\/2016\/06\/Logo-North-Hatley.jpg","contentUrl":"https:\/\/www.northhatley.org\/wp-content\/uploads\/2016\/06\/Logo-North-Hatley.jpg","width":127,"height":164,"caption":"MUNICIPALIT\u00c9 DU VILLAGE DE NORTH HATLE"},"image":{"@id":"https:\/\/www.northhatley.org\/en\/#\/schema\/logo\/image\/"}}]}},"_links":{"self":[{"href":"http:\/\/www.northhatley.org\/fr\/wp-json\/wp\/v2\/pages\/1271","targetHints":{"allow":["GET"]}}],"collection":[{"href":"http:\/\/www.northhatley.org\/fr\/wp-json\/wp\/v2\/pages"}],"about":[{"href":"http:\/\/www.northhatley.org\/fr\/wp-json\/wp\/v2\/types\/page"}],"author":[{"embeddable":true,"href":"http:\/\/www.northhatley.org\/fr\/wp-json\/wp\/v2\/users\/2"}],"replies":[{"embeddable":true,"href":"http:\/\/www.northhatley.org\/fr\/wp-json\/wp\/v2\/comments?post=1271"}],"version-history":[{"count":4,"href":"http:\/\/www.northhatley.org\/fr\/wp-json\/wp\/v2\/pages\/1271\/revisions"}],"predecessor-version":[{"id":3542,"href":"http:\/\/www.northhatley.org\/fr\/wp-json\/wp\/v2\/pages\/1271\/revisions\/3542"}],"up":[{"embeddable":true,"href":"http:\/\/www.northhatley.org\/fr\/wp-json\/wp\/v2\/pages\/1263"}],"wp:attachment":[{"href":"http:\/\/www.northhatley.org\/fr\/wp-json\/wp\/v2\/media?parent=1271"}],"curies":[{"name":"wp","href":"https:\/\/api.w.org\/{rel}","templated":true}]}}