{"id":1268,"date":"2014-06-30T17:47:53","date_gmt":"2014-06-30T17:47:53","guid":{"rendered":"http:\/\/www.northhatley.org\/?page_id=1268"},"modified":"2015-01-09T16:22:27","modified_gmt":"2015-01-09T21:22:27","slug":"les-matieres-compostables","status":"publish","type":"page","link":"http:\/\/www.northhatley.org\/fr\/municipalite\/renseignements-generaux\/recyclage-ordures-compost-etc\/les-matieres-compostables\/","title":{"rendered":"Les mati\u00e8res compostables"},"content":{"rendered":"<h1><strong>Les mati\u00e8res compostables <\/strong><\/h1>\n<h3><strong>Ce qui va dans le bac brun<br \/>\n<\/strong><\/h3>\n<ul>\n<li>\u00c9corces, copeaux, bran de scie<\/li>\n<li>Emballages papier de produits alimentaires (sacs, bo\u00eetes, plateaux)<\/li>\n<li>Feuilles, tourbe, terre \u00e0 jardin<\/li>\n<li>Fleurs, plantes, mauvaises herbes, racines, r\u00e9sidus de jardinage<\/li>\n<li>G\u00e2teaux, biscuits, bonbons<\/li>\n<li>Grains (marc) et filtres \u00e0 caf\u00e9, sachets de th\u00e9<\/li>\n<li>Liti\u00e8res, excr\u00e9ments d\u2019animaux domestiques<\/li>\n<li>P\u00e2tes, pain, c\u00e9r\u00e9ales<\/li>\n<li>Plumes, poils, cheveux<\/li>\n<li>Produits laitiers, coquilles d\u2019\u0153ufs<\/li>\n<li>Restes de fruits et de l\u00e9gumes<\/li>\n<li>Restes de table et aliments p\u00e9rim\u00e9s<\/li>\n<li>Restes de viande et de poisson<\/li>\n<li>Serviettes et mouchoirs en papier utilis\u00e9s<\/li>\n<\/ul>\n<h3><strong>Choses qui ne vont PAS dans le bac brun<br \/>\n<\/strong><\/h3>\n<ul>\n<li>Assouplissants textiles en feuilles<\/li>\n<li>Cendres de chemin\u00e9e ou de barbecue<\/li>\n<li>Charpie provenant du s\u00e8che-linge<\/li>\n<li>Emballages, r\u00e9cipients ou plateaux en plastique ou en styromousse<\/li>\n<li>Gazon coup\u00e9<\/li>\n<li>Liti\u00e8re ayant servi \u00e0 absorber de l\u2019huile<\/li>\n<li>Sacs d\u2019aspirateur et leur contenu<\/li>\n<li>Sacs en plastique biod\u00e9gradable qui ne sont pas de type OXO<\/li>\n<li>Sacs en plastique ordinaires (lait, \u00e9picerie, ordures)<\/li>\n<li>Tampons absorbants utilis\u00e9s dans les emballages de viande<\/li>\n<\/ul>\n<p>Pour plus de renseignements, consultez <a href=\"http:\/\/www.mrcmemphremagog.com\/pdf\/Guide\/Guide_gestion_matieres_residuelles.pdf\" target=\"_blank\">le Guide de gestion des mati\u00e8res r\u00e9siduelles de la MRC de Memphr\u00e9magog <\/a>(document PDF).<\/p>\n<p>&nbsp;<\/p>\n<p>&nbsp;<\/p>\n<p>&nbsp;<\/p>\n","protected":false},"excerpt":{"rendered":"<p>Les mati\u00e8res compostables Ce qui va dans le bac brun \u00c9corces, copeaux, bran de scie Emballages papier de produits alimentaires (sacs, bo\u00eetes, plateaux) Feuilles, tourbe, terre \u00e0 jardin Fleurs, plantes, mauvaises herbes, racines, r\u00e9sidus de jardinage G\u00e2teaux, biscuits, bonbons Grains (marc) et filtres \u00e0 caf\u00e9, sachets de th\u00e9 Liti\u00e8res, excr\u00e9ments d\u2019animaux domestiques P\u00e2tes, pain, c\u00e9r\u00e9ales<\/p>\n","protected":false},"author":2,"featured_media":0,"parent":1263,"menu_order":1,"comment_status":"open","ping_status":"open","template":"","meta":{"_acf_changed":false,"footnotes":""},"class_list":["post-1268","page","type-page","status-publish","hentry"],"acf":[],"yoast_head":"<!-- This site is optimized with the Yoast SEO plugin v24.3 - https:\/\/yoast.com\/wordpress\/plugins\/seo\/ -->\n<title>Les mati\u00e8res compostables - Village de North Hatley<\/title>\n<meta name=\"robots\" content=\"index, follow, max-snippet:-1, max-image-preview:large, max-video-preview:-1\" \/>\n<link rel=\"canonical\" href=\"http:\/\/www.northhatley.org\/fr\/municipalite\/renseignements-generaux\/recyclage-ordures-compost-etc\/les-matieres-compostables\/\" \/>\n<meta property=\"og:locale\" content=\"fr_FR\" \/>\n<meta property=\"og:type\" content=\"article\" \/>\n<meta property=\"og:title\" content=\"Les mati\u00e8res compostables - Village de North Hatley\" \/>\n<meta property=\"og:description\" content=\"Les mati\u00e8res compostables Ce qui va dans le bac brun \u00c9corces, copeaux, bran de scie Emballages papier de produits alimentaires (sacs, bo\u00eetes, plateaux) Feuilles, tourbe, terre \u00e0 jardin Fleurs, plantes, mauvaises herbes, racines, r\u00e9sidus de jardinage G\u00e2teaux, biscuits, bonbons Grains (marc) et filtres \u00e0 caf\u00e9, sachets de th\u00e9 Liti\u00e8res, excr\u00e9ments d\u2019animaux domestiques P\u00e2tes, pain, c\u00e9r\u00e9ales\" \/>\n<meta property=\"og:url\" content=\"http:\/\/www.northhatley.org\/fr\/municipalite\/renseignements-generaux\/recyclage-ordures-compost-etc\/les-matieres-compostables\/\" \/>\n<meta property=\"og:site_name\" content=\"Village de North Hatley\" \/>\n<meta property=\"article:modified_time\" content=\"2015-01-09T21:22:27+00:00\" \/>\n<meta name=\"twitter:label1\" content=\"Dur\u00e9e de lecture estim\u00e9e\" \/>\n\t<meta name=\"twitter:data1\" content=\"1 minute\" \/>\n<script type=\"application\/ld+json\" class=\"yoast-schema-graph\">{\"@context\":\"https:\/\/schema.org\",\"@graph\":[{\"@type\":\"WebPage\",\"@id\":\"http:\/\/www.northhatley.org\/fr\/municipalite\/renseignements-generaux\/recyclage-ordures-compost-etc\/les-matieres-compostables\/\",\"url\":\"http:\/\/www.northhatley.org\/fr\/municipalite\/renseignements-generaux\/recyclage-ordures-compost-etc\/les-matieres-compostables\/\",\"name\":\"Les mati\u00e8res compostables - Village de North Hatley\",\"isPartOf\":{\"@id\":\"https:\/\/www.northhatley.org\/fr\/#website\"},\"datePublished\":\"2014-06-30T17:47:53+00:00\",\"dateModified\":\"2015-01-09T21:22:27+00:00\",\"breadcrumb\":{\"@id\":\"http:\/\/www.northhatley.org\/fr\/municipalite\/renseignements-generaux\/recyclage-ordures-compost-etc\/les-matieres-compostables\/#breadcrumb\"},\"inLanguage\":\"fr-FR\",\"potentialAction\":[{\"@type\":\"ReadAction\",\"target\":[\"http:\/\/www.northhatley.org\/fr\/municipalite\/renseignements-generaux\/recyclage-ordures-compost-etc\/les-matieres-compostables\/\"]}]},{\"@type\":\"BreadcrumbList\",\"@id\":\"http:\/\/www.northhatley.org\/fr\/municipalite\/renseignements-generaux\/recyclage-ordures-compost-etc\/les-matieres-compostables\/#breadcrumb\",\"itemListElement\":[{\"@type\":\"ListItem\",\"position\":1,\"name\":\"Home\",\"item\":\"https:\/\/www.northhatley.org\/fr\/\"},{\"@type\":\"ListItem\",\"position\":2,\"name\":\"Mairie\",\"item\":\"http:\/\/www.northhatley.org\/fr\/municipalite\/\"},{\"@type\":\"ListItem\",\"position\":3,\"name\":\"Renseignements g\u00e9n\u00e9raux\",\"item\":\"https:\/\/www.northhatley.org\/fr\/municipalite\/renseignements-generaux\/\"},{\"@type\":\"ListItem\",\"position\":4,\"name\":\"Ordures, recyclage et compost\",\"item\":\"https:\/\/www.northhatley.org\/fr\/municipalite\/renseignements-generaux\/recyclage-ordures-compost-etc\/\"},{\"@type\":\"ListItem\",\"position\":5,\"name\":\"Les mati\u00e8res compostables\"}]},{\"@type\":\"WebSite\",\"@id\":\"https:\/\/www.northhatley.org\/fr\/#website\",\"url\":\"https:\/\/www.northhatley.org\/fr\/\",\"name\":\"Village de North Hatley\",\"description\":\"Village of North Hatley\",\"publisher\":{\"@id\":\"https:\/\/www.northhatley.org\/fr\/#organization\"},\"potentialAction\":[{\"@type\":\"SearchAction\",\"target\":{\"@type\":\"EntryPoint\",\"urlTemplate\":\"https:\/\/www.northhatley.org\/fr\/?s={search_term_string}\"},\"query-input\":{\"@type\":\"PropertyValueSpecification\",\"valueRequired\":true,\"valueName\":\"search_term_string\"}}],\"inLanguage\":\"fr-FR\"},{\"@type\":\"Organization\",\"@id\":\"https:\/\/www.northhatley.org\/fr\/#organization\",\"name\":\"MUNICIPALIT\u00c9 DU VILLAGE DE NORTH HATLE\",\"url\":\"https:\/\/www.northhatley.org\/fr\/\",\"logo\":{\"@type\":\"ImageObject\",\"inLanguage\":\"fr-FR\",\"@id\":\"https:\/\/www.northhatley.org\/fr\/#\/schema\/logo\/image\/\",\"url\":\"https:\/\/www.northhatley.org\/wp-content\/uploads\/2016\/06\/Logo-North-Hatley.jpg\",\"contentUrl\":\"https:\/\/www.northhatley.org\/wp-content\/uploads\/2016\/06\/Logo-North-Hatley.jpg\",\"width\":127,\"height\":164,\"caption\":\"MUNICIPALIT\u00c9 DU VILLAGE DE NORTH HATLE\"},\"image\":{\"@id\":\"https:\/\/www.northhatley.org\/fr\/#\/schema\/logo\/image\/\"}}]}<\/script>\n<!-- \/ Yoast SEO plugin. -->","yoast_head_json":{"title":"Les mati\u00e8res compostables - Village de North Hatley","robots":{"index":"index","follow":"follow","max-snippet":"max-snippet:-1","max-image-preview":"max-image-preview:large","max-video-preview":"max-video-preview:-1"},"canonical":"http:\/\/www.northhatley.org\/fr\/municipalite\/renseignements-generaux\/recyclage-ordures-compost-etc\/les-matieres-compostables\/","og_locale":"fr_FR","og_type":"article","og_title":"Les mati\u00e8res compostables - Village de North Hatley","og_description":"Les mati\u00e8res compostables Ce qui va dans le bac brun \u00c9corces, copeaux, bran de scie Emballages papier de produits alimentaires (sacs, bo\u00eetes, plateaux) Feuilles, tourbe, terre \u00e0 jardin Fleurs, plantes, mauvaises herbes, racines, r\u00e9sidus de jardinage G\u00e2teaux, biscuits, bonbons Grains (marc) et filtres \u00e0 caf\u00e9, sachets de th\u00e9 Liti\u00e8res, excr\u00e9ments d\u2019animaux domestiques P\u00e2tes, pain, c\u00e9r\u00e9ales","og_url":"http:\/\/www.northhatley.org\/fr\/municipalite\/renseignements-generaux\/recyclage-ordures-compost-etc\/les-matieres-compostables\/","og_site_name":"Village de North Hatley","article_modified_time":"2015-01-09T21:22:27+00:00","twitter_misc":{"Dur\u00e9e de lecture estim\u00e9e":"1 minute"},"schema":{"@context":"https:\/\/schema.org","@graph":[{"@type":"WebPage","@id":"http:\/\/www.northhatley.org\/fr\/municipalite\/renseignements-generaux\/recyclage-ordures-compost-etc\/les-matieres-compostables\/","url":"http:\/\/www.northhatley.org\/fr\/municipalite\/renseignements-generaux\/recyclage-ordures-compost-etc\/les-matieres-compostables\/","name":"Les mati\u00e8res compostables - Village de North Hatley","isPartOf":{"@id":"https:\/\/www.northhatley.org\/fr\/#website"},"datePublished":"2014-06-30T17:47:53+00:00","dateModified":"2015-01-09T21:22:27+00:00","breadcrumb":{"@id":"http:\/\/www.northhatley.org\/fr\/municipalite\/renseignements-generaux\/recyclage-ordures-compost-etc\/les-matieres-compostables\/#breadcrumb"},"inLanguage":"fr-FR","potentialAction":[{"@type":"ReadAction","target":["http:\/\/www.northhatley.org\/fr\/municipalite\/renseignements-generaux\/recyclage-ordures-compost-etc\/les-matieres-compostables\/"]}]},{"@type":"BreadcrumbList","@id":"http:\/\/www.northhatley.org\/fr\/municipalite\/renseignements-generaux\/recyclage-ordures-compost-etc\/les-matieres-compostables\/#breadcrumb","itemListElement":[{"@type":"ListItem","position":1,"name":"Home","item":"https:\/\/www.northhatley.org\/fr\/"},{"@type":"ListItem","position":2,"name":"Mairie","item":"http:\/\/www.northhatley.org\/fr\/municipalite\/"},{"@type":"ListItem","position":3,"name":"Renseignements g\u00e9n\u00e9raux","item":"https:\/\/www.northhatley.org\/fr\/municipalite\/renseignements-generaux\/"},{"@type":"ListItem","position":4,"name":"Ordures, recyclage et compost","item":"https:\/\/www.northhatley.org\/fr\/municipalite\/renseignements-generaux\/recyclage-ordures-compost-etc\/"},{"@type":"ListItem","position":5,"name":"Les mati\u00e8res compostables"}]},{"@type":"WebSite","@id":"https:\/\/www.northhatley.org\/fr\/#website","url":"https:\/\/www.northhatley.org\/fr\/","name":"Village de North Hatley","description":"Village of North Hatley","publisher":{"@id":"https:\/\/www.northhatley.org\/fr\/#organization"},"potentialAction":[{"@type":"SearchAction","target":{"@type":"EntryPoint","urlTemplate":"https:\/\/www.northhatley.org\/fr\/?s={search_term_string}"},"query-input":{"@type":"PropertyValueSpecification","valueRequired":true,"valueName":"search_term_string"}}],"inLanguage":"fr-FR"},{"@type":"Organization","@id":"https:\/\/www.northhatley.org\/fr\/#organization","name":"MUNICIPALIT\u00c9 DU VILLAGE DE NORTH HATLE","url":"https:\/\/www.northhatley.org\/fr\/","logo":{"@type":"ImageObject","inLanguage":"fr-FR","@id":"https:\/\/www.northhatley.org\/fr\/#\/schema\/logo\/image\/","url":"https:\/\/www.northhatley.org\/wp-content\/uploads\/2016\/06\/Logo-North-Hatley.jpg","contentUrl":"https:\/\/www.northhatley.org\/wp-content\/uploads\/2016\/06\/Logo-North-Hatley.jpg","width":127,"height":164,"caption":"MUNICIPALIT\u00c9 DU VILLAGE DE NORTH HATLE"},"image":{"@id":"https:\/\/www.northhatley.org\/fr\/#\/schema\/logo\/image\/"}}]}},"_links":{"self":[{"href":"http:\/\/www.northhatley.org\/fr\/wp-json\/wp\/v2\/pages\/1268","targetHints":{"allow":["GET"]}}],"collection":[{"href":"http:\/\/www.northhatley.org\/fr\/wp-json\/wp\/v2\/pages"}],"about":[{"href":"http:\/\/www.northhatley.org\/fr\/wp-json\/wp\/v2\/types\/page"}],"author":[{"embeddable":true,"href":"http:\/\/www.northhatley.org\/fr\/wp-json\/wp\/v2\/users\/2"}],"replies":[{"embeddable":true,"href":"http:\/\/www.northhatley.org\/fr\/wp-json\/wp\/v2\/comments?post=1268"}],"version-history":[{"count":12,"href":"http:\/\/www.northhatley.org\/fr\/wp-json\/wp\/v2\/pages\/1268\/revisions"}],"predecessor-version":[{"id":3539,"href":"http:\/\/www.northhatley.org\/fr\/wp-json\/wp\/v2\/pages\/1268\/revisions\/3539"}],"up":[{"embeddable":true,"href":"http:\/\/www.northhatley.org\/fr\/wp-json\/wp\/v2\/pages\/1263"}],"wp:attachment":[{"href":"http:\/\/www.northhatley.org\/fr\/wp-json\/wp\/v2\/media?parent=1268"}],"curies":[{"name":"wp","href":"https:\/\/api.w.org\/{rel}","templated":true}]}}