{"id":11718,"date":"2023-01-11T16:12:39","date_gmt":"2023-01-11T21:12:39","guid":{"rendered":"http:\/\/www.northhatley.org\/?page_id=11718"},"modified":"2026-04-22T15:14:48","modified_gmt":"2026-04-22T19:14:48","slug":"avis-publiques-consultations-publiques-2","status":"publish","type":"page","link":"http:\/\/www.northhatley.org\/fr\/avis-publiques-consultations-publiques-2\/","title":{"rendered":"AVIS PUBLICS &#8211; CONSULTATIONS PUBLIQUES"},"content":{"rendered":"<div class=\"wpb-content-wrapper\"><p>vc_row][vc_column][vc_column_text]<\/p>\n<p>[vc_row][vc_column width=\u00a0\u00bb1\/1&Prime;][vc_column_text][vc_row][vc_column width=\u00a0\u00bb1\/1&Prime;][vc_column_text]<\/p>\n\n\n<h2 class=\"wp-block-heading\">AVIS PUBLICS\/CONSULTATIONS PUBLIQUES<\/h2>\n\n\n\n<div class=\"wp-block-columns is-layout-flex wp-container-core-columns-is-layout-1 wp-block-columns-is-layout-flex\">\n<div class=\"wp-block-column is-layout-flow wp-block-column-is-layout-flow\" style=\"flex-basis:100%\">\n<p>&nbsp;<\/p>\n\n\n\n<p>&nbsp;<\/p>\n\n\n\n<p>&nbsp;<\/p>\n\n\n\n<p>&nbsp;<\/p>\n\n\n\n<figure class=\"wp-block-table is-style-stripes\"><table><thead><tr><th><strong>DATE DE PUBLICATION<\/strong><\/th><th><strong>SUJET<\/strong><\/th><\/tr><\/thead><tbody><tr><td>2026-04-14<\/td><td>AVIS PUBLIC &#8211; <a href=\"http:\/\/www.northhatley.org\/wp-content\/uploads\/2026\/04\/AVIS-PUBLIC-DM-04-05-2026-361-rue-Hovey-mur-soutenement.pdf\">D\u00c9ROGATION MINEUR &#8211; 361 RUE HOVEY<\/a><\/td><\/tr><tr><td>2026-03-05<\/td><td>AVIS PUBLIC &#8211; <a href=\"http:\/\/www.northhatley.org\/wp-content\/uploads\/2026\/03\/Projet_2026-780-Avis-public-de-consultation_19-mars-2026.pdf\">CONSULTATION SUR LE PROJET DE R\u00c8GLEMENT 2026-780<\/a><\/td><\/tr><tr><td>2026-03-05<\/td><td>AVIS PUBLIC &#8211; <a href=\"http:\/\/www.northhatley.org\/wp-content\/uploads\/2026\/03\/Projet-2026-781_Avis-public-de-consultation_19-mars-2026.pdf\">CONSULTATION SUR LE PROJET DE R\u00c8GLEMENT 2026-781<\/a><\/td><\/tr><tr><td>2026-03-05<\/td><td>AVIS PUBLIC &#8211; <a href=\"http:\/\/www.northhatley.org\/wp-content\/uploads\/2026\/03\/Projet-2026-782_Avis-public-de-consultation_19-mars-2026.pdf\">CONSULTATION SUR LE PROJET DE R\u00c8GLEMENT 2026-782<\/a><\/td><\/tr><tr><td>2026-03-05<\/td><td>AVIS PUBLIC &#8211; <a href=\"http:\/\/www.northhatley.org\/wp-content\/uploads\/2026\/03\/Projet-2026-783_Avis-public-de-consultation_19-mars-2026.pdf\">CONSULTATION SUR LE PROJET DE R\u00c8GLEMENT 2026-783<\/a><\/td><\/tr><tr><td>2026-03-05<\/td><td>AVIS PUBLIC &#8211; <a href=\"http:\/\/www.northhatley.org\/wp-content\/uploads\/2026\/03\/Projet-2026-784_Avis-public-de-consultation_19-mars-2026.pdf\">CONSULTATION SUR LE PROJET DE R\u00c8GLEMENT 2026-784<\/a><\/td><\/tr><tr><td>2026-03-05<\/td><td>AVIS PUBLIC &#8211; <a href=\"http:\/\/www.northhatley.org\/wp-content\/uploads\/2026\/03\/Projet-2026-788_Avis-public-de-consultation_19-mars-2026.pdf\">CONSULTATION SUR LE PROJET DE R\u00c8GLEMENT 2026-788<\/a><\/td><\/tr><tr><td>2026-03-05<\/td><td>AVIS PUBLIC &#8211; <a href=\"http:\/\/www.northhatley.org\/wp-content\/uploads\/2026\/03\/Projet-2026-789_Avis-public-de-consultation_19-mars-2026.pdf\">CONSULTATION SUR LE PROJET DE R\u00c8GLEMENT 2026-789<\/a><\/td><\/tr><tr><td>2026-03-05<\/td><td>AVIS PUBLIC &#8211; <a href=\"http:\/\/www.northhatley.org\/wp-content\/uploads\/2026\/03\/PROJET-2026-779.pdf\">Projet de r\u00e8glement no 2026-779 modifiant le r\u00e8glement de Zonage no 2001-432<\/a> &#8211; <a href=\"http:\/\/www.northhatley.org\/wp-content\/uploads\/2026\/03\/ANNEXE-PROJET-2026-779.pdf\">annexe projet 2026-779<\/a><\/td><\/tr><tr><td>2026-03-05<\/td><td>AVIS PUBLIC &#8211; <a href=\"http:\/\/www.northhatley.org\/wp-content\/uploads\/2026\/03\/Avis-public-demande-de-participation-referendum_5-mars-2026-Projet-2026-779.pdf\">Avis public adress\u00e9 aux personnes int\u00e9ress\u00e9es ayant le droit de signer une demande de participation a un r\u00e9f\u00e9rendum- second projet de R\u00e8glement 2026-779<\/a><\/td><\/tr><tr><td>2026-03-05<\/td><td>AVIS PUBLIC &#8211; <a href=\"http:\/\/www.northhatley.org\/wp-content\/uploads\/2026\/03\/2026-786-Avis-entree-en-vigueur.pdf\">ENTR\u00c9E EN VIGUEUR R\u00c8GLEMENT 2026-786 (EMPLOY\u00c9S)<\/a><\/td><\/tr><tr><td>2026-03-05     <\/td><td>AVIS PUBLIC &#8211; <a href=\"http:\/\/www.northhatley.org\/wp-content\/uploads\/2026\/03\/2026-785-Avis-entree-en-vigueur.pdf\">ENTR\u00c9E EN VIGUEUR R\u00c8GLEMENT 2026-785 (\u00c9LUS)<\/a><\/td><\/tr><tr><td>2026-02-06<\/td><td>AVIS PUBLIC &#8211; <a href=\"http:\/\/www.northhatley.org\/wp-content\/uploads\/2026\/02\/North_Hatley_PPU_Avis_public_VF.pdf\">PROGRAMME PARTICULIER D&rsquo;URBANISME (PPU) NOYAU VILLAGEOIS DE NORTH HATLEY<\/a><\/td><\/tr><tr><td>2026-01-14<\/td><td>AVIS PUBLIC &#8211; <a href=\"http:\/\/www.northhatley.org\/wp-content\/uploads\/2026\/01\/Avis-entree-en-vigueur-2025-778.pdf\">ENTR\u00c9E EN VIGUEUR R\u00c8GLEMENT 2025-778<\/a><\/td><\/tr><tr><td>2026-01-14<\/td><td>AVIS PUBLIC &#8211; <a href=\"http:\/\/www.northhatley.org\/wp-content\/uploads\/2026\/01\/Avis-entree-en-vigueur-2025-777.pdf\">ENTR\u00c9E EN VIGUEUR R\u00c8GLEMENT 2025-777<\/a><\/td><\/tr><tr><td>2026-01-14    <\/td><td>AVIS PUBLIC &#8211; <a href=\"http:\/\/www.northhatley.org\/wp-content\/uploads\/2026\/01\/Avis-entree-en-vigueur-2025-776.pdf\">ENTR\u00c9E EN VIGUEUR R\u00c8GLEMENT 2025-776 (TAXATION 2026)<\/a><\/td><\/tr><tr><td>2025-12-02<\/td><td>AVIS PUBLIC &#8211; <a href=\"http:\/\/www.northhatley.org\/wp-content\/uploads\/2025\/12\/Avis-public_DEMOLITION_2013-2015-LAC_16-12-2025.pdf\">D\u00c9MOLITION &#8211; 2013-2015 CH. DU LAC<\/a>     <a href=\"http:\/\/www.northhatley.org\/wp-content\/uploads\/2025\/12\/PHOTOAvis-public_DEMOLITION_2013-2015-LAC_16-12-2025.pdf\"> (image du projet)<\/a><\/td><\/tr><tr><td>2025-12-02<\/td><td>AVIS PUBLIC &#8211; <a href=\"http:\/\/www.northhatley.org\/wp-content\/uploads\/2025\/12\/AVIS-PUBLIC-4080-Chemin-Magog.pdf\">D\u00c9ROGATION MINEUR &#8211; 4080 CH. MAGOG<\/a><\/td><\/tr><tr><td>2025-12-02<\/td><td>AVIS PUBLIC &#8211; <a href=\"http:\/\/www.northhatley.org\/wp-content\/uploads\/2025\/12\/AVIS-PUBLIC-205-rue-Main.pdf\">D\u00c9ROGATION MINEUR &#8211; 205 RUE MAIN<\/a><\/td><\/tr><tr><td>2025-12-02<\/td><td>AVIS PUBLIC &#8211; <a href=\"http:\/\/www.northhatley.org\/wp-content\/uploads\/2025\/12\/AVIS-PUBLIC-lot-4-029-138.pdf\">D\u00c9ROGATION MINEUR &#8211; LOT 4029138 CH. CAPELTON<\/a><\/td><\/tr><tr><td>2025-12-02<\/td><td>AVIS PUBLIC &#8211; <img decoding=\"async\" class=\"wp-image-14324\" style=\"width: NaNpx;\" src=\"http:\/\/www.northhatley.org\/wp-content\/uploads\/2025\/12\/AVIS-PUBLIC-4340-Chemin-Magog.pdf\" alt=\"\"><a href=\"http:\/\/www.northhatley.org\/wp-content\/uploads\/2025\/12\/AVIS-PUBLIC-4340-Chemin-Magog-1.pdf\">D\u00c9ROGATION MINEUR &#8211; 4340 CH. MAGOG<\/a><\/td><\/tr><tr><td>2025-01-27<\/td><td><a href=\"http:\/\/www.northhatley.org\/wp-content\/uploads\/2025\/01\/AVIS-PUBLIC-DEROGATION-MINEURE-03-03-2025-361-rue-Hovey-2.pdf\">AVIS PUBLIC &#8211; D\u00c9ROGATION MINEURE &#8211; 03-03-2025 (361 rue Hovey)<\/a><\/td><\/tr><tr><td><br>2025-01-15<\/td><td><a href=\"http:\/\/www.northhatley.org\/wp-content\/uploads\/2025\/01\/2024-761-A5-1.pdf\">Avis public adress\u00e9 aux personnes int\u00e9ress\u00e9es ayant le droit de signer une demande de participation \u00e0 un r\u00e9f\u00e9rendum &#8211; Second projet de R\u00e8glement num\u00e9ro 2024-761<\/a><\/td><\/tr><tr><td>2025-01-14<\/td><td><a href=\"http:\/\/www.northhatley.org\/wp-content\/uploads\/2025\/01\/Avis-entree-en-vigueur-1.pdf\">Avis d&rsquo;entr\u00e9e en vigueur &#8211; R\u00e8glement 2024-769 r\u00e9gissant la taxe fonci\u00e8re et taux de compensation des services 2025<\/a><\/td><\/tr><tr><td>2025-01-14<\/td><td><a href=\"http:\/\/www.northhatley.org\/wp-content\/uploads\/2025\/01\/Avis-entree-en-vigueur.pdf\">Avis d&rsquo;entr\u00e9e en vigueur &#8211; R\u00e8glement 2024-768 concernant les droits de mutations immobili\u00e8res<\/a><\/td><\/tr><tr><td>2025-01-14<\/td><td><a href=\"http:\/\/www.northhatley.org\/wp-content\/uploads\/2025\/01\/2024-765-REMUNERATION-CONSEIL-1.pdf\">Avis d&rsquo;entr\u00e9e en vigueur &#8211; R\u00e8glement 2024-765 sur la r\u00e9mun\u00e9ration des membres du conseil<\/a><\/td><\/tr><tr><td>&nbsp;<\/td><td>&nbsp;<\/td><\/tr><\/tbody><\/table><\/figure>\n<\/div>\n<\/div>\n\n\n\n<h2 class=\"wp-block-heading\"><\/h2>\n\n\n<p>&nbsp;<\/p>\n<p>[\/vc_column_text][\/vc_column][\/vc_row]<\/p><\/div>","protected":false},"excerpt":{"rendered":"<p>vc_row][vc_column][vc_column_text] [vc_row][vc_column width=\u00a0\u00bb1\/1&Prime;][vc_column_text][vc_row][vc_column width=\u00a0\u00bb1\/1&Prime;][vc_column_text] AVIS PUBLICS\/CONSULTATIONS PUBLIQUES &nbsp; &nbsp; &nbsp; &nbsp; DATE DE PUBLICATION SUJET 2026-04-14 AVIS PUBLIC &#8211; D\u00c9ROGATION MINEUR &#8211; 361 RUE HOVEY 2026-03-05 AVIS PUBLIC &#8211; CONSULTATION SUR LE PROJET DE R\u00c8GLEMENT 2026-780 2026-03-05 AVIS PUBLIC &#8211; CONSULTATION SUR LE PROJET DE R\u00c8GLEMENT 2026-781 2026-03-05 AVIS PUBLIC &#8211; CONSULTATION SUR LE PROJET<\/p>\n","protected":false},"author":4,"featured_media":0,"parent":0,"menu_order":0,"comment_status":"closed","ping_status":"closed","template":"","meta":{"_acf_changed":false,"footnotes":""},"class_list":["post-11718","page","type-page","status-publish","hentry"],"acf":[],"yoast_head":"<!-- This site is optimized with the Yoast SEO plugin v24.3 - https:\/\/yoast.com\/wordpress\/plugins\/seo\/ -->\n<title>AVIS PUBLICS - CONSULTATIONS PUBLIQUES - Village de North Hatley<\/title>\n<meta name=\"robots\" content=\"index, follow, max-snippet:-1, max-image-preview:large, max-video-preview:-1\" \/>\n<link rel=\"canonical\" href=\"https:\/\/www.northhatley.org\/fr\/avis-publiques-consultations-publiques-2\/\" \/>\n<meta property=\"og:locale\" content=\"fr_FR\" \/>\n<meta property=\"og:type\" content=\"article\" \/>\n<meta property=\"og:title\" content=\"AVIS PUBLICS - CONSULTATIONS PUBLIQUES - Village de North Hatley\" \/>\n<meta property=\"og:description\" content=\"vc_row][vc_column][vc_column_text] [vc_row][vc_column width=\u00a0\u00bb1\/1&Prime;][vc_column_text][vc_row][vc_column width=\u00a0\u00bb1\/1&Prime;][vc_column_text] AVIS PUBLICS\/CONSULTATIONS PUBLIQUES &nbsp; &nbsp; &nbsp; &nbsp; DATE DE PUBLICATION SUJET 2026-04-14 AVIS PUBLIC &#8211; D\u00c9ROGATION MINEUR &#8211; 361 RUE HOVEY 2026-03-05 AVIS PUBLIC &#8211; CONSULTATION SUR LE PROJET DE R\u00c8GLEMENT 2026-780 2026-03-05 AVIS PUBLIC &#8211; CONSULTATION SUR LE PROJET DE R\u00c8GLEMENT 2026-781 2026-03-05 AVIS PUBLIC &#8211; CONSULTATION SUR LE PROJET\" \/>\n<meta property=\"og:url\" content=\"https:\/\/www.northhatley.org\/fr\/avis-publiques-consultations-publiques-2\/\" \/>\n<meta property=\"og:site_name\" content=\"Village de North Hatley\" \/>\n<meta property=\"article:modified_time\" content=\"2026-04-22T19:14:48+00:00\" \/>\n<meta name=\"twitter:label1\" content=\"Dur\u00e9e de lecture estim\u00e9e\" \/>\n\t<meta name=\"twitter:data1\" content=\"2 minutes\" \/>\n<script type=\"application\/ld+json\" class=\"yoast-schema-graph\">{\"@context\":\"https:\/\/schema.org\",\"@graph\":[{\"@type\":\"WebPage\",\"@id\":\"https:\/\/www.northhatley.org\/fr\/avis-publiques-consultations-publiques-2\/\",\"url\":\"https:\/\/www.northhatley.org\/fr\/avis-publiques-consultations-publiques-2\/\",\"name\":\"AVIS PUBLICS - CONSULTATIONS PUBLIQUES - Village de North Hatley\",\"isPartOf\":{\"@id\":\"https:\/\/www.northhatley.org\/en\/#website\"},\"primaryImageOfPage\":{\"@id\":\"https:\/\/www.northhatley.org\/fr\/avis-publiques-consultations-publiques-2\/#primaryimage\"},\"image\":{\"@id\":\"https:\/\/www.northhatley.org\/fr\/avis-publiques-consultations-publiques-2\/#primaryimage\"},\"thumbnailUrl\":\"http:\/\/www.northhatley.org\/wp-content\/uploads\/2025\/12\/AVIS-PUBLIC-4340-Chemin-Magog.pdf\",\"datePublished\":\"2023-01-11T21:12:39+00:00\",\"dateModified\":\"2026-04-22T19:14:48+00:00\",\"breadcrumb\":{\"@id\":\"https:\/\/www.northhatley.org\/fr\/avis-publiques-consultations-publiques-2\/#breadcrumb\"},\"inLanguage\":\"fr-FR\",\"potentialAction\":[{\"@type\":\"ReadAction\",\"target\":[\"https:\/\/www.northhatley.org\/fr\/avis-publiques-consultations-publiques-2\/\"]}]},{\"@type\":\"ImageObject\",\"inLanguage\":\"fr-FR\",\"@id\":\"https:\/\/www.northhatley.org\/fr\/avis-publiques-consultations-publiques-2\/#primaryimage\",\"url\":\"http:\/\/www.northhatley.org\/wp-content\/uploads\/2025\/12\/AVIS-PUBLIC-4340-Chemin-Magog.pdf\",\"contentUrl\":\"http:\/\/www.northhatley.org\/wp-content\/uploads\/2025\/12\/AVIS-PUBLIC-4340-Chemin-Magog.pdf\"},{\"@type\":\"BreadcrumbList\",\"@id\":\"https:\/\/www.northhatley.org\/fr\/avis-publiques-consultations-publiques-2\/#breadcrumb\",\"itemListElement\":[{\"@type\":\"ListItem\",\"position\":1,\"name\":\"Home\",\"item\":\"http:\/\/www.northhatley.org\/fr\/\"},{\"@type\":\"ListItem\",\"position\":2,\"name\":\"AVIS PUBLICS &#8211; CONSULTATIONS PUBLIQUES\"}]},{\"@type\":\"WebSite\",\"@id\":\"https:\/\/www.northhatley.org\/en\/#website\",\"url\":\"https:\/\/www.northhatley.org\/en\/\",\"name\":\"Village de North Hatley\",\"description\":\"Village of North Hatley\",\"publisher\":{\"@id\":\"https:\/\/www.northhatley.org\/en\/#organization\"},\"potentialAction\":[{\"@type\":\"SearchAction\",\"target\":{\"@type\":\"EntryPoint\",\"urlTemplate\":\"https:\/\/www.northhatley.org\/en\/?s={search_term_string}\"},\"query-input\":{\"@type\":\"PropertyValueSpecification\",\"valueRequired\":true,\"valueName\":\"search_term_string\"}}],\"inLanguage\":\"fr-FR\"},{\"@type\":\"Organization\",\"@id\":\"https:\/\/www.northhatley.org\/en\/#organization\",\"name\":\"MUNICIPALIT\u00c9 DU VILLAGE DE NORTH HATLE\",\"url\":\"https:\/\/www.northhatley.org\/en\/\",\"logo\":{\"@type\":\"ImageObject\",\"inLanguage\":\"fr-FR\",\"@id\":\"https:\/\/www.northhatley.org\/en\/#\/schema\/logo\/image\/\",\"url\":\"https:\/\/www.northhatley.org\/wp-content\/uploads\/2016\/06\/Logo-North-Hatley.jpg\",\"contentUrl\":\"https:\/\/www.northhatley.org\/wp-content\/uploads\/2016\/06\/Logo-North-Hatley.jpg\",\"width\":127,\"height\":164,\"caption\":\"MUNICIPALIT\u00c9 DU VILLAGE DE NORTH HATLE\"},\"image\":{\"@id\":\"https:\/\/www.northhatley.org\/en\/#\/schema\/logo\/image\/\"}}]}<\/script>\n<!-- \/ Yoast SEO plugin. -->","yoast_head_json":{"title":"AVIS PUBLICS - CONSULTATIONS PUBLIQUES - Village de North Hatley","robots":{"index":"index","follow":"follow","max-snippet":"max-snippet:-1","max-image-preview":"max-image-preview:large","max-video-preview":"max-video-preview:-1"},"canonical":"https:\/\/www.northhatley.org\/fr\/avis-publiques-consultations-publiques-2\/","og_locale":"fr_FR","og_type":"article","og_title":"AVIS PUBLICS - CONSULTATIONS PUBLIQUES - Village de North Hatley","og_description":"vc_row][vc_column][vc_column_text] [vc_row][vc_column width=\u00a0\u00bb1\/1&Prime;][vc_column_text][vc_row][vc_column width=\u00a0\u00bb1\/1&Prime;][vc_column_text] AVIS PUBLICS\/CONSULTATIONS PUBLIQUES &nbsp; &nbsp; &nbsp; &nbsp; DATE DE PUBLICATION SUJET 2026-04-14 AVIS PUBLIC &#8211; D\u00c9ROGATION MINEUR &#8211; 361 RUE HOVEY 2026-03-05 AVIS PUBLIC &#8211; CONSULTATION SUR LE PROJET DE R\u00c8GLEMENT 2026-780 2026-03-05 AVIS PUBLIC &#8211; CONSULTATION SUR LE PROJET DE R\u00c8GLEMENT 2026-781 2026-03-05 AVIS PUBLIC &#8211; CONSULTATION SUR LE PROJET","og_url":"https:\/\/www.northhatley.org\/fr\/avis-publiques-consultations-publiques-2\/","og_site_name":"Village de North Hatley","article_modified_time":"2026-04-22T19:14:48+00:00","twitter_misc":{"Dur\u00e9e de lecture estim\u00e9e":"2 minutes"},"schema":{"@context":"https:\/\/schema.org","@graph":[{"@type":"WebPage","@id":"https:\/\/www.northhatley.org\/fr\/avis-publiques-consultations-publiques-2\/","url":"https:\/\/www.northhatley.org\/fr\/avis-publiques-consultations-publiques-2\/","name":"AVIS PUBLICS - CONSULTATIONS PUBLIQUES - Village de North Hatley","isPartOf":{"@id":"https:\/\/www.northhatley.org\/en\/#website"},"primaryImageOfPage":{"@id":"https:\/\/www.northhatley.org\/fr\/avis-publiques-consultations-publiques-2\/#primaryimage"},"image":{"@id":"https:\/\/www.northhatley.org\/fr\/avis-publiques-consultations-publiques-2\/#primaryimage"},"thumbnailUrl":"http:\/\/www.northhatley.org\/wp-content\/uploads\/2025\/12\/AVIS-PUBLIC-4340-Chemin-Magog.pdf","datePublished":"2023-01-11T21:12:39+00:00","dateModified":"2026-04-22T19:14:48+00:00","breadcrumb":{"@id":"https:\/\/www.northhatley.org\/fr\/avis-publiques-consultations-publiques-2\/#breadcrumb"},"inLanguage":"fr-FR","potentialAction":[{"@type":"ReadAction","target":["https:\/\/www.northhatley.org\/fr\/avis-publiques-consultations-publiques-2\/"]}]},{"@type":"ImageObject","inLanguage":"fr-FR","@id":"https:\/\/www.northhatley.org\/fr\/avis-publiques-consultations-publiques-2\/#primaryimage","url":"http:\/\/www.northhatley.org\/wp-content\/uploads\/2025\/12\/AVIS-PUBLIC-4340-Chemin-Magog.pdf","contentUrl":"http:\/\/www.northhatley.org\/wp-content\/uploads\/2025\/12\/AVIS-PUBLIC-4340-Chemin-Magog.pdf"},{"@type":"BreadcrumbList","@id":"https:\/\/www.northhatley.org\/fr\/avis-publiques-consultations-publiques-2\/#breadcrumb","itemListElement":[{"@type":"ListItem","position":1,"name":"Home","item":"http:\/\/www.northhatley.org\/fr\/"},{"@type":"ListItem","position":2,"name":"AVIS PUBLICS &#8211; CONSULTATIONS PUBLIQUES"}]},{"@type":"WebSite","@id":"https:\/\/www.northhatley.org\/en\/#website","url":"https:\/\/www.northhatley.org\/en\/","name":"Village de North Hatley","description":"Village of North Hatley","publisher":{"@id":"https:\/\/www.northhatley.org\/en\/#organization"},"potentialAction":[{"@type":"SearchAction","target":{"@type":"EntryPoint","urlTemplate":"https:\/\/www.northhatley.org\/en\/?s={search_term_string}"},"query-input":{"@type":"PropertyValueSpecification","valueRequired":true,"valueName":"search_term_string"}}],"inLanguage":"fr-FR"},{"@type":"Organization","@id":"https:\/\/www.northhatley.org\/en\/#organization","name":"MUNICIPALIT\u00c9 DU VILLAGE DE NORTH HATLE","url":"https:\/\/www.northhatley.org\/en\/","logo":{"@type":"ImageObject","inLanguage":"fr-FR","@id":"https:\/\/www.northhatley.org\/en\/#\/schema\/logo\/image\/","url":"https:\/\/www.northhatley.org\/wp-content\/uploads\/2016\/06\/Logo-North-Hatley.jpg","contentUrl":"https:\/\/www.northhatley.org\/wp-content\/uploads\/2016\/06\/Logo-North-Hatley.jpg","width":127,"height":164,"caption":"MUNICIPALIT\u00c9 DU VILLAGE DE NORTH HATLE"},"image":{"@id":"https:\/\/www.northhatley.org\/en\/#\/schema\/logo\/image\/"}}]}},"_links":{"self":[{"href":"http:\/\/www.northhatley.org\/fr\/wp-json\/wp\/v2\/pages\/11718","targetHints":{"allow":["GET"]}}],"collection":[{"href":"http:\/\/www.northhatley.org\/fr\/wp-json\/wp\/v2\/pages"}],"about":[{"href":"http:\/\/www.northhatley.org\/fr\/wp-json\/wp\/v2\/types\/page"}],"author":[{"embeddable":true,"href":"http:\/\/www.northhatley.org\/fr\/wp-json\/wp\/v2\/users\/4"}],"replies":[{"embeddable":true,"href":"http:\/\/www.northhatley.org\/fr\/wp-json\/wp\/v2\/comments?post=11718"}],"version-history":[{"count":97,"href":"http:\/\/www.northhatley.org\/fr\/wp-json\/wp\/v2\/pages\/11718\/revisions"}],"predecessor-version":[{"id":14488,"href":"http:\/\/www.northhatley.org\/fr\/wp-json\/wp\/v2\/pages\/11718\/revisions\/14488"}],"wp:attachment":[{"href":"http:\/\/www.northhatley.org\/fr\/wp-json\/wp\/v2\/media?parent=11718"}],"curies":[{"name":"wp","href":"https:\/\/api.w.org\/{rel}","templated":true}]}}