{"id":10592,"date":"2021-11-25T15:49:44","date_gmt":"2021-11-25T20:49:44","guid":{"rendered":"http:\/\/www.northhatley.org\/?page_id=10592"},"modified":"2023-03-23T12:00:08","modified_gmt":"2023-03-23T16:00:08","slug":"conseiller-no-1","status":"publish","type":"page","link":"http:\/\/www.northhatley.org\/fr\/conseiller-no-1\/","title":{"rendered":"Conseiller no 1"},"content":{"rendered":"\n<h3 class=\"has-text-align-center wp-block-heading\">CONSEIL MUNICIPAL 2021-2025<\/h3>\n\n\n<div class=\"wp-block-image\">\n<figure class=\"aligncenter size-medium\"><a href=\"http:\/\/www.northhatley.org\/wp-content\/uploads\/2021\/11\/Michel-DESROSIERS-2-scaled.jpg\"><img loading=\"lazy\" decoding=\"async\" width=\"199\" height=\"300\" src=\"http:\/\/www.northhatley.org\/wp-content\/uploads\/2021\/11\/Michel-DESROSIERS-2-199x300.jpg\" alt=\"\" class=\"wp-image-10639\" srcset=\"http:\/\/www.northhatley.org\/wp-content\/uploads\/2021\/11\/Michel-DESROSIERS-2-199x300.jpg 199w, http:\/\/www.northhatley.org\/wp-content\/uploads\/2021\/11\/Michel-DESROSIERS-2-679x1024.jpg 679w, http:\/\/www.northhatley.org\/wp-content\/uploads\/2021\/11\/Michel-DESROSIERS-2-768x1159.jpg 768w, http:\/\/www.northhatley.org\/wp-content\/uploads\/2021\/11\/Michel-DESROSIERS-2-1018x1536.jpg 1018w, http:\/\/www.northhatley.org\/wp-content\/uploads\/2021\/11\/Michel-DESROSIERS-2-1358x2048.jpg 1358w, http:\/\/www.northhatley.org\/wp-content\/uploads\/2021\/11\/Michel-DESROSIERS-2-72x108.jpg 72w, http:\/\/www.northhatley.org\/wp-content\/uploads\/2021\/11\/Michel-DESROSIERS-2-scaled.jpg 1697w\" sizes=\"auto, (max-width: 199px) 100vw, 199px\" \/><\/a><\/figure><\/div>\n\n\n<h3 class=\"has-text-align-center wp-block-heading\"><strong>MICHEL DESROSIERS<\/strong><\/h3>\n\n\n\n<h3 class=\"has-text-align-center wp-block-heading\">SI\u00c8GE NO 1<\/h3>\n\n\n\n<div class=\"wp-block-buttons is-horizontal is-content-justification-center is-layout-flex wp-container-core-buttons-is-layout-1 wp-block-buttons-is-layout-flex\">\n<div class=\"wp-block-button is-style-fill\"><a class=\"wp-block-button__link has-white-color has-text-color has-background wp-element-button\" href=\"mailto:conseiller1@northhatley.org\" style=\"border-radius:3px;background-color:#1f6887\" target=\"_blank\" rel=\"noreferrer noopener\">Pour me rejoindre<\/a><\/div>\n<\/div>\n\n\n\n<h4 class=\"has-text-align-center wp-block-heading\">DOSSIERS \/ COMIT\u00c9S<\/h4>\n\n\n\n<p class=\"has-text-align-center has-medium-font-size\">Maire substitut au conseil des maires de le MRC Memphr\u00e9magog<br><br>Comit\u00e9 consultatif d&rsquo;urbanisme<br><br>Comit\u00e9 Consultatif d\u2019Environnement<br><br>Comit\u00e9 des \u00e9v\u00e9nements<br><br>Comit\u00e9 des travaux publics et des infrastructures<br><br>Comit\u00e9 municipal de s\u00e9curit\u00e9 civile<br><\/p>\n","protected":false},"excerpt":{"rendered":"<p>CONSEIL MUNICIPAL 2021-2025 MICHEL DESROSIERS SI\u00c8GE NO 1 DOSSIERS \/ COMIT\u00c9S Maire substitut au conseil des maires de le MRC Memphr\u00e9magog Comit\u00e9 consultatif d&rsquo;urbanisme Comit\u00e9 Consultatif d\u2019Environnement Comit\u00e9 des \u00e9v\u00e9nements Comit\u00e9 des travaux publics et des infrastructures Comit\u00e9 municipal de s\u00e9curit\u00e9 civile<\/p>\n","protected":false},"author":4,"featured_media":0,"parent":0,"menu_order":0,"comment_status":"closed","ping_status":"closed","template":"","meta":{"_acf_changed":false,"footnotes":""},"class_list":["post-10592","page","type-page","status-publish","hentry"],"acf":[],"yoast_head":"<!-- This site is optimized with the Yoast SEO plugin v24.3 - https:\/\/yoast.com\/wordpress\/plugins\/seo\/ -->\n<title>Conseiller no 1 - Village de North Hatley<\/title>\n<meta name=\"robots\" content=\"index, follow, max-snippet:-1, max-image-preview:large, max-video-preview:-1\" \/>\n<link rel=\"canonical\" href=\"http:\/\/www.northhatley.org\/fr\/conseiller-no-1\/\" \/>\n<meta property=\"og:locale\" content=\"fr_FR\" \/>\n<meta property=\"og:type\" content=\"article\" \/>\n<meta property=\"og:title\" content=\"Conseiller no 1 - Village de North Hatley\" \/>\n<meta property=\"og:description\" content=\"CONSEIL MUNICIPAL 2021-2025 MICHEL DESROSIERS SI\u00c8GE NO 1 DOSSIERS \/ COMIT\u00c9S Maire substitut au conseil des maires de le MRC Memphr\u00e9magog Comit\u00e9 consultatif d&rsquo;urbanisme Comit\u00e9 Consultatif d\u2019Environnement Comit\u00e9 des \u00e9v\u00e9nements Comit\u00e9 des travaux publics et des infrastructures Comit\u00e9 municipal de s\u00e9curit\u00e9 civile\" \/>\n<meta property=\"og:url\" content=\"http:\/\/www.northhatley.org\/fr\/conseiller-no-1\/\" \/>\n<meta property=\"og:site_name\" content=\"Village de North Hatley\" \/>\n<meta property=\"article:modified_time\" content=\"2023-03-23T16:00:08+00:00\" \/>\n<meta property=\"og:image\" content=\"http:\/\/www.northhatley.org\/wp-content\/uploads\/2021\/11\/Michel-DESROSIERS-2-199x300.jpg\" \/>\n<meta name=\"twitter:label1\" content=\"Dur\u00e9e de lecture estim\u00e9e\" \/>\n\t<meta name=\"twitter:data1\" content=\"1 minute\" \/>\n<script type=\"application\/ld+json\" class=\"yoast-schema-graph\">{\"@context\":\"https:\/\/schema.org\",\"@graph\":[{\"@type\":\"WebPage\",\"@id\":\"http:\/\/www.northhatley.org\/fr\/conseiller-no-1\/\",\"url\":\"http:\/\/www.northhatley.org\/fr\/conseiller-no-1\/\",\"name\":\"Conseiller no 1 - Village de North Hatley\",\"isPartOf\":{\"@id\":\"https:\/\/www.northhatley.org\/en\/#website\"},\"primaryImageOfPage\":{\"@id\":\"http:\/\/www.northhatley.org\/fr\/conseiller-no-1\/#primaryimage\"},\"image\":{\"@id\":\"http:\/\/www.northhatley.org\/fr\/conseiller-no-1\/#primaryimage\"},\"thumbnailUrl\":\"http:\/\/www.northhatley.org\/wp-content\/uploads\/2021\/11\/Michel-DESROSIERS-2-199x300.jpg\",\"datePublished\":\"2021-11-25T20:49:44+00:00\",\"dateModified\":\"2023-03-23T16:00:08+00:00\",\"breadcrumb\":{\"@id\":\"http:\/\/www.northhatley.org\/fr\/conseiller-no-1\/#breadcrumb\"},\"inLanguage\":\"fr-FR\",\"potentialAction\":[{\"@type\":\"ReadAction\",\"target\":[\"http:\/\/www.northhatley.org\/fr\/conseiller-no-1\/\"]}]},{\"@type\":\"ImageObject\",\"inLanguage\":\"fr-FR\",\"@id\":\"http:\/\/www.northhatley.org\/fr\/conseiller-no-1\/#primaryimage\",\"url\":\"http:\/\/www.northhatley.org\/wp-content\/uploads\/2021\/11\/Michel-DESROSIERS-2-199x300.jpg\",\"contentUrl\":\"http:\/\/www.northhatley.org\/wp-content\/uploads\/2021\/11\/Michel-DESROSIERS-2-199x300.jpg\"},{\"@type\":\"BreadcrumbList\",\"@id\":\"http:\/\/www.northhatley.org\/fr\/conseiller-no-1\/#breadcrumb\",\"itemListElement\":[{\"@type\":\"ListItem\",\"position\":1,\"name\":\"Home\",\"item\":\"http:\/\/www.northhatley.org\/fr\/\"},{\"@type\":\"ListItem\",\"position\":2,\"name\":\"Conseiller no 1\"}]},{\"@type\":\"WebSite\",\"@id\":\"https:\/\/www.northhatley.org\/en\/#website\",\"url\":\"https:\/\/www.northhatley.org\/en\/\",\"name\":\"Village de North Hatley\",\"description\":\"Village of North Hatley\",\"publisher\":{\"@id\":\"https:\/\/www.northhatley.org\/en\/#organization\"},\"potentialAction\":[{\"@type\":\"SearchAction\",\"target\":{\"@type\":\"EntryPoint\",\"urlTemplate\":\"https:\/\/www.northhatley.org\/en\/?s={search_term_string}\"},\"query-input\":{\"@type\":\"PropertyValueSpecification\",\"valueRequired\":true,\"valueName\":\"search_term_string\"}}],\"inLanguage\":\"fr-FR\"},{\"@type\":\"Organization\",\"@id\":\"https:\/\/www.northhatley.org\/en\/#organization\",\"name\":\"MUNICIPALIT\u00c9 DU VILLAGE DE NORTH HATLE\",\"url\":\"https:\/\/www.northhatley.org\/en\/\",\"logo\":{\"@type\":\"ImageObject\",\"inLanguage\":\"fr-FR\",\"@id\":\"https:\/\/www.northhatley.org\/en\/#\/schema\/logo\/image\/\",\"url\":\"https:\/\/www.northhatley.org\/wp-content\/uploads\/2016\/06\/Logo-North-Hatley.jpg\",\"contentUrl\":\"https:\/\/www.northhatley.org\/wp-content\/uploads\/2016\/06\/Logo-North-Hatley.jpg\",\"width\":127,\"height\":164,\"caption\":\"MUNICIPALIT\u00c9 DU VILLAGE DE NORTH HATLE\"},\"image\":{\"@id\":\"https:\/\/www.northhatley.org\/en\/#\/schema\/logo\/image\/\"}}]}<\/script>\n<!-- \/ Yoast SEO plugin. -->","yoast_head_json":{"title":"Conseiller no 1 - Village de North Hatley","robots":{"index":"index","follow":"follow","max-snippet":"max-snippet:-1","max-image-preview":"max-image-preview:large","max-video-preview":"max-video-preview:-1"},"canonical":"http:\/\/www.northhatley.org\/fr\/conseiller-no-1\/","og_locale":"fr_FR","og_type":"article","og_title":"Conseiller no 1 - Village de North Hatley","og_description":"CONSEIL MUNICIPAL 2021-2025 MICHEL DESROSIERS SI\u00c8GE NO 1 DOSSIERS \/ COMIT\u00c9S Maire substitut au conseil des maires de le MRC Memphr\u00e9magog Comit\u00e9 consultatif d&rsquo;urbanisme Comit\u00e9 Consultatif d\u2019Environnement Comit\u00e9 des \u00e9v\u00e9nements Comit\u00e9 des travaux publics et des infrastructures Comit\u00e9 municipal de s\u00e9curit\u00e9 civile","og_url":"http:\/\/www.northhatley.org\/fr\/conseiller-no-1\/","og_site_name":"Village de North Hatley","article_modified_time":"2023-03-23T16:00:08+00:00","og_image":[{"url":"http:\/\/www.northhatley.org\/wp-content\/uploads\/2021\/11\/Michel-DESROSIERS-2-199x300.jpg","type":"","width":"","height":""}],"twitter_misc":{"Dur\u00e9e de lecture estim\u00e9e":"1 minute"},"schema":{"@context":"https:\/\/schema.org","@graph":[{"@type":"WebPage","@id":"http:\/\/www.northhatley.org\/fr\/conseiller-no-1\/","url":"http:\/\/www.northhatley.org\/fr\/conseiller-no-1\/","name":"Conseiller no 1 - Village de North Hatley","isPartOf":{"@id":"https:\/\/www.northhatley.org\/en\/#website"},"primaryImageOfPage":{"@id":"http:\/\/www.northhatley.org\/fr\/conseiller-no-1\/#primaryimage"},"image":{"@id":"http:\/\/www.northhatley.org\/fr\/conseiller-no-1\/#primaryimage"},"thumbnailUrl":"http:\/\/www.northhatley.org\/wp-content\/uploads\/2021\/11\/Michel-DESROSIERS-2-199x300.jpg","datePublished":"2021-11-25T20:49:44+00:00","dateModified":"2023-03-23T16:00:08+00:00","breadcrumb":{"@id":"http:\/\/www.northhatley.org\/fr\/conseiller-no-1\/#breadcrumb"},"inLanguage":"fr-FR","potentialAction":[{"@type":"ReadAction","target":["http:\/\/www.northhatley.org\/fr\/conseiller-no-1\/"]}]},{"@type":"ImageObject","inLanguage":"fr-FR","@id":"http:\/\/www.northhatley.org\/fr\/conseiller-no-1\/#primaryimage","url":"http:\/\/www.northhatley.org\/wp-content\/uploads\/2021\/11\/Michel-DESROSIERS-2-199x300.jpg","contentUrl":"http:\/\/www.northhatley.org\/wp-content\/uploads\/2021\/11\/Michel-DESROSIERS-2-199x300.jpg"},{"@type":"BreadcrumbList","@id":"http:\/\/www.northhatley.org\/fr\/conseiller-no-1\/#breadcrumb","itemListElement":[{"@type":"ListItem","position":1,"name":"Home","item":"http:\/\/www.northhatley.org\/fr\/"},{"@type":"ListItem","position":2,"name":"Conseiller no 1"}]},{"@type":"WebSite","@id":"https:\/\/www.northhatley.org\/en\/#website","url":"https:\/\/www.northhatley.org\/en\/","name":"Village de North Hatley","description":"Village of North Hatley","publisher":{"@id":"https:\/\/www.northhatley.org\/en\/#organization"},"potentialAction":[{"@type":"SearchAction","target":{"@type":"EntryPoint","urlTemplate":"https:\/\/www.northhatley.org\/en\/?s={search_term_string}"},"query-input":{"@type":"PropertyValueSpecification","valueRequired":true,"valueName":"search_term_string"}}],"inLanguage":"fr-FR"},{"@type":"Organization","@id":"https:\/\/www.northhatley.org\/en\/#organization","name":"MUNICIPALIT\u00c9 DU VILLAGE DE NORTH HATLE","url":"https:\/\/www.northhatley.org\/en\/","logo":{"@type":"ImageObject","inLanguage":"fr-FR","@id":"https:\/\/www.northhatley.org\/en\/#\/schema\/logo\/image\/","url":"https:\/\/www.northhatley.org\/wp-content\/uploads\/2016\/06\/Logo-North-Hatley.jpg","contentUrl":"https:\/\/www.northhatley.org\/wp-content\/uploads\/2016\/06\/Logo-North-Hatley.jpg","width":127,"height":164,"caption":"MUNICIPALIT\u00c9 DU VILLAGE DE NORTH HATLE"},"image":{"@id":"https:\/\/www.northhatley.org\/en\/#\/schema\/logo\/image\/"}}]}},"_links":{"self":[{"href":"http:\/\/www.northhatley.org\/fr\/wp-json\/wp\/v2\/pages\/10592","targetHints":{"allow":["GET"]}}],"collection":[{"href":"http:\/\/www.northhatley.org\/fr\/wp-json\/wp\/v2\/pages"}],"about":[{"href":"http:\/\/www.northhatley.org\/fr\/wp-json\/wp\/v2\/types\/page"}],"author":[{"embeddable":true,"href":"http:\/\/www.northhatley.org\/fr\/wp-json\/wp\/v2\/users\/4"}],"replies":[{"embeddable":true,"href":"http:\/\/www.northhatley.org\/fr\/wp-json\/wp\/v2\/comments?post=10592"}],"version-history":[{"count":12,"href":"http:\/\/www.northhatley.org\/fr\/wp-json\/wp\/v2\/pages\/10592\/revisions"}],"predecessor-version":[{"id":12272,"href":"http:\/\/www.northhatley.org\/fr\/wp-json\/wp\/v2\/pages\/10592\/revisions\/12272"}],"wp:attachment":[{"href":"http:\/\/www.northhatley.org\/fr\/wp-json\/wp\/v2\/media?parent=10592"}],"curies":[{"name":"wp","href":"https:\/\/api.w.org\/{rel}","templated":true}]}}