{"id":9807,"date":"2024-08-08T14:22:29","date_gmt":"2024-08-08T18:22:29","guid":{"rendered":"http:\/\/www.northhatley.org\/?page_id=9807"},"modified":"2024-08-08T14:31:34","modified_gmt":"2024-08-08T18:31:34","slug":"regie","status":"publish","type":"page","link":"http:\/\/www.northhatley.org\/en\/regie\/","title":{"rendered":"REGIE"},"content":{"rendered":"\n<p>The Municipality of the Village of North Hatley is associated with various r\u00e9gies to provide services to the population.\nClick on the links to access information on each of the r\u00e9gies .<\/p>\n\n\n\n<ul class=\"wp-block-list\">\n<li><a href=\"http:\/\/www.northhatley.org\/en\/riem\/\" target=\"_blank\" rel=\"noreferrer noopener\">R\u00e9gie intermunicipale des eaux Massawippi (RIEM)<\/a><\/li>\n\n\n\n<li><a href=\"https:\/\/www.regieincendieest.ca\/\" target=\"_blank\" rel=\"noreferrer noopener\">Regie incendie memphr\u00e9magog est<\/a><\/li>\n\n\n\n<li><a href=\"http:\/\/www.parcmassawippi.com\/en\">R\u00e9gie du Parc r\u00e9gional Massawippi<\/a><\/li>\n\n\n\n<li><a href=\"http:\/\/www.enfouissementcoaticook.com\/\">R\u00e9gie intermunicipale de gestion des d\u00e9chets solides de la r\u00e9gion de Coaticook<\/a><\/li>\n<\/ul>\n","protected":false},"excerpt":{"rendered":"<p>The Municipality of the Village of North Hatley is associated with various r\u00e9gies to provide services to the population. Click on the links to access information on each of the r\u00e9gies .<\/p>\n","protected":false},"author":4,"featured_media":0,"parent":0,"menu_order":0,"comment_status":"closed","ping_status":"closed","template":"","meta":{"_acf_changed":false,"footnotes":""},"class_list":["post-9807","page","type-page","status-publish","hentry"],"acf":[],"yoast_head":"<!-- This site is optimized with the Yoast SEO plugin v24.3 - https:\/\/yoast.com\/wordpress\/plugins\/seo\/ -->\n<title>REGIE - Village de North Hatley<\/title>\n<meta name=\"robots\" content=\"index, follow, max-snippet:-1, max-image-preview:large, max-video-preview:-1\" \/>\n<link rel=\"canonical\" href=\"http:\/\/www.northhatley.org\/en\/regie\/\" \/>\n<meta property=\"og:locale\" content=\"en_US\" \/>\n<meta property=\"og:type\" content=\"article\" \/>\n<meta property=\"og:title\" content=\"REGIE - Village de North Hatley\" \/>\n<meta property=\"og:description\" content=\"The Municipality of the Village of North Hatley is associated with various r\u00e9gies to provide services to the population. Click on the links to access information on each of the r\u00e9gies .\" \/>\n<meta property=\"og:url\" content=\"http:\/\/www.northhatley.org\/en\/regie\/\" \/>\n<meta property=\"og:site_name\" content=\"Village de North Hatley\" \/>\n<meta property=\"article:modified_time\" content=\"2024-08-08T18:31:34+00:00\" \/>\n<meta name=\"twitter:label1\" content=\"Est. reading time\" \/>\n\t<meta name=\"twitter:data1\" content=\"1 minute\" \/>\n<script type=\"application\/ld+json\" class=\"yoast-schema-graph\">{\"@context\":\"https:\/\/schema.org\",\"@graph\":[{\"@type\":\"WebPage\",\"@id\":\"http:\/\/www.northhatley.org\/en\/regie\/\",\"url\":\"http:\/\/www.northhatley.org\/en\/regie\/\",\"name\":\"REGIE - Village de North Hatley\",\"isPartOf\":{\"@id\":\"https:\/\/www.northhatley.org\/fr\/#website\"},\"datePublished\":\"2024-08-08T18:22:29+00:00\",\"dateModified\":\"2024-08-08T18:31:34+00:00\",\"breadcrumb\":{\"@id\":\"http:\/\/www.northhatley.org\/en\/regie\/#breadcrumb\"},\"inLanguage\":\"en-US\",\"potentialAction\":[{\"@type\":\"ReadAction\",\"target\":[\"http:\/\/www.northhatley.org\/en\/regie\/\"]}]},{\"@type\":\"BreadcrumbList\",\"@id\":\"http:\/\/www.northhatley.org\/en\/regie\/#breadcrumb\",\"itemListElement\":[{\"@type\":\"ListItem\",\"position\":1,\"name\":\"Home\",\"item\":\"https:\/\/www.northhatley.org\/en\/\"},{\"@type\":\"ListItem\",\"position\":2,\"name\":\"REGIE\"}]},{\"@type\":\"WebSite\",\"@id\":\"https:\/\/www.northhatley.org\/fr\/#website\",\"url\":\"https:\/\/www.northhatley.org\/fr\/\",\"name\":\"Village de North Hatley\",\"description\":\"Village of North Hatley\",\"publisher\":{\"@id\":\"https:\/\/www.northhatley.org\/fr\/#organization\"},\"potentialAction\":[{\"@type\":\"SearchAction\",\"target\":{\"@type\":\"EntryPoint\",\"urlTemplate\":\"https:\/\/www.northhatley.org\/fr\/?s={search_term_string}\"},\"query-input\":{\"@type\":\"PropertyValueSpecification\",\"valueRequired\":true,\"valueName\":\"search_term_string\"}}],\"inLanguage\":\"en-US\"},{\"@type\":\"Organization\",\"@id\":\"https:\/\/www.northhatley.org\/fr\/#organization\",\"name\":\"MUNICIPALIT\u00c9 DU VILLAGE DE NORTH HATLE\",\"url\":\"https:\/\/www.northhatley.org\/fr\/\",\"logo\":{\"@type\":\"ImageObject\",\"inLanguage\":\"en-US\",\"@id\":\"https:\/\/www.northhatley.org\/fr\/#\/schema\/logo\/image\/\",\"url\":\"https:\/\/www.northhatley.org\/wp-content\/uploads\/2016\/06\/Logo-North-Hatley.jpg\",\"contentUrl\":\"https:\/\/www.northhatley.org\/wp-content\/uploads\/2016\/06\/Logo-North-Hatley.jpg\",\"width\":127,\"height\":164,\"caption\":\"MUNICIPALIT\u00c9 DU VILLAGE DE NORTH HATLE\"},\"image\":{\"@id\":\"https:\/\/www.northhatley.org\/fr\/#\/schema\/logo\/image\/\"}}]}<\/script>\n<!-- \/ Yoast SEO plugin. -->","yoast_head_json":{"title":"REGIE - Village de North Hatley","robots":{"index":"index","follow":"follow","max-snippet":"max-snippet:-1","max-image-preview":"max-image-preview:large","max-video-preview":"max-video-preview:-1"},"canonical":"http:\/\/www.northhatley.org\/en\/regie\/","og_locale":"en_US","og_type":"article","og_title":"REGIE - Village de North Hatley","og_description":"The Municipality of the Village of North Hatley is associated with various r\u00e9gies to provide services to the population. Click on the links to access information on each of the r\u00e9gies .","og_url":"http:\/\/www.northhatley.org\/en\/regie\/","og_site_name":"Village de North Hatley","article_modified_time":"2024-08-08T18:31:34+00:00","twitter_misc":{"Est. reading time":"1 minute"},"schema":{"@context":"https:\/\/schema.org","@graph":[{"@type":"WebPage","@id":"http:\/\/www.northhatley.org\/en\/regie\/","url":"http:\/\/www.northhatley.org\/en\/regie\/","name":"REGIE - Village de North Hatley","isPartOf":{"@id":"https:\/\/www.northhatley.org\/fr\/#website"},"datePublished":"2024-08-08T18:22:29+00:00","dateModified":"2024-08-08T18:31:34+00:00","breadcrumb":{"@id":"http:\/\/www.northhatley.org\/en\/regie\/#breadcrumb"},"inLanguage":"en-US","potentialAction":[{"@type":"ReadAction","target":["http:\/\/www.northhatley.org\/en\/regie\/"]}]},{"@type":"BreadcrumbList","@id":"http:\/\/www.northhatley.org\/en\/regie\/#breadcrumb","itemListElement":[{"@type":"ListItem","position":1,"name":"Home","item":"https:\/\/www.northhatley.org\/en\/"},{"@type":"ListItem","position":2,"name":"REGIE"}]},{"@type":"WebSite","@id":"https:\/\/www.northhatley.org\/fr\/#website","url":"https:\/\/www.northhatley.org\/fr\/","name":"Village de North Hatley","description":"Village of North Hatley","publisher":{"@id":"https:\/\/www.northhatley.org\/fr\/#organization"},"potentialAction":[{"@type":"SearchAction","target":{"@type":"EntryPoint","urlTemplate":"https:\/\/www.northhatley.org\/fr\/?s={search_term_string}"},"query-input":{"@type":"PropertyValueSpecification","valueRequired":true,"valueName":"search_term_string"}}],"inLanguage":"en-US"},{"@type":"Organization","@id":"https:\/\/www.northhatley.org\/fr\/#organization","name":"MUNICIPALIT\u00c9 DU VILLAGE DE NORTH HATLE","url":"https:\/\/www.northhatley.org\/fr\/","logo":{"@type":"ImageObject","inLanguage":"en-US","@id":"https:\/\/www.northhatley.org\/fr\/#\/schema\/logo\/image\/","url":"https:\/\/www.northhatley.org\/wp-content\/uploads\/2016\/06\/Logo-North-Hatley.jpg","contentUrl":"https:\/\/www.northhatley.org\/wp-content\/uploads\/2016\/06\/Logo-North-Hatley.jpg","width":127,"height":164,"caption":"MUNICIPALIT\u00c9 DU VILLAGE DE NORTH HATLE"},"image":{"@id":"https:\/\/www.northhatley.org\/fr\/#\/schema\/logo\/image\/"}}]}},"_links":{"self":[{"href":"http:\/\/www.northhatley.org\/en\/wp-json\/wp\/v2\/pages\/9807","targetHints":{"allow":["GET"]}}],"collection":[{"href":"http:\/\/www.northhatley.org\/en\/wp-json\/wp\/v2\/pages"}],"about":[{"href":"http:\/\/www.northhatley.org\/en\/wp-json\/wp\/v2\/types\/page"}],"author":[{"embeddable":true,"href":"http:\/\/www.northhatley.org\/en\/wp-json\/wp\/v2\/users\/4"}],"replies":[{"embeddable":true,"href":"http:\/\/www.northhatley.org\/en\/wp-json\/wp\/v2\/comments?post=9807"}],"version-history":[{"count":5,"href":"http:\/\/www.northhatley.org\/en\/wp-json\/wp\/v2\/pages\/9807\/revisions"}],"predecessor-version":[{"id":13533,"href":"http:\/\/www.northhatley.org\/en\/wp-json\/wp\/v2\/pages\/9807\/revisions\/13533"}],"wp:attachment":[{"href":"http:\/\/www.northhatley.org\/en\/wp-json\/wp\/v2\/media?parent=9807"}],"curies":[{"name":"wp","href":"https:\/\/api.w.org\/{rel}","templated":true}]}}