{"id":850,"date":"2014-06-20T18:49:29","date_gmt":"2014-06-20T18:49:29","guid":{"rendered":"http:\/\/www.northhatley.org\/?page_id=850"},"modified":"2015-01-09T16:16:52","modified_gmt":"2015-01-09T21:16:52","slug":"compostable-materials","status":"publish","type":"page","link":"http:\/\/www.northhatley.org\/en\/municipality\/municipal-information\/garbage-recycling-composting\/compostable-materials\/","title":{"rendered":"Compostable Materials"},"content":{"rendered":"<h1><strong>What goes in the brown bin?<\/strong><\/h1>\n<ul>\n<li>Bark, wood chips, sawdust<\/li>\n<li>Cakes, cookies, candy<\/li>\n<li>Coffee grounds and filters, tea bags<\/li>\n<li>Dairy products, egg shells<\/li>\n<li>Feathers, hair<\/li>\n<li>Flowers, plants, weed herbs, roots, yard waste<\/li>\n<li>Fruit and vegetable trimmings<\/li>\n<li>Leaves, peat moss, garden soil<\/li>\n<li>Leftovers and out-of-date food<\/li>\n<li>Litter, feces of domestic animals<\/li>\n<li>Meat and fish leftovers<\/li>\n<li>Paper packaging for food products (bags, boxes, bins)<\/li>\n<li>Pasta, bread, cereals<\/li>\n<li>Used paper towels and handkerchiefs<\/li>\n<\/ul>\n<h3><strong>Things that do NOT go in the brown bin<\/strong><\/h3>\n<ul>\n<li>Absorbent pads used in meat packaging<\/li>\n<li>Cut grass<\/li>\n<li>Dryer lint<\/li>\n<li>Fabric softener sheets<\/li>\n<li>Fireplace or barbecue ashes<\/li>\n<li>Litter used to absorb oil<\/li>\n<li>Non OXO biodegradable plastic bags<\/li>\n<li>Plastic packaging, containers or platters<\/li>\n<li>Regular plastic bags (e.g. used for milk, groceries, garbage)<\/li>\n<li>Styrofoam<\/li>\n<li>Vacuum bags and their contents<\/li>\n<\/ul>\n<p>For more information, see the <a href=\"http:\/\/www.mrcmemphremagog.com\/pdf\/Guide\/Guide_gestion_matieres_residuelles.pdf\">\u201cGuide de gestion des mati\u00e8res r\u00e9siduelles de la MRC de Memphr\u00e9magog <\/a>(PDF in French only).<\/p>\n<p>&nbsp;<\/p>\n<p>&nbsp;<\/p>\n<p>&nbsp;<\/p>\n<p>&nbsp;<\/p>\n","protected":false},"excerpt":{"rendered":"<p>What goes in the brown bin? Bark, wood chips, sawdust Cakes, cookies, candy Coffee grounds and filters, tea bags Dairy products, egg shells Feathers, hair Flowers, plants, weed herbs, roots, yard waste Fruit and vegetable trimmings Leaves, peat moss, garden soil Leftovers and out-of-date food Litter, feces of domestic animals Meat and fish leftovers Paper<\/p>\n","protected":false},"author":2,"featured_media":0,"parent":398,"menu_order":1,"comment_status":"open","ping_status":"open","template":"","meta":{"_acf_changed":false,"footnotes":""},"class_list":["post-850","page","type-page","status-publish","hentry"],"acf":[],"yoast_head":"<!-- This site is optimized with the Yoast SEO plugin v24.3 - https:\/\/yoast.com\/wordpress\/plugins\/seo\/ -->\n<title>Compostable Materials - Village de North Hatley<\/title>\n<meta name=\"robots\" content=\"index, follow, max-snippet:-1, max-image-preview:large, max-video-preview:-1\" \/>\n<link rel=\"canonical\" href=\"http:\/\/www.northhatley.org\/en\/municipality\/municipal-information\/garbage-recycling-composting\/compostable-materials\/\" \/>\n<meta property=\"og:locale\" content=\"en_US\" \/>\n<meta property=\"og:type\" content=\"article\" \/>\n<meta property=\"og:title\" content=\"Compostable Materials - Village de North Hatley\" \/>\n<meta property=\"og:description\" content=\"What goes in the brown bin? Bark, wood chips, sawdust Cakes, cookies, candy Coffee grounds and filters, tea bags Dairy products, egg shells Feathers, hair Flowers, plants, weed herbs, roots, yard waste Fruit and vegetable trimmings Leaves, peat moss, garden soil Leftovers and out-of-date food Litter, feces of domestic animals Meat and fish leftovers Paper\" \/>\n<meta property=\"og:url\" content=\"http:\/\/www.northhatley.org\/en\/municipality\/municipal-information\/garbage-recycling-composting\/compostable-materials\/\" \/>\n<meta property=\"og:site_name\" content=\"Village de North Hatley\" \/>\n<meta property=\"article:modified_time\" content=\"2015-01-09T21:16:52+00:00\" \/>\n<meta name=\"twitter:label1\" content=\"Est. reading time\" \/>\n\t<meta name=\"twitter:data1\" content=\"1 minute\" \/>\n<script type=\"application\/ld+json\" class=\"yoast-schema-graph\">{\"@context\":\"https:\/\/schema.org\",\"@graph\":[{\"@type\":\"WebPage\",\"@id\":\"http:\/\/www.northhatley.org\/en\/municipality\/municipal-information\/garbage-recycling-composting\/compostable-materials\/\",\"url\":\"http:\/\/www.northhatley.org\/en\/municipality\/municipal-information\/garbage-recycling-composting\/compostable-materials\/\",\"name\":\"Compostable Materials - Village de North Hatley\",\"isPartOf\":{\"@id\":\"https:\/\/www.northhatley.org\/en\/#website\"},\"datePublished\":\"2014-06-20T18:49:29+00:00\",\"dateModified\":\"2015-01-09T21:16:52+00:00\",\"breadcrumb\":{\"@id\":\"http:\/\/www.northhatley.org\/en\/municipality\/municipal-information\/garbage-recycling-composting\/compostable-materials\/#breadcrumb\"},\"inLanguage\":\"en-US\",\"potentialAction\":[{\"@type\":\"ReadAction\",\"target\":[\"http:\/\/www.northhatley.org\/en\/municipality\/municipal-information\/garbage-recycling-composting\/compostable-materials\/\"]}]},{\"@type\":\"BreadcrumbList\",\"@id\":\"http:\/\/www.northhatley.org\/en\/municipality\/municipal-information\/garbage-recycling-composting\/compostable-materials\/#breadcrumb\",\"itemListElement\":[{\"@type\":\"ListItem\",\"position\":1,\"name\":\"Home\",\"item\":\"https:\/\/www.northhatley.org\/en\/\"},{\"@type\":\"ListItem\",\"position\":2,\"name\":\"Town Hall\",\"item\":\"http:\/\/www.northhatley.org\/en\/municipality\/\"},{\"@type\":\"ListItem\",\"position\":3,\"name\":\"General Information\",\"item\":\"http:\/\/www.northhatley.org\/en\/municipality\/municipal-information\/\"},{\"@type\":\"ListItem\",\"position\":4,\"name\":\"Garbage, Recycling and Composting\",\"item\":\"http:\/\/www.northhatley.org\/en\/municipality\/municipal-information\/garbage-recycling-composting\/\"},{\"@type\":\"ListItem\",\"position\":5,\"name\":\"Compostable Materials\"}]},{\"@type\":\"WebSite\",\"@id\":\"https:\/\/www.northhatley.org\/en\/#website\",\"url\":\"https:\/\/www.northhatley.org\/en\/\",\"name\":\"Village de North Hatley\",\"description\":\"Village of North Hatley\",\"publisher\":{\"@id\":\"https:\/\/www.northhatley.org\/en\/#organization\"},\"potentialAction\":[{\"@type\":\"SearchAction\",\"target\":{\"@type\":\"EntryPoint\",\"urlTemplate\":\"https:\/\/www.northhatley.org\/en\/?s={search_term_string}\"},\"query-input\":{\"@type\":\"PropertyValueSpecification\",\"valueRequired\":true,\"valueName\":\"search_term_string\"}}],\"inLanguage\":\"en-US\"},{\"@type\":\"Organization\",\"@id\":\"https:\/\/www.northhatley.org\/en\/#organization\",\"name\":\"MUNICIPALIT\u00c9 DU VILLAGE DE NORTH HATLE\",\"url\":\"https:\/\/www.northhatley.org\/en\/\",\"logo\":{\"@type\":\"ImageObject\",\"inLanguage\":\"en-US\",\"@id\":\"https:\/\/www.northhatley.org\/en\/#\/schema\/logo\/image\/\",\"url\":\"https:\/\/www.northhatley.org\/wp-content\/uploads\/2016\/06\/Logo-North-Hatley.jpg\",\"contentUrl\":\"https:\/\/www.northhatley.org\/wp-content\/uploads\/2016\/06\/Logo-North-Hatley.jpg\",\"width\":127,\"height\":164,\"caption\":\"MUNICIPALIT\u00c9 DU VILLAGE DE NORTH HATLE\"},\"image\":{\"@id\":\"https:\/\/www.northhatley.org\/en\/#\/schema\/logo\/image\/\"}}]}<\/script>\n<!-- \/ Yoast SEO plugin. -->","yoast_head_json":{"title":"Compostable Materials - Village de North Hatley","robots":{"index":"index","follow":"follow","max-snippet":"max-snippet:-1","max-image-preview":"max-image-preview:large","max-video-preview":"max-video-preview:-1"},"canonical":"http:\/\/www.northhatley.org\/en\/municipality\/municipal-information\/garbage-recycling-composting\/compostable-materials\/","og_locale":"en_US","og_type":"article","og_title":"Compostable Materials - Village de North Hatley","og_description":"What goes in the brown bin? Bark, wood chips, sawdust Cakes, cookies, candy Coffee grounds and filters, tea bags Dairy products, egg shells Feathers, hair Flowers, plants, weed herbs, roots, yard waste Fruit and vegetable trimmings Leaves, peat moss, garden soil Leftovers and out-of-date food Litter, feces of domestic animals Meat and fish leftovers Paper","og_url":"http:\/\/www.northhatley.org\/en\/municipality\/municipal-information\/garbage-recycling-composting\/compostable-materials\/","og_site_name":"Village de North Hatley","article_modified_time":"2015-01-09T21:16:52+00:00","twitter_misc":{"Est. reading time":"1 minute"},"schema":{"@context":"https:\/\/schema.org","@graph":[{"@type":"WebPage","@id":"http:\/\/www.northhatley.org\/en\/municipality\/municipal-information\/garbage-recycling-composting\/compostable-materials\/","url":"http:\/\/www.northhatley.org\/en\/municipality\/municipal-information\/garbage-recycling-composting\/compostable-materials\/","name":"Compostable Materials - Village de North Hatley","isPartOf":{"@id":"https:\/\/www.northhatley.org\/en\/#website"},"datePublished":"2014-06-20T18:49:29+00:00","dateModified":"2015-01-09T21:16:52+00:00","breadcrumb":{"@id":"http:\/\/www.northhatley.org\/en\/municipality\/municipal-information\/garbage-recycling-composting\/compostable-materials\/#breadcrumb"},"inLanguage":"en-US","potentialAction":[{"@type":"ReadAction","target":["http:\/\/www.northhatley.org\/en\/municipality\/municipal-information\/garbage-recycling-composting\/compostable-materials\/"]}]},{"@type":"BreadcrumbList","@id":"http:\/\/www.northhatley.org\/en\/municipality\/municipal-information\/garbage-recycling-composting\/compostable-materials\/#breadcrumb","itemListElement":[{"@type":"ListItem","position":1,"name":"Home","item":"https:\/\/www.northhatley.org\/en\/"},{"@type":"ListItem","position":2,"name":"Town Hall","item":"http:\/\/www.northhatley.org\/en\/municipality\/"},{"@type":"ListItem","position":3,"name":"General Information","item":"http:\/\/www.northhatley.org\/en\/municipality\/municipal-information\/"},{"@type":"ListItem","position":4,"name":"Garbage, Recycling and Composting","item":"http:\/\/www.northhatley.org\/en\/municipality\/municipal-information\/garbage-recycling-composting\/"},{"@type":"ListItem","position":5,"name":"Compostable Materials"}]},{"@type":"WebSite","@id":"https:\/\/www.northhatley.org\/en\/#website","url":"https:\/\/www.northhatley.org\/en\/","name":"Village de North Hatley","description":"Village of North Hatley","publisher":{"@id":"https:\/\/www.northhatley.org\/en\/#organization"},"potentialAction":[{"@type":"SearchAction","target":{"@type":"EntryPoint","urlTemplate":"https:\/\/www.northhatley.org\/en\/?s={search_term_string}"},"query-input":{"@type":"PropertyValueSpecification","valueRequired":true,"valueName":"search_term_string"}}],"inLanguage":"en-US"},{"@type":"Organization","@id":"https:\/\/www.northhatley.org\/en\/#organization","name":"MUNICIPALIT\u00c9 DU VILLAGE DE NORTH HATLE","url":"https:\/\/www.northhatley.org\/en\/","logo":{"@type":"ImageObject","inLanguage":"en-US","@id":"https:\/\/www.northhatley.org\/en\/#\/schema\/logo\/image\/","url":"https:\/\/www.northhatley.org\/wp-content\/uploads\/2016\/06\/Logo-North-Hatley.jpg","contentUrl":"https:\/\/www.northhatley.org\/wp-content\/uploads\/2016\/06\/Logo-North-Hatley.jpg","width":127,"height":164,"caption":"MUNICIPALIT\u00c9 DU VILLAGE DE NORTH HATLE"},"image":{"@id":"https:\/\/www.northhatley.org\/en\/#\/schema\/logo\/image\/"}}]}},"_links":{"self":[{"href":"http:\/\/www.northhatley.org\/en\/wp-json\/wp\/v2\/pages\/850","targetHints":{"allow":["GET"]}}],"collection":[{"href":"http:\/\/www.northhatley.org\/en\/wp-json\/wp\/v2\/pages"}],"about":[{"href":"http:\/\/www.northhatley.org\/en\/wp-json\/wp\/v2\/types\/page"}],"author":[{"embeddable":true,"href":"http:\/\/www.northhatley.org\/en\/wp-json\/wp\/v2\/users\/2"}],"replies":[{"embeddable":true,"href":"http:\/\/www.northhatley.org\/en\/wp-json\/wp\/v2\/comments?post=850"}],"version-history":[{"count":13,"href":"http:\/\/www.northhatley.org\/en\/wp-json\/wp\/v2\/pages\/850\/revisions"}],"predecessor-version":[{"id":3536,"href":"http:\/\/www.northhatley.org\/en\/wp-json\/wp\/v2\/pages\/850\/revisions\/3536"}],"up":[{"embeddable":true,"href":"http:\/\/www.northhatley.org\/en\/wp-json\/wp\/v2\/pages\/398"}],"wp:attachment":[{"href":"http:\/\/www.northhatley.org\/en\/wp-json\/wp\/v2\/media?parent=850"}],"curies":[{"name":"wp","href":"https:\/\/api.w.org\/{rel}","templated":true}]}}