{"id":5395,"date":"2017-09-20T08:41:43","date_gmt":"2017-09-20T12:41:43","guid":{"rendered":"http:\/\/www.northhatley.org\/municipality\/elections\/elections-emplois\/"},"modified":"2022-11-19T09:41:47","modified_gmt":"2022-11-19T14:41:47","slug":"elections-recruitment","status":"publish","type":"page","link":"http:\/\/www.northhatley.org\/en\/elections-recruitment\/","title":{"rendered":"ELECTIONS &#8211; RECRUITMENT"},"content":{"rendered":"<div class=\"wpb-content-wrapper\"><p>There are several positions available for the December 4th 2022 elections.<\/p>\n<ul>\n<li>Deputy returning officer\u00a0(6 in total)<\/li>\n<li>Poll clerks (6 in total)<\/li>\n<li>Reception Officer<\/li>\n<li>Officer in Charge of Information and Order<\/li>\n<li>Parking lot attendant<\/li>\n<\/ul>\n<p>The work is paid and varies according to the position held. Please contact Bruno B\u00e9lisle at 819 842-2754 ext. 222 for more information.<\/p>\n<p>A training session (paid) for the election staff will take place during the week of November 21 to 25 2022.<\/p>\n<p>&nbsp;<\/p>\n<p>[vc_row][\/vc_row][vc_row][vc_column][vc_column_text]\n<div class=\"wpcf7 no-js\" id=\"wpcf7-f5232-o1\" lang=\"en-US\" dir=\"ltr\" data-wpcf7-id=\"5232\">\n<div class=\"screen-reader-response\"><p role=\"status\" aria-live=\"polite\" aria-atomic=\"true\"><\/p> <ul><\/ul><\/div>\n<form action=\"\/en\/wp-json\/wp\/v2\/pages\/5395#wpcf7-f5232-o1\" method=\"post\" class=\"wpcf7-form init\" aria-label=\"Contact form\" novalidate=\"novalidate\" data-status=\"init\">\n<div style=\"display: none;\">\n<input type=\"hidden\" name=\"_wpcf7\" value=\"5232\" \/>\n<input type=\"hidden\" name=\"_wpcf7_version\" value=\"6.0.3\" \/>\n<input type=\"hidden\" name=\"_wpcf7_locale\" value=\"en_US\" \/>\n<input type=\"hidden\" name=\"_wpcf7_unit_tag\" value=\"wpcf7-f5232-o1\" \/>\n<input type=\"hidden\" name=\"_wpcf7_container_post\" value=\"0\" \/>\n<input type=\"hidden\" name=\"_wpcf7_posted_data_hash\" value=\"\" \/>\n<\/div>\n<p><label> Nom \/ Name, Pr\u00e9nom \/ First Name (obligatoire \/ required) :<br \/>\n<span class=\"wpcf7-form-control-wrap\" data-name=\"your-name\"><input size=\"40\" maxlength=\"400\" class=\"wpcf7-form-control wpcf7-text wpcf7-validates-as-required\" aria-required=\"true\" aria-invalid=\"false\" value=\"\" type=\"text\" name=\"your-name\" \/><\/span> <\/label>\n<\/p>\n<p><label> Adresse \/ Adress (obligatoire \/ required):<br \/>\n<span class=\"wpcf7-form-control-wrap\" data-name=\"Adresse_Adress\"><input size=\"40\" maxlength=\"400\" class=\"wpcf7-form-control wpcf7-text wpcf7-validates-as-required\" aria-required=\"true\" aria-invalid=\"false\" value=\"\" type=\"text\" name=\"Adresse_Adress\" \/><\/span> <\/label>\n<\/p>\n<p><label> Ville \/ Town (obligatoire \/ required) :<br \/>\n<span class=\"wpcf7-form-control-wrap\" data-name=\"ville\"><input size=\"40\" maxlength=\"400\" class=\"wpcf7-form-control wpcf7-text wpcf7-validates-as-required\" aria-required=\"true\" aria-invalid=\"false\" value=\"\" type=\"text\" name=\"ville\" \/><\/span> <\/label>\n<\/p>\n<p><label> Code postal \/ Postal code :<br \/>\n<span class=\"wpcf7-form-control-wrap\" data-name=\"code_postal\"><input size=\"40\" maxlength=\"400\" class=\"wpcf7-form-control wpcf7-text wpcf7-validates-as-required\" aria-required=\"true\" aria-invalid=\"false\" value=\"\" type=\"text\" name=\"code_postal\" \/><\/span> <\/label>\n<\/p>\n<p><label> T\u00e9l\u00e9phone jour \/ Phone day (obligatoire \/ required) :<br \/>\n<span class=\"wpcf7-form-control-wrap\" data-name=\"tel-775\"><input size=\"40\" maxlength=\"400\" class=\"wpcf7-form-control wpcf7-tel wpcf7-validates-as-required wpcf7-text wpcf7-validates-as-tel\" aria-required=\"true\" aria-invalid=\"false\" value=\"\" type=\"tel\" name=\"tel-775\" \/><\/span><\/label>\n<\/p>\n<p><label> T\u00e9l\u00e9phone soir \/ Phone evening :<br \/>\n<span class=\"wpcf7-form-control-wrap\" data-name=\"tel-848\"><input size=\"40\" maxlength=\"400\" class=\"wpcf7-form-control wpcf7-tel wpcf7-validates-as-required wpcf7-text wpcf7-validates-as-tel\" aria-required=\"true\" aria-invalid=\"false\" value=\"\" type=\"tel\" name=\"tel-848\" \/><\/span> <\/label>\n<\/p>\n<p><label> Courriel \/ Mail adress (obligatoire \/ required)<br \/>\n<span class=\"wpcf7-form-control-wrap\" data-name=\"your-email\"><input size=\"40\" maxlength=\"400\" class=\"wpcf7-form-control wpcf7-email wpcf7-validates-as-required wpcf7-text wpcf7-validates-as-email\" aria-required=\"true\" aria-invalid=\"false\" value=\"\" type=\"email\" name=\"your-email\" \/><\/span> <\/label>\n<\/p>\n<p>Date de naissance \/ Birthdate : (obligatoire \/ required)<br \/>\n<span class=\"wpcf7-form-control-wrap\" data-name=\"date-584\"><input class=\"wpcf7-form-control wpcf7-date wpcf7-validates-as-required wpcf7-validates-as-date\" aria-required=\"true\" aria-invalid=\"false\" placeholder=\"(999) 999-9999\" value=\"\" type=\"date\" name=\"date-584\" \/><\/span>\n<\/p>\n<p>Exp\u00e9rience aux \u00e9lections ?<br \/>\n<span class=\"wpcf7-form-control-wrap\" data-name=\"radio-22\"><span class=\"wpcf7-form-control wpcf7-radio\"><span class=\"wpcf7-list-item first\"><label><input type=\"radio\" name=\"radio-22\" value=\"OUI \/ YES\" \/><span class=\"wpcf7-list-item-label\">OUI \/ YES<\/span><\/label><\/span><span class=\"wpcf7-list-item last\"><label><input type=\"radio\" name=\"radio-22\" value=\"NON \/ NO\" \/><span class=\"wpcf7-list-item-label\">NON \/ NO<\/span><\/label><\/span><\/span><\/span>\n<\/p>\n<p>Poste convoit\u00e9 \/ desired position<br \/>\n<span class=\"wpcf7-form-control-wrap\" data-name=\"checkbox-267\"><span class=\"wpcf7-form-control wpcf7-checkbox\"><span class=\"wpcf7-list-item first\"><label><span class=\"wpcf7-list-item-label\">N&#039;importe quel poste\/any job<\/span><input type=\"checkbox\" name=\"checkbox-267[]\" value=\"N&#039;importe quel poste\/any job\" \/><\/label><\/span><span class=\"wpcf7-list-item\"><label><span class=\"wpcf7-list-item-label\">Scrutateurs\/deputy returning officer<\/span><input type=\"checkbox\" name=\"checkbox-267[]\" value=\"Scrutateurs\/deputy returning officer\" \/><\/label><\/span><span class=\"wpcf7-list-item\"><label><span class=\"wpcf7-list-item-label\">Secr\u00e9taire de bureau de vote\/Poll clerck<\/span><input type=\"checkbox\" name=\"checkbox-267[]\" value=\"Secr\u00e9taire de bureau de vote\/Poll clerck\" \/><\/label><\/span><span class=\"wpcf7-list-item\"><label><span class=\"wpcf7-list-item-label\">PRIMO\/Officer in charge of information and ordre<\/span><input type=\"checkbox\" name=\"checkbox-267[]\" value=\"PRIMO\/Officer in charge of information and ordre\" \/><\/label><\/span><span class=\"wpcf7-list-item last\"><label><span class=\"wpcf7-list-item-label\">Pr\u00e9pos\u00e9 \u00e0 l&#039;accueil\/reception officer<\/span><input type=\"checkbox\" name=\"checkbox-267[]\" value=\"Pr\u00e9pos\u00e9 \u00e0 l&#039;accueil\/reception officer\" \/><\/label><\/span><\/span><\/span>\n<\/p>\n<p>Disponibilit\u00e9 \/ Availability<br \/>\n<span class=\"wpcf7-form-control-wrap\" data-name=\"menu-312\"><select class=\"wpcf7-form-control wpcf7-select wpcf7-validates-as-required\" aria-required=\"true\" aria-invalid=\"false\" name=\"menu-312\"><option value=\"\">&#8212;Please choose an option&#8212;<\/option><option value=\"Vote par anticipation\/Advanced poll (27 novembre 2022)\">Vote par anticipation\/Advanced poll (27 novembre 2022)<\/option><option value=\"Jour du scrutin \/ Poll day (4 d\u00e9cembre 2022)\">Jour du scrutin \/ Poll day (4 d\u00e9cembre 2022)<\/option><option value=\"Les 2 journ\u00e9es\">Les 2 journ\u00e9es<\/option><\/select><\/span>\n<\/p>\n<p><label> Autre information \/ Other information :<br \/>\n<span class=\"wpcf7-form-control-wrap\" data-name=\"your-message\"><textarea cols=\"40\" rows=\"10\" maxlength=\"2000\" class=\"wpcf7-form-control wpcf7-textarea\" aria-invalid=\"false\" name=\"your-message\"><\/textarea><\/span> <\/label>\n<\/p>\n<p><input class=\"wpcf7-form-control wpcf7-submit has-spinner\" type=\"submit\" value=\"Envoyer \/ Send\" \/>\n<\/p><input type='hidden' class='wpcf7-pum' value='{\"closepopup\":false,\"closedelay\":0,\"openpopup\":false,\"openpopup_id\":0}' \/><div class=\"wpcf7-response-output\" aria-hidden=\"true\"><\/div>\n<\/form>\n<\/div>\n[\/vc_column_text][\/vc_column][\/vc_row]<\/p>\n<\/div>","protected":false},"excerpt":{"rendered":"<p>There are several positions available for the December 4th 2022 elections. Deputy returning officer\u00a0(6 in total) Poll clerks (6 in total) Reception Officer Officer in Charge of Information and Order Parking lot attendant The work is paid and varies according to the position held. Please contact Bruno B\u00e9lisle at 819 842-2754 ext. 222 for more<\/p>\n","protected":false},"author":4,"featured_media":0,"parent":0,"menu_order":0,"comment_status":"closed","ping_status":"closed","template":"","meta":{"_acf_changed":false,"footnotes":""},"class_list":["post-5395","page","type-page","status-publish","hentry"],"acf":[],"yoast_head":"<!-- This site is optimized with the Yoast SEO plugin v24.3 - https:\/\/yoast.com\/wordpress\/plugins\/seo\/ -->\n<title>ELECTIONS - RECRUITMENT - Village de North Hatley<\/title>\n<meta name=\"robots\" content=\"index, follow, max-snippet:-1, max-image-preview:large, max-video-preview:-1\" \/>\n<link rel=\"canonical\" href=\"http:\/\/www.northhatley.org\/en\/elections-recruitment\/\" \/>\n<meta property=\"og:locale\" content=\"en_US\" \/>\n<meta property=\"og:type\" content=\"article\" \/>\n<meta property=\"og:title\" content=\"ELECTIONS - RECRUITMENT - Village de North Hatley\" \/>\n<meta property=\"og:description\" content=\"There are several positions available for the December 4th 2022 elections. Deputy returning officer\u00a0(6 in total) Poll clerks (6 in total) Reception Officer Officer in Charge of Information and Order Parking lot attendant The work is paid and varies according to the position held. Please contact Bruno B\u00e9lisle at 819 842-2754 ext. 222 for more\" \/>\n<meta property=\"og:url\" content=\"http:\/\/www.northhatley.org\/en\/elections-recruitment\/\" \/>\n<meta property=\"og:site_name\" content=\"Village de North Hatley\" \/>\n<meta property=\"article:modified_time\" content=\"2022-11-19T14:41:47+00:00\" \/>\n<meta name=\"twitter:label1\" content=\"Est. reading time\" \/>\n\t<meta name=\"twitter:data1\" content=\"1 minute\" \/>\n<script type=\"application\/ld+json\" class=\"yoast-schema-graph\">{\"@context\":\"https:\/\/schema.org\",\"@graph\":[{\"@type\":\"WebPage\",\"@id\":\"http:\/\/www.northhatley.org\/en\/elections-recruitment\/\",\"url\":\"http:\/\/www.northhatley.org\/en\/elections-recruitment\/\",\"name\":\"ELECTIONS - RECRUITMENT - Village de North Hatley\",\"isPartOf\":{\"@id\":\"http:\/\/www.northhatley.org\/fr\/#website\"},\"datePublished\":\"2017-09-20T12:41:43+00:00\",\"dateModified\":\"2022-11-19T14:41:47+00:00\",\"breadcrumb\":{\"@id\":\"http:\/\/www.northhatley.org\/en\/elections-recruitment\/#breadcrumb\"},\"inLanguage\":\"en-US\",\"potentialAction\":[{\"@type\":\"ReadAction\",\"target\":[\"http:\/\/www.northhatley.org\/en\/elections-recruitment\/\"]}]},{\"@type\":\"BreadcrumbList\",\"@id\":\"http:\/\/www.northhatley.org\/en\/elections-recruitment\/#breadcrumb\",\"itemListElement\":[{\"@type\":\"ListItem\",\"position\":1,\"name\":\"Home\",\"item\":\"http:\/\/www.northhatley.org\/en\/\"},{\"@type\":\"ListItem\",\"position\":2,\"name\":\"ELECTIONS &#8211; RECRUITMENT\"}]},{\"@type\":\"WebSite\",\"@id\":\"http:\/\/www.northhatley.org\/fr\/#website\",\"url\":\"http:\/\/www.northhatley.org\/fr\/\",\"name\":\"Village de North Hatley\",\"description\":\"Village of North Hatley\",\"publisher\":{\"@id\":\"http:\/\/www.northhatley.org\/fr\/#organization\"},\"potentialAction\":[{\"@type\":\"SearchAction\",\"target\":{\"@type\":\"EntryPoint\",\"urlTemplate\":\"http:\/\/www.northhatley.org\/fr\/?s={search_term_string}\"},\"query-input\":{\"@type\":\"PropertyValueSpecification\",\"valueRequired\":true,\"valueName\":\"search_term_string\"}}],\"inLanguage\":\"en-US\"},{\"@type\":\"Organization\",\"@id\":\"http:\/\/www.northhatley.org\/fr\/#organization\",\"name\":\"MUNICIPALIT\u00c9 DU VILLAGE DE NORTH HATLE\",\"url\":\"http:\/\/www.northhatley.org\/fr\/\",\"logo\":{\"@type\":\"ImageObject\",\"inLanguage\":\"en-US\",\"@id\":\"http:\/\/www.northhatley.org\/fr\/#\/schema\/logo\/image\/\",\"url\":\"https:\/\/www.northhatley.org\/wp-content\/uploads\/2016\/06\/Logo-North-Hatley.jpg\",\"contentUrl\":\"https:\/\/www.northhatley.org\/wp-content\/uploads\/2016\/06\/Logo-North-Hatley.jpg\",\"width\":127,\"height\":164,\"caption\":\"MUNICIPALIT\u00c9 DU VILLAGE DE NORTH HATLE\"},\"image\":{\"@id\":\"http:\/\/www.northhatley.org\/fr\/#\/schema\/logo\/image\/\"}}]}<\/script>\n<!-- \/ Yoast SEO plugin. -->","yoast_head_json":{"title":"ELECTIONS - RECRUITMENT - Village de North Hatley","robots":{"index":"index","follow":"follow","max-snippet":"max-snippet:-1","max-image-preview":"max-image-preview:large","max-video-preview":"max-video-preview:-1"},"canonical":"http:\/\/www.northhatley.org\/en\/elections-recruitment\/","og_locale":"en_US","og_type":"article","og_title":"ELECTIONS - RECRUITMENT - Village de North Hatley","og_description":"There are several positions available for the December 4th 2022 elections. Deputy returning officer\u00a0(6 in total) Poll clerks (6 in total) Reception Officer Officer in Charge of Information and Order Parking lot attendant The work is paid and varies according to the position held. Please contact Bruno B\u00e9lisle at 819 842-2754 ext. 222 for more","og_url":"http:\/\/www.northhatley.org\/en\/elections-recruitment\/","og_site_name":"Village de North Hatley","article_modified_time":"2022-11-19T14:41:47+00:00","twitter_misc":{"Est. reading time":"1 minute"},"schema":{"@context":"https:\/\/schema.org","@graph":[{"@type":"WebPage","@id":"http:\/\/www.northhatley.org\/en\/elections-recruitment\/","url":"http:\/\/www.northhatley.org\/en\/elections-recruitment\/","name":"ELECTIONS - RECRUITMENT - Village de North Hatley","isPartOf":{"@id":"http:\/\/www.northhatley.org\/fr\/#website"},"datePublished":"2017-09-20T12:41:43+00:00","dateModified":"2022-11-19T14:41:47+00:00","breadcrumb":{"@id":"http:\/\/www.northhatley.org\/en\/elections-recruitment\/#breadcrumb"},"inLanguage":"en-US","potentialAction":[{"@type":"ReadAction","target":["http:\/\/www.northhatley.org\/en\/elections-recruitment\/"]}]},{"@type":"BreadcrumbList","@id":"http:\/\/www.northhatley.org\/en\/elections-recruitment\/#breadcrumb","itemListElement":[{"@type":"ListItem","position":1,"name":"Home","item":"http:\/\/www.northhatley.org\/en\/"},{"@type":"ListItem","position":2,"name":"ELECTIONS &#8211; RECRUITMENT"}]},{"@type":"WebSite","@id":"http:\/\/www.northhatley.org\/fr\/#website","url":"http:\/\/www.northhatley.org\/fr\/","name":"Village de North Hatley","description":"Village of North Hatley","publisher":{"@id":"http:\/\/www.northhatley.org\/fr\/#organization"},"potentialAction":[{"@type":"SearchAction","target":{"@type":"EntryPoint","urlTemplate":"http:\/\/www.northhatley.org\/fr\/?s={search_term_string}"},"query-input":{"@type":"PropertyValueSpecification","valueRequired":true,"valueName":"search_term_string"}}],"inLanguage":"en-US"},{"@type":"Organization","@id":"http:\/\/www.northhatley.org\/fr\/#organization","name":"MUNICIPALIT\u00c9 DU VILLAGE DE NORTH HATLE","url":"http:\/\/www.northhatley.org\/fr\/","logo":{"@type":"ImageObject","inLanguage":"en-US","@id":"http:\/\/www.northhatley.org\/fr\/#\/schema\/logo\/image\/","url":"https:\/\/www.northhatley.org\/wp-content\/uploads\/2016\/06\/Logo-North-Hatley.jpg","contentUrl":"https:\/\/www.northhatley.org\/wp-content\/uploads\/2016\/06\/Logo-North-Hatley.jpg","width":127,"height":164,"caption":"MUNICIPALIT\u00c9 DU VILLAGE DE NORTH HATLE"},"image":{"@id":"http:\/\/www.northhatley.org\/fr\/#\/schema\/logo\/image\/"}}]}},"_links":{"self":[{"href":"http:\/\/www.northhatley.org\/en\/wp-json\/wp\/v2\/pages\/5395","targetHints":{"allow":["GET"]}}],"collection":[{"href":"http:\/\/www.northhatley.org\/en\/wp-json\/wp\/v2\/pages"}],"about":[{"href":"http:\/\/www.northhatley.org\/en\/wp-json\/wp\/v2\/types\/page"}],"author":[{"embeddable":true,"href":"http:\/\/www.northhatley.org\/en\/wp-json\/wp\/v2\/users\/4"}],"replies":[{"embeddable":true,"href":"http:\/\/www.northhatley.org\/en\/wp-json\/wp\/v2\/comments?post=5395"}],"version-history":[{"count":8,"href":"http:\/\/www.northhatley.org\/en\/wp-json\/wp\/v2\/pages\/5395\/revisions"}],"predecessor-version":[{"id":11551,"href":"http:\/\/www.northhatley.org\/en\/wp-json\/wp\/v2\/pages\/5395\/revisions\/11551"}],"wp:attachment":[{"href":"http:\/\/www.northhatley.org\/en\/wp-json\/wp\/v2\/media?parent=5395"}],"curies":[{"name":"wp","href":"https:\/\/api.w.org\/{rel}","templated":true}]}}