{"id":3188,"date":"2014-11-14T16:41:30","date_gmt":"2014-11-14T21:41:30","guid":{"rendered":"http:\/\/www.northhatley.org\/?page_id=3188"},"modified":"2021-02-11T14:04:53","modified_gmt":"2021-02-11T19:04:53","slug":"important-telephone-numbers","status":"publish","type":"page","link":"http:\/\/www.northhatley.org\/en\/municipality\/municipal-information\/important-telephone-numbers\/","title":{"rendered":"Important Telephone Numbers"},"content":{"rendered":"<h1>Important Telephone Numbers<\/h1>\n<p><strong>Town Hall (Administration &amp; Public Works)<\/strong><br \/>\n819 842-2754 or 1 877 842-2754<\/p>\n<p><strong>The RIPPIME (Fire Department)<\/strong><br \/>\n819 838-5877 poste 204 or <span style=\"color: #ff0000;\"><strong>9-1-1 (emergency)<\/strong><\/span><\/p>\n<p><strong>The S\u00fbret\u00e9 du Qu\u00e9bec (Police)<\/strong><br \/>\n310-4141 (on-call emergency service)<br \/>\nor 9-1-1 (emergency)<\/p>\n<p><strong>Emergency Civil Security Services<\/strong><br \/>\n(flooding, landslides, etc.)<br \/>\n1 866 776-8345 (24\/7)<\/p>\n<p><strong>The Eastern Townships Animal Protection Services<\/strong><br \/>\n819 821-4727<\/p>\n<p><strong>The Minist\u00e8re des for\u00eats, de la faune et des parcs<\/strong><br \/>\n1 877 346-6763<\/p>\n<p><strong>Services Qu\u00e9bec<\/strong><br \/>\n1 877 644-4545 (#4 programs)<\/p>\n","protected":false},"excerpt":{"rendered":"<p>Important Telephone Numbers Town Hall (Administration &amp; Public Works) 819 842-2754 or 1 877 842-2754 The RIPPIME (Fire Department) 819 838-5877 poste 204 or 9-1-1 (emergency) The S\u00fbret\u00e9 du Qu\u00e9bec (Police) 310-4141 (on-call emergency service) or 9-1-1 (emergency) Emergency Civil Security Services (flooding, landslides, etc.) 1 866 776-8345 (24\/7) The Eastern Townships Animal Protection Services<\/p>\n","protected":false},"author":2,"featured_media":0,"parent":27,"menu_order":0,"comment_status":"open","ping_status":"open","template":"","meta":{"_acf_changed":false,"footnotes":""},"class_list":["post-3188","page","type-page","status-publish","hentry"],"acf":[],"yoast_head":"<!-- This site is optimized with the Yoast SEO plugin v24.3 - https:\/\/yoast.com\/wordpress\/plugins\/seo\/ -->\n<title>Important Telephone Numbers - Village de North Hatley<\/title>\n<meta name=\"robots\" content=\"index, follow, max-snippet:-1, max-image-preview:large, max-video-preview:-1\" \/>\n<link rel=\"canonical\" href=\"http:\/\/www.northhatley.org\/en\/municipality\/municipal-information\/important-telephone-numbers\/\" \/>\n<meta property=\"og:locale\" content=\"en_US\" \/>\n<meta property=\"og:type\" content=\"article\" \/>\n<meta property=\"og:title\" content=\"Important Telephone Numbers - Village de North Hatley\" \/>\n<meta property=\"og:description\" content=\"Important Telephone Numbers Town Hall (Administration &amp; Public Works) 819 842-2754 or 1 877 842-2754 The RIPPIME (Fire Department) 819 838-5877 poste 204 or 9-1-1 (emergency) The S\u00fbret\u00e9 du Qu\u00e9bec (Police) 310-4141 (on-call emergency service) or 9-1-1 (emergency) Emergency Civil Security Services (flooding, landslides, etc.) 1 866 776-8345 (24\/7) The Eastern Townships Animal Protection Services\" \/>\n<meta property=\"og:url\" content=\"http:\/\/www.northhatley.org\/en\/municipality\/municipal-information\/important-telephone-numbers\/\" \/>\n<meta property=\"og:site_name\" content=\"Village de North Hatley\" \/>\n<meta property=\"article:modified_time\" content=\"2021-02-11T19:04:53+00:00\" \/>\n<script type=\"application\/ld+json\" class=\"yoast-schema-graph\">{\"@context\":\"https:\/\/schema.org\",\"@graph\":[{\"@type\":\"WebPage\",\"@id\":\"http:\/\/www.northhatley.org\/en\/municipality\/municipal-information\/important-telephone-numbers\/\",\"url\":\"http:\/\/www.northhatley.org\/en\/municipality\/municipal-information\/important-telephone-numbers\/\",\"name\":\"Important Telephone Numbers - Village de North Hatley\",\"isPartOf\":{\"@id\":\"http:\/\/www.northhatley.org\/fr\/#website\"},\"datePublished\":\"2014-11-14T21:41:30+00:00\",\"dateModified\":\"2021-02-11T19:04:53+00:00\",\"breadcrumb\":{\"@id\":\"http:\/\/www.northhatley.org\/en\/municipality\/municipal-information\/important-telephone-numbers\/#breadcrumb\"},\"inLanguage\":\"en-US\",\"potentialAction\":[{\"@type\":\"ReadAction\",\"target\":[\"http:\/\/www.northhatley.org\/en\/municipality\/municipal-information\/important-telephone-numbers\/\"]}]},{\"@type\":\"BreadcrumbList\",\"@id\":\"http:\/\/www.northhatley.org\/en\/municipality\/municipal-information\/important-telephone-numbers\/#breadcrumb\",\"itemListElement\":[{\"@type\":\"ListItem\",\"position\":1,\"name\":\"Home\",\"item\":\"https:\/\/www.northhatley.org\/en\/\"},{\"@type\":\"ListItem\",\"position\":2,\"name\":\"Town Hall\",\"item\":\"http:\/\/www.northhatley.org\/en\/municipality\/\"},{\"@type\":\"ListItem\",\"position\":3,\"name\":\"General Information\",\"item\":\"http:\/\/www.northhatley.org\/en\/municipality\/municipal-information\/\"},{\"@type\":\"ListItem\",\"position\":4,\"name\":\"Important Telephone Numbers\"}]},{\"@type\":\"WebSite\",\"@id\":\"http:\/\/www.northhatley.org\/fr\/#website\",\"url\":\"http:\/\/www.northhatley.org\/fr\/\",\"name\":\"Village de North Hatley\",\"description\":\"Village of North Hatley\",\"publisher\":{\"@id\":\"http:\/\/www.northhatley.org\/fr\/#organization\"},\"potentialAction\":[{\"@type\":\"SearchAction\",\"target\":{\"@type\":\"EntryPoint\",\"urlTemplate\":\"http:\/\/www.northhatley.org\/fr\/?s={search_term_string}\"},\"query-input\":{\"@type\":\"PropertyValueSpecification\",\"valueRequired\":true,\"valueName\":\"search_term_string\"}}],\"inLanguage\":\"en-US\"},{\"@type\":\"Organization\",\"@id\":\"http:\/\/www.northhatley.org\/fr\/#organization\",\"name\":\"MUNICIPALIT\u00c9 DU VILLAGE DE NORTH HATLE\",\"url\":\"http:\/\/www.northhatley.org\/fr\/\",\"logo\":{\"@type\":\"ImageObject\",\"inLanguage\":\"en-US\",\"@id\":\"http:\/\/www.northhatley.org\/fr\/#\/schema\/logo\/image\/\",\"url\":\"https:\/\/www.northhatley.org\/wp-content\/uploads\/2016\/06\/Logo-North-Hatley.jpg\",\"contentUrl\":\"https:\/\/www.northhatley.org\/wp-content\/uploads\/2016\/06\/Logo-North-Hatley.jpg\",\"width\":127,\"height\":164,\"caption\":\"MUNICIPALIT\u00c9 DU VILLAGE DE NORTH HATLE\"},\"image\":{\"@id\":\"http:\/\/www.northhatley.org\/fr\/#\/schema\/logo\/image\/\"}}]}<\/script>\n<!-- \/ Yoast SEO plugin. -->","yoast_head_json":{"title":"Important Telephone Numbers - Village de North Hatley","robots":{"index":"index","follow":"follow","max-snippet":"max-snippet:-1","max-image-preview":"max-image-preview:large","max-video-preview":"max-video-preview:-1"},"canonical":"http:\/\/www.northhatley.org\/en\/municipality\/municipal-information\/important-telephone-numbers\/","og_locale":"en_US","og_type":"article","og_title":"Important Telephone Numbers - Village de North Hatley","og_description":"Important Telephone Numbers Town Hall (Administration &amp; Public Works) 819 842-2754 or 1 877 842-2754 The RIPPIME (Fire Department) 819 838-5877 poste 204 or 9-1-1 (emergency) The S\u00fbret\u00e9 du Qu\u00e9bec (Police) 310-4141 (on-call emergency service) or 9-1-1 (emergency) Emergency Civil Security Services (flooding, landslides, etc.) 1 866 776-8345 (24\/7) The Eastern Townships Animal Protection Services","og_url":"http:\/\/www.northhatley.org\/en\/municipality\/municipal-information\/important-telephone-numbers\/","og_site_name":"Village de North Hatley","article_modified_time":"2021-02-11T19:04:53+00:00","schema":{"@context":"https:\/\/schema.org","@graph":[{"@type":"WebPage","@id":"http:\/\/www.northhatley.org\/en\/municipality\/municipal-information\/important-telephone-numbers\/","url":"http:\/\/www.northhatley.org\/en\/municipality\/municipal-information\/important-telephone-numbers\/","name":"Important Telephone Numbers - Village de North Hatley","isPartOf":{"@id":"http:\/\/www.northhatley.org\/fr\/#website"},"datePublished":"2014-11-14T21:41:30+00:00","dateModified":"2021-02-11T19:04:53+00:00","breadcrumb":{"@id":"http:\/\/www.northhatley.org\/en\/municipality\/municipal-information\/important-telephone-numbers\/#breadcrumb"},"inLanguage":"en-US","potentialAction":[{"@type":"ReadAction","target":["http:\/\/www.northhatley.org\/en\/municipality\/municipal-information\/important-telephone-numbers\/"]}]},{"@type":"BreadcrumbList","@id":"http:\/\/www.northhatley.org\/en\/municipality\/municipal-information\/important-telephone-numbers\/#breadcrumb","itemListElement":[{"@type":"ListItem","position":1,"name":"Home","item":"https:\/\/www.northhatley.org\/en\/"},{"@type":"ListItem","position":2,"name":"Town Hall","item":"http:\/\/www.northhatley.org\/en\/municipality\/"},{"@type":"ListItem","position":3,"name":"General Information","item":"http:\/\/www.northhatley.org\/en\/municipality\/municipal-information\/"},{"@type":"ListItem","position":4,"name":"Important Telephone Numbers"}]},{"@type":"WebSite","@id":"http:\/\/www.northhatley.org\/fr\/#website","url":"http:\/\/www.northhatley.org\/fr\/","name":"Village de North Hatley","description":"Village of North Hatley","publisher":{"@id":"http:\/\/www.northhatley.org\/fr\/#organization"},"potentialAction":[{"@type":"SearchAction","target":{"@type":"EntryPoint","urlTemplate":"http:\/\/www.northhatley.org\/fr\/?s={search_term_string}"},"query-input":{"@type":"PropertyValueSpecification","valueRequired":true,"valueName":"search_term_string"}}],"inLanguage":"en-US"},{"@type":"Organization","@id":"http:\/\/www.northhatley.org\/fr\/#organization","name":"MUNICIPALIT\u00c9 DU VILLAGE DE NORTH HATLE","url":"http:\/\/www.northhatley.org\/fr\/","logo":{"@type":"ImageObject","inLanguage":"en-US","@id":"http:\/\/www.northhatley.org\/fr\/#\/schema\/logo\/image\/","url":"https:\/\/www.northhatley.org\/wp-content\/uploads\/2016\/06\/Logo-North-Hatley.jpg","contentUrl":"https:\/\/www.northhatley.org\/wp-content\/uploads\/2016\/06\/Logo-North-Hatley.jpg","width":127,"height":164,"caption":"MUNICIPALIT\u00c9 DU VILLAGE DE NORTH HATLE"},"image":{"@id":"http:\/\/www.northhatley.org\/fr\/#\/schema\/logo\/image\/"}}]}},"_links":{"self":[{"href":"http:\/\/www.northhatley.org\/en\/wp-json\/wp\/v2\/pages\/3188","targetHints":{"allow":["GET"]}}],"collection":[{"href":"http:\/\/www.northhatley.org\/en\/wp-json\/wp\/v2\/pages"}],"about":[{"href":"http:\/\/www.northhatley.org\/en\/wp-json\/wp\/v2\/types\/page"}],"author":[{"embeddable":true,"href":"http:\/\/www.northhatley.org\/en\/wp-json\/wp\/v2\/users\/2"}],"replies":[{"embeddable":true,"href":"http:\/\/www.northhatley.org\/en\/wp-json\/wp\/v2\/comments?post=3188"}],"version-history":[{"count":6,"href":"http:\/\/www.northhatley.org\/en\/wp-json\/wp\/v2\/pages\/3188\/revisions"}],"predecessor-version":[{"id":9597,"href":"http:\/\/www.northhatley.org\/en\/wp-json\/wp\/v2\/pages\/3188\/revisions\/9597"}],"up":[{"embeddable":true,"href":"http:\/\/www.northhatley.org\/en\/wp-json\/wp\/v2\/pages\/27"}],"wp:attachment":[{"href":"http:\/\/www.northhatley.org\/en\/wp-json\/wp\/v2\/media?parent=3188"}],"curies":[{"name":"wp","href":"https:\/\/api.w.org\/{rel}","templated":true}]}}