{"id":22,"date":"2013-03-11T11:20:24","date_gmt":"2013-03-11T15:20:24","guid":{"rendered":"http:\/\/localhost\/2013\/3\/vonh\/?page_id=22"},"modified":"2023-07-03T11:48:38","modified_gmt":"2023-07-03T15:48:38","slug":"public-security-2","status":"publish","type":"page","link":"http:\/\/www.northhatley.org\/en\/municipality\/public-security-2\/","title":{"rendered":"Public Security\/Emergencies"},"content":{"rendered":"\n<h1 class=\"wp-block-heading\">Public Security\/Emergencies<\/h1>\n\n\n\n<ul class=\"wp-block-list\">\n<li><a title=\"Public Security: Who does what?\" href=\"http:\/\/www.northhatley.org\/municipality\/public-security\/\">Civil Protection<\/a><\/li>\n\n\n\n<li><a title=\"Fire Safety\" href=\"http:\/\/www.northhatley.org\/municipality\/public-security-2\/fire-safety\/\">Fire Safety<\/a><\/li>\n\n\n\n<li><a title=\"Boating Safety\" href=\"http:\/\/www.northhatley.org\/municipality\/public-security-2\/boating-safety\/\">Personal, Traffic and Boating Safety<\/a><\/li>\n\n\n\n<li><a title=\"Winter Walks\" href=\"http:\/\/www.northhatley.org\/municipality\/public-security-2\/winter-walks\/\">Winter walks<\/a><\/li>\n\n\n\n<li><a href=\"https:\/\/www.quebec.ca\/securite-situations-urgence\/securite-civile\/fonctionnement\" target=\"_blank\" rel=\"noreferrer noopener\">If a Flood Occurs<\/a> (Ministry of Public Security)<\/li>\n<\/ul>\n\n\n\n<p><strong>Civil Protection Emergency Services 24\/7: 1 866 776 &#8211; 8345<\/strong><\/p>\n\n\n\n<p>RIPPIME (R\u00e9gie Intermunicipale de Protection et de Pr\u00e9vention Incendies Memphr\u00e9magog Est) : 819 838-5877 poste 204<\/p>\n\n\n\n<p><a href=\"http:\/\/www.securitepublique.gouv.qc.ca\/en\/accueil.html\" target=\"_blank\" rel=\"noopener\">The website of the Quebec Ministry of Public Security<\/a>.<\/p>\n","protected":false},"excerpt":{"rendered":"<p>Public Security\/Emergencies Civil Protection Emergency Services 24\/7: 1 866 776 &#8211; 8345 RIPPIME (R\u00e9gie Intermunicipale de Protection et de Pr\u00e9vention Incendies Memphr\u00e9magog Est) : 819 838-5877 poste 204 The website of the Quebec Ministry of Public Security.<\/p>\n","protected":false},"author":2,"featured_media":0,"parent":17,"menu_order":5,"comment_status":"open","ping_status":"closed","template":"","meta":{"_acf_changed":false,"footnotes":""},"class_list":["post-22","page","type-page","status-publish","hentry"],"acf":[],"yoast_head":"<!-- This site is optimized with the Yoast SEO plugin v24.3 - https:\/\/yoast.com\/wordpress\/plugins\/seo\/ -->\n<title>Public Security\/Emergencies - Village de North Hatley<\/title>\n<meta name=\"robots\" content=\"index, follow, max-snippet:-1, max-image-preview:large, max-video-preview:-1\" \/>\n<link rel=\"canonical\" href=\"http:\/\/www.northhatley.org\/en\/municipality\/public-security-2\/\" \/>\n<meta property=\"og:locale\" content=\"en_US\" \/>\n<meta property=\"og:type\" content=\"article\" \/>\n<meta property=\"og:title\" content=\"Public Security\/Emergencies - Village de North Hatley\" \/>\n<meta property=\"og:description\" content=\"Public Security\/Emergencies Civil Protection Emergency Services 24\/7: 1 866 776 &#8211; 8345 RIPPIME (R\u00e9gie Intermunicipale de Protection et de Pr\u00e9vention Incendies Memphr\u00e9magog Est) : 819 838-5877 poste 204 The website of the Quebec Ministry of Public Security.\" \/>\n<meta property=\"og:url\" content=\"http:\/\/www.northhatley.org\/en\/municipality\/public-security-2\/\" \/>\n<meta property=\"og:site_name\" content=\"Village de North Hatley\" \/>\n<meta property=\"article:modified_time\" content=\"2023-07-03T15:48:38+00:00\" \/>\n<meta name=\"twitter:label1\" content=\"Est. reading time\" \/>\n\t<meta name=\"twitter:data1\" content=\"1 minute\" \/>\n<script type=\"application\/ld+json\" class=\"yoast-schema-graph\">{\"@context\":\"https:\/\/schema.org\",\"@graph\":[{\"@type\":\"WebPage\",\"@id\":\"http:\/\/www.northhatley.org\/en\/municipality\/public-security-2\/\",\"url\":\"http:\/\/www.northhatley.org\/en\/municipality\/public-security-2\/\",\"name\":\"Public Security\/Emergencies - Village de North Hatley\",\"isPartOf\":{\"@id\":\"https:\/\/www.northhatley.org\/fr\/#website\"},\"datePublished\":\"2013-03-11T15:20:24+00:00\",\"dateModified\":\"2023-07-03T15:48:38+00:00\",\"breadcrumb\":{\"@id\":\"http:\/\/www.northhatley.org\/en\/municipality\/public-security-2\/#breadcrumb\"},\"inLanguage\":\"en-US\",\"potentialAction\":[{\"@type\":\"ReadAction\",\"target\":[\"http:\/\/www.northhatley.org\/en\/municipality\/public-security-2\/\"]}]},{\"@type\":\"BreadcrumbList\",\"@id\":\"http:\/\/www.northhatley.org\/en\/municipality\/public-security-2\/#breadcrumb\",\"itemListElement\":[{\"@type\":\"ListItem\",\"position\":1,\"name\":\"Home\",\"item\":\"https:\/\/www.northhatley.org\/en\/\"},{\"@type\":\"ListItem\",\"position\":2,\"name\":\"Town Hall\",\"item\":\"https:\/\/www.northhatley.org\/en\/municipality\/\"},{\"@type\":\"ListItem\",\"position\":3,\"name\":\"Public Security\/Emergencies\"}]},{\"@type\":\"WebSite\",\"@id\":\"https:\/\/www.northhatley.org\/fr\/#website\",\"url\":\"https:\/\/www.northhatley.org\/fr\/\",\"name\":\"Village de North Hatley\",\"description\":\"Village of North Hatley\",\"publisher\":{\"@id\":\"https:\/\/www.northhatley.org\/fr\/#organization\"},\"potentialAction\":[{\"@type\":\"SearchAction\",\"target\":{\"@type\":\"EntryPoint\",\"urlTemplate\":\"https:\/\/www.northhatley.org\/fr\/?s={search_term_string}\"},\"query-input\":{\"@type\":\"PropertyValueSpecification\",\"valueRequired\":true,\"valueName\":\"search_term_string\"}}],\"inLanguage\":\"en-US\"},{\"@type\":\"Organization\",\"@id\":\"https:\/\/www.northhatley.org\/fr\/#organization\",\"name\":\"MUNICIPALIT\u00c9 DU VILLAGE DE NORTH HATLE\",\"url\":\"https:\/\/www.northhatley.org\/fr\/\",\"logo\":{\"@type\":\"ImageObject\",\"inLanguage\":\"en-US\",\"@id\":\"https:\/\/www.northhatley.org\/fr\/#\/schema\/logo\/image\/\",\"url\":\"https:\/\/www.northhatley.org\/wp-content\/uploads\/2016\/06\/Logo-North-Hatley.jpg\",\"contentUrl\":\"https:\/\/www.northhatley.org\/wp-content\/uploads\/2016\/06\/Logo-North-Hatley.jpg\",\"width\":127,\"height\":164,\"caption\":\"MUNICIPALIT\u00c9 DU VILLAGE DE NORTH HATLE\"},\"image\":{\"@id\":\"https:\/\/www.northhatley.org\/fr\/#\/schema\/logo\/image\/\"}}]}<\/script>\n<!-- \/ Yoast SEO plugin. -->","yoast_head_json":{"title":"Public Security\/Emergencies - Village de North Hatley","robots":{"index":"index","follow":"follow","max-snippet":"max-snippet:-1","max-image-preview":"max-image-preview:large","max-video-preview":"max-video-preview:-1"},"canonical":"http:\/\/www.northhatley.org\/en\/municipality\/public-security-2\/","og_locale":"en_US","og_type":"article","og_title":"Public Security\/Emergencies - Village de North Hatley","og_description":"Public Security\/Emergencies Civil Protection Emergency Services 24\/7: 1 866 776 &#8211; 8345 RIPPIME (R\u00e9gie Intermunicipale de Protection et de Pr\u00e9vention Incendies Memphr\u00e9magog Est) : 819 838-5877 poste 204 The website of the Quebec Ministry of Public Security.","og_url":"http:\/\/www.northhatley.org\/en\/municipality\/public-security-2\/","og_site_name":"Village de North Hatley","article_modified_time":"2023-07-03T15:48:38+00:00","twitter_misc":{"Est. reading time":"1 minute"},"schema":{"@context":"https:\/\/schema.org","@graph":[{"@type":"WebPage","@id":"http:\/\/www.northhatley.org\/en\/municipality\/public-security-2\/","url":"http:\/\/www.northhatley.org\/en\/municipality\/public-security-2\/","name":"Public Security\/Emergencies - Village de North Hatley","isPartOf":{"@id":"https:\/\/www.northhatley.org\/fr\/#website"},"datePublished":"2013-03-11T15:20:24+00:00","dateModified":"2023-07-03T15:48:38+00:00","breadcrumb":{"@id":"http:\/\/www.northhatley.org\/en\/municipality\/public-security-2\/#breadcrumb"},"inLanguage":"en-US","potentialAction":[{"@type":"ReadAction","target":["http:\/\/www.northhatley.org\/en\/municipality\/public-security-2\/"]}]},{"@type":"BreadcrumbList","@id":"http:\/\/www.northhatley.org\/en\/municipality\/public-security-2\/#breadcrumb","itemListElement":[{"@type":"ListItem","position":1,"name":"Home","item":"https:\/\/www.northhatley.org\/en\/"},{"@type":"ListItem","position":2,"name":"Town Hall","item":"https:\/\/www.northhatley.org\/en\/municipality\/"},{"@type":"ListItem","position":3,"name":"Public Security\/Emergencies"}]},{"@type":"WebSite","@id":"https:\/\/www.northhatley.org\/fr\/#website","url":"https:\/\/www.northhatley.org\/fr\/","name":"Village de North Hatley","description":"Village of North Hatley","publisher":{"@id":"https:\/\/www.northhatley.org\/fr\/#organization"},"potentialAction":[{"@type":"SearchAction","target":{"@type":"EntryPoint","urlTemplate":"https:\/\/www.northhatley.org\/fr\/?s={search_term_string}"},"query-input":{"@type":"PropertyValueSpecification","valueRequired":true,"valueName":"search_term_string"}}],"inLanguage":"en-US"},{"@type":"Organization","@id":"https:\/\/www.northhatley.org\/fr\/#organization","name":"MUNICIPALIT\u00c9 DU VILLAGE DE NORTH HATLE","url":"https:\/\/www.northhatley.org\/fr\/","logo":{"@type":"ImageObject","inLanguage":"en-US","@id":"https:\/\/www.northhatley.org\/fr\/#\/schema\/logo\/image\/","url":"https:\/\/www.northhatley.org\/wp-content\/uploads\/2016\/06\/Logo-North-Hatley.jpg","contentUrl":"https:\/\/www.northhatley.org\/wp-content\/uploads\/2016\/06\/Logo-North-Hatley.jpg","width":127,"height":164,"caption":"MUNICIPALIT\u00c9 DU VILLAGE DE NORTH HATLE"},"image":{"@id":"https:\/\/www.northhatley.org\/fr\/#\/schema\/logo\/image\/"}}]}},"_links":{"self":[{"href":"http:\/\/www.northhatley.org\/en\/wp-json\/wp\/v2\/pages\/22","targetHints":{"allow":["GET"]}}],"collection":[{"href":"http:\/\/www.northhatley.org\/en\/wp-json\/wp\/v2\/pages"}],"about":[{"href":"http:\/\/www.northhatley.org\/en\/wp-json\/wp\/v2\/types\/page"}],"author":[{"embeddable":true,"href":"http:\/\/www.northhatley.org\/en\/wp-json\/wp\/v2\/users\/2"}],"replies":[{"embeddable":true,"href":"http:\/\/www.northhatley.org\/en\/wp-json\/wp\/v2\/comments?post=22"}],"version-history":[{"count":21,"href":"http:\/\/www.northhatley.org\/en\/wp-json\/wp\/v2\/pages\/22\/revisions"}],"predecessor-version":[{"id":12594,"href":"http:\/\/www.northhatley.org\/en\/wp-json\/wp\/v2\/pages\/22\/revisions\/12594"}],"up":[{"embeddable":true,"href":"http:\/\/www.northhatley.org\/en\/wp-json\/wp\/v2\/pages\/17"}],"wp:attachment":[{"href":"http:\/\/www.northhatley.org\/en\/wp-json\/wp\/v2\/media?parent=22"}],"curies":[{"name":"wp","href":"https:\/\/api.w.org\/{rel}","templated":true}]}}