{"id":13738,"date":"2024-12-11T11:11:04","date_gmt":"2024-12-11T16:11:04","guid":{"rendered":"https:\/\/www.northhatley.org\/?page_id=13738"},"modified":"2024-12-11T11:49:50","modified_gmt":"2024-12-11T16:49:50","slug":"public-notices-public-consultations","status":"publish","type":"page","link":"http:\/\/www.northhatley.org\/en\/public-notices-public-consultations\/","title":{"rendered":"PUBLIC NOTICES &#8211; PUBLIC CONSULTATIONS"},"content":{"rendered":"<div class=\"wpb-content-wrapper\"><p><a href=\"http:\/\/www.northhatley.org\/wp-content\/uploads\/2024\/11\/Avis-public_DEMOLITION_4120-MAGOG_14-11-2024.pdf\">Avis public_D\u00c9MOLITION_4120 MAGOG_14-11-2024<\/a><\/p>\r\n<p>[vc_row][vc_column][vc_column_text]<\/p>\r\n<p>[vc_row][vc_column width=&#8221;1\/1&#8243;][vc_column_text][vc_row][vc_column width=&#8221;1\/1&#8243;][vc_column_text]<\/p>\r\n\r\n<h2 class=\"wp-block-heading\">AVIS PUBLICS<\/h2>\r\n\r\n\r\n\r\n<div class=\"wp-block-columns is-layout-flex wp-container-core-columns-is-layout-1 wp-block-columns-is-layout-flex\">\r\n<div class=\"wp-block-column is-layout-flow wp-block-column-is-layout-flow\" style=\"flex-basis: 100%;\">\r\n<figure class=\"wp-block-table is-style-stripes\">\r\n<table>\r\n<thead>\r\n<tr>\r\n<th><strong>DATE DE PUBLICATION<\/strong><\/th>\r\n<th><strong>SUJET<\/strong><\/th>\r\n<\/tr>\r\n<\/thead>\r\n<tbody>\r\n<tr>\r\n<td>2024-10-25<\/td>\r\n<td>Avis<\/td>\r\n<\/tr>\r\n<tr>\r\n<td>2024-03-07<\/td>\r\n<td><a href=\"http:\/\/www.northhatley.org\/wp-content\/uploads\/2024\/03\/Avis-entree-en-vigueur.pdf\">Avis d&#8217;entr\u00e9e en vigueur (R\u00e8glement 2024-751 relatif \u00e0 la circulation)<\/a><\/td>\r\n<\/tr>\r\n<tr>\r\n<td>2024-03-04<\/td>\r\n<td><a href=\"http:\/\/www.northhatley.org\/wp-content\/uploads\/2024\/03\/Avis-public_DEMOLITION_190-Main_20-03-2024-9.pdf\"><img decoding=\"async\" class=\"wp-image-13164\" style=\"width: NaNpx;\" src=\"http:\/\/www.northhatley.org\/wp-content\/uploads\/2024\/03\/Avis-public_DEMOLITION_190-Main_20-03-2024-5.pdf\" alt=\"\" \/>Avis de d\u00e9molition &#8211; 190, rue Main, lot 4 090 460<\/a><\/td>\r\n<\/tr>\r\n<tr>\r\n<td>2024-02-07<\/td>\r\n<td><a href=\"http:\/\/www.northhatley.org\/wp-content\/uploads\/2024\/02\/Avis-entree-en-vigueur-1.pdf\">Avis d&#8217;entr\u00e9e en vigueur (R\u00e8glement 2024-753 concernant les droits de mutations immobili\u00e8res)<\/a><\/td>\r\n<\/tr>\r\n<tr>\r\n<td>2024-02-07<\/td>\r\n<td><a href=\"http:\/\/www.northhatley.org\/wp-content\/uploads\/2024\/02\/Avis-entree-en-vigueur.pdf\">Avis d&#8217;entr\u00e9e en vigueur (R\u00e8glement 2024-752 constituant le comit\u00e9 consultatif d&#8217;urbanisme et de patrimoine (CCUP))<\/a><\/td>\r\n<\/tr>\r\n<tr>\r\n<td>2024-01-26<\/td>\r\n<td><a href=\"http:\/\/www.northhatley.org\/wp-content\/uploads\/2024\/02\/AVIS-DE-DEMOLITION_979-MASSAWIPPI_12-02-2024.pdf\">Demande de d\u00e9molition &#8211; 979, rue Massawippi, lot 4 028 889<\/a> (Demande de r\u00e9vision)<\/td>\r\n<\/tr>\r\n<tr>\r\n<td>2023-09-12<\/td>\r\n<td><a href=\"http:\/\/www.northhatley.org\/wp-content\/uploads\/2023\/09\/Avis-public-referendum-1.pdf\">Demande de participation \u00e0 un r\u00e9f\u00e9rendum (Projet de r\u00e8glement #2023-744 modifiant le R. de Zonage #2001-432 \/ Zone C-4)<\/a><\/td>\r\n<\/tr>\r\n<tr>\r\n<td>2023-09-08<\/td>\r\n<td><a href=\"http:\/\/www.northhatley.org\/wp-content\/uploads\/2023\/09\/AVIS-DE-DEMOLITION_225-233-rue-Mill_07-09-2023.pdf\">Avis de d\u00e9molition (225-233 rue Mill)<\/a><\/td>\r\n<\/tr>\r\n<tr>\r\n<td>2023-09-08<\/td>\r\n<td><a href=\"http:\/\/www.northhatley.org\/wp-content\/uploads\/2023\/09\/AVIS-DE-DEMOLITION_3070-ch.-Capelton_07-09-2023.pdf\">Avis de d\u00e9molition (3070 ch Capelton)<\/a><\/td>\r\n<\/tr>\r\n<tr>\r\n<td>2023-09-08<\/td>\r\n<td><a href=\"http:\/\/www.northhatley.org\/wp-content\/uploads\/2023\/09\/AVIS-DE-DEMOLITION_315-rue-Ladouceur_07-09-2023.pdf\">Avis de d\u00e9molition (315 rue Ladouceur)<\/a><\/td>\r\n<\/tr>\r\n<tr>\r\n<td>2023-08-23<\/td>\r\n<td><a href=\"http:\/\/www.northhatley.org\/wp-content\/uploads\/2023\/08\/Avis-public_DEMOLITION_07-09-2023-315-rue-Ladouceur.pdf\">Avis Public (demande de d\u00e9molition pour le 315 rue Ladouceur)<\/a><\/td>\r\n<\/tr>\r\n<tr>\r\n<td>2023-08-23<\/td>\r\n<td><a href=\"http:\/\/www.northhatley.org\/wp-content\/uploads\/2023\/08\/Avis-public_DEMOLITION_07-09-2023-3070-ch.-Capelton.pdf\">Avis Public (demande de d\u00e9molition pour le 3070 ch Capelton)<\/a><\/td>\r\n<\/tr>\r\n<tr>\r\n<td>2023-08-23<\/td>\r\n<td><a href=\"http:\/\/www.northhatley.org\/wp-content\/uploads\/2023\/08\/Avis-public_DEMOLITION_07-09-2023-225-233-rue-Mill.pdf\">Avis Public (demande de d\u00e9molition pour le 225-233 rue Mills)<\/a><\/td>\r\n<\/tr>\r\n<tr>\r\n<td>2023-07-04<\/td>\r\n<td><a href=\"http:\/\/www.northhatley.org\/wp-content\/uploads\/2023\/07\/Avis-de-demolition_DEMOLITION_03-07-2023.pdf\">Avis de d\u00e9molition (977 rue Massawippi)<\/a><\/td>\r\n<\/tr>\r\n<tr>\r\n<td>2023-06-22<\/td>\r\n<td><a href=\"http:\/\/www.northhatley.org\/wp-content\/uploads\/2023\/06\/Avis-public_DEMOLITION_03-07-2023.pdf\">Demande de d\u00e9molition (977 rue Massawippi) <\/a><\/td>\r\n<\/tr>\r\n<tr>\r\n<td>2023-06-15<\/td>\r\n<td><a href=\"http:\/\/www.northhatley.org\/wp-content\/uploads\/2023\/06\/AVIS-PUBLIC-DM-03-07-2023-lot-4-028-922-rue-Gardner.pdf\">Demande de d\u00e9rogation mineure (lot 4 028 922, rue Gardner)<\/a><\/td>\r\n<\/tr>\r\n<tr>\r\n<td>2023-06-12<\/td>\r\n<td><a href=\"http:\/\/www.northhatley.org\/wp-content\/uploads\/2023\/06\/Avis-entree-en-vigueur-3.pdf\">Avis d&#8217;entr\u00e9e en vigueur (r\u00e8glement 2023-738 Modifiant le r\u00e8glement de zonage 2001-432, pour la zone C-8)<\/a><\/td>\r\n<\/tr>\r\n<tr>\r\n<td>2023-06-12<\/td>\r\n<td><a href=\"http:\/\/www.northhatley.org\/wp-content\/uploads\/2023\/06\/Avis-entree-en-vigueur-2.pdf\">Avis d&#8217;entr\u00e9e en vigueur (r\u00e8glement 2023-737 Modifiant r\u00e8glement plan d&#8217;urbanisme 2001-431<\/a><\/td>\r\n<\/tr>\r\n<tr>\r\n<td>2023-06-12<\/td>\r\n<td><a href=\"http:\/\/www.northhatley.org\/wp-content\/uploads\/2023\/06\/Avis-entree-en-vigueur-1.pdf\">Avis d&#8217;entr\u00e9e en vigueur (r\u00e8glement 2023-736 Modifiant r\u00e8glement de construction 2001-434)<\/a><\/td>\r\n<\/tr>\r\n<tr>\r\n<td>2023-06-12<\/td>\r\n<td><a href=\"http:\/\/www.northhatley.org\/wp-content\/uploads\/2023\/06\/Avis-dentree-en-vigueur.pdf\">Avis d&#8217;entr\u00e9e en vigueur (r\u00e8glements 2023-662 \u00e0 2023-732 Prohibition de l&#8217;usage \u00e9tablissement de r\u00e9sidence principale) <\/a><\/td>\r\n<\/tr>\r\n<tr>\r\n<td>2023-06-12<\/td>\r\n<td><a href=\"http:\/\/www.northhatley.org\/wp-content\/uploads\/2023\/06\/Avis-entree-en-vigueur.pdf\">Avis d&#8217;entr\u00e9e en vigueur (r\u00e8glement 2023-661 \u00c9tablissements de r\u00e9sidence principale)<\/a><\/td>\r\n<\/tr>\r\n<tr>\r\n<td>2023-06-06<\/td>\r\n<td><a href=\"http:\/\/www.northhatley.org\/wp-content\/uploads\/2023\/06\/Avis-demande-referendum.pdf\">Demande de participation \u00e0 un r\u00e9f\u00e9rendum (Zone Ra-25)<\/a><\/td>\r\n<\/tr>\r\n<tr>\r\n<td>2023-05-19<\/td>\r\n<td><a href=\"http:\/\/www.northhatley.org\/wp-content\/uploads\/2023\/05\/AVIS-PUBLIC-DM-05-06-2023-4150-chemin-Magog-1.pdf\">Demande de d\u00e9rogation mineure (4150, chemin Magog)<\/a><\/td>\r\n<\/tr>\r\n<tr>\r\n<td>2023-05-03<\/td>\r\n<td><a href=\"http:\/\/www.northhatley.org\/wp-content\/uploads\/2023\/05\/Avis-public-demande-referendum.pdf\">Demande de participation \u00e0 un r\u00e9f\u00e9rendum (Zone C8, r\u00e8glement 2023-738)<\/a><\/td>\r\n<\/tr>\r\n<tr>\r\n<td>2023-05-03<\/td>\r\n<td><img decoding=\"async\" class=\"wp-image-12403\" style=\"width: NaNpx;\" src=\"http:\/\/www.northhatley.org\/wp-content\/uploads\/2023\/05\/Avis-dentree-en-vigueur.pdf\" alt=\"\" \/><a href=\"http:\/\/www.northhatley.org\/wp-content\/uploads\/2023\/05\/Avis-dentree-en-vigueur-2.pdf\">Avis d&#8217;entr\u00e9e en vigueur (r\u00e8glement 2023-735, permis et certificats)<\/a><\/td>\r\n<\/tr>\r\n<tr>\r\n<td>2023-04-24<\/td>\r\n<td><a href=\"http:\/\/www.northhatley.org\/wp-content\/uploads\/2023\/04\/Certificat-procedure-denregistrement.pdf\">R\u00e9sultat du registre (R\u00e8glements 2023-662 \u00e0 2023-732 \/ prohibition de l&#8217;usage &#8221;\u00e9tablissement de r\u00e9sidence principale&#8221;)<\/a><\/td>\r\n<\/tr>\r\n<tr>\r\n<td>2023-04-19<\/td>\r\n<td><a href=\"http:\/\/www.northhatley.org\/wp-content\/uploads\/2023\/04\/Avis-dentree-en-vigueur.pdf\"> Entr\u00e9e en vigueur (R\u00e8glement 2022-654 \/ Arbres)<\/a><\/td>\r\n<\/tr>\r\n<tr>\r\n<td>2023-04-13<\/td>\r\n<td><a href=\"http:\/\/www.northhatley.org\/wp-content\/uploads\/2023\/04\/Avis-public-tenue-de-registre.pdf\">Tenue de registre ( R\u00e8glements 2023-662 \u00e0 2023-732 \/ prohibition de l\u2019usage \u00ab \u00e9tablissement de r\u00e9sidence principale \u00bb)<\/a><\/td>\r\n<\/tr>\r\n<tr>\r\n<td>2023-04-13<\/td>\r\n<td><a href=\"http:\/\/www.northhatley.org\/wp-content\/uploads\/2023\/04\/Avis-public-demande-referendum.pdf\">Demande \u00e0 une participation \u00e0 un r\u00e9f\u00e9rendum (Zone Rb7 &#8211; R\u00e8glement 2023-733)<\/a><\/td>\r\n<\/tr>\r\n<tr>\r\n<td>2023-04-13<\/td>\r\n<td><a href=\"http:\/\/www.northhatley.org\/wp-content\/uploads\/2023\/04\/Avis-public-demande-referendum-1.pdf\">Demande \u00e0 une participation \u00e0 un r\u00e9f\u00e9rendum (\u00c9tablissements de r\u00e9sidence principale &#8211; R\u00e8glement 2023-661)<\/a><\/td>\r\n<\/tr>\r\n<tr>\r\n<td>2023-04-04<\/td>\r\n<td><a href=\"http:\/\/www.northhatley.org\/wp-content\/uploads\/2023\/04\/Avis-entree-en-vigueur.pdf\">Entr\u00e9e en vigueur (2023-734) \/ Moules z\u00e9br\u00e9es<\/a><\/td>\r\n<\/tr>\r\n<tr>\r\n<td>2023-02-15<\/td>\r\n<td><a href=\"http:\/\/www.northhatley.org\/wp-content\/uploads\/2023\/02\/Avis-public-dentree-en-vigueur.pdf\" target=\"_blank\" rel=\"noreferrer noopener\">Entr\u00e9e en vigueur (2022-653) \/ <\/a><br \/><a href=\"http:\/\/www.northhatley.org\/wp-content\/uploads\/2023\/02\/Avis-public-dentree-en-vigueur.pdf\" target=\"_blank\" rel=\"noreferrer noopener\">Tourisme<\/a><\/td>\r\n<\/tr>\r\n<tr>\r\n<td>2023-02-15<\/td>\r\n<td><a href=\"http:\/\/www.northhatley.org\/wp-content\/uploads\/2023\/02\/Avis-public-dentree-en-vigueur-657.pdf\" target=\"_blank\" rel=\"noreferrer noopener\">Entr\u00e9e en vigueur (2022-657) \/ <\/a><br \/><a href=\"http:\/\/www.northhatley.org\/wp-content\/uploads\/2023\/02\/Avis-public-dentree-en-vigueur-657.pdf\" target=\"_blank\" rel=\"noreferrer noopener\">Nbre de logements autoris\u00e9s dans la zone RB-7<\/a><\/td>\r\n<\/tr>\r\n<tr>\r\n<td>2023-01-31<\/td>\r\n<td><a href=\"http:\/\/www.northhatley.org\/wp-content\/uploads\/2023\/01\/Demo-FR.pdf\" target=\"_blank\" rel=\"noreferrer noopener\">D\u00e9cision du comit\u00e9 de d\u00e9molition du 7 f\u00e9vrier 2023 (190 Main)<\/a><\/td>\r\n<\/tr>\r\n<tr>\r\n<td>2023-01-19<\/td>\r\n<td><a href=\"http:\/\/www.northhatley.org\/wp-content\/uploads\/2023\/01\/Avis-election-FR.pdf\" target=\"_blank\" rel=\"noreferrer noopener\">\u00c9lections, conseiller no 3<\/a><\/td>\r\n<\/tr>\r\n<tr>\r\n<td>2023-01-11<\/td>\r\n<td><a href=\"http:\/\/www.northhatley.org\/wp-content\/uploads\/2023\/01\/Avis-entree-en-vigueur-2.pdf\" target=\"_blank\" rel=\"noreferrer noopener\">R\u00e9mun\u00e9ration des membre du conseil<\/a><\/td>\r\n<\/tr>\r\n<tr>\r\n<td>2023-01-11<\/td>\r\n<td><a href=\"http:\/\/www.northhatley.org\/wp-content\/uploads\/2023\/01\/Avis-entree-en-vigueur-1.pdf\" target=\"_blank\" rel=\"noreferrer noopener\">Taxation 2023<\/a><\/td>\r\n<\/tr>\r\n<tr>\r\n<td>2023-01-11<\/td>\r\n<td><a href=\"http:\/\/www.northhatley.org\/wp-content\/uploads\/2023\/01\/Avis-entree-en-vigueur.pdf\" target=\"_blank\" rel=\"noreferrer noopener nofollow\">Modalit\u00e9s de publication des avis publics<\/a><\/td>\r\n<\/tr>\r\n<tr>\r\n<td>\u00a0<\/td>\r\n<td>\u00a0<\/td>\r\n<\/tr>\r\n<\/tbody>\r\n<\/table>\r\n<\/figure>\r\n<\/div>\r\n<\/div>\r\n\r\n\r\n\r\n<h2 class=\"wp-block-heading\">PUBLIC CONSULTATIONS<\/h2>\r\n\r\n\r\n\r\n<figure class=\"wp-block-table is-style-stripes\">\r\n<table>\r\n<tbody>\r\n<tr>\r\n<td><strong>DATE DE PUBLICATION<\/strong><\/td>\r\n<td><strong>DATE DE <\/strong><br \/><strong>LA CONSULTATION PUBLIQUE<\/strong><\/td>\r\n<td><strong>SUJET<\/strong><\/td>\r\n<\/tr>\r\n<tr>\r\n<td>2024-12-03<\/td>\r\n<td>2025-01-13<\/td>\r\n<td><a href=\"http:\/\/www.northhatley.org\/wp-content\/uploads\/2024\/12\/Avis-public-2024-766_AN.pdf\">R\u00e8glement d&#8217;urbanisme 2024-766<\/a><\/td>\r\n<\/tr>\r\n<tr>\r\n<td>2024-12-03<\/td>\r\n<td>2024-12-10<\/td>\r\n<td><a href=\"http:\/\/www.northhatley.org\/wp-content\/uploads\/2024\/12\/Avis-public-2024-761_AN.pdf\">R\u00e8glement d&#8217;urbanisme 2024-761<\/a><\/td>\r\n<\/tr>\r\n<tr>\r\n<td>2024-02-07<\/td>\r\n<td>2024-02-26<\/td>\r\n<td><a href=\"http:\/\/www.northhatley.org\/wp-content\/uploads\/2024\/02\/Avis-2024-755.pdf\">R\u00e8glement d&#8217;urbanisme 2024-755<\/a><\/td>\r\n<\/tr>\r\n<tr>\r\n<td>2024-02-07<\/td>\r\n<td>2024-02-26<\/td>\r\n<td><a href=\"http:\/\/www.northhatley.org\/wp-content\/uploads\/2024\/02\/Avis-2024-754.pdf\">R\u00e8glement de zonage 2024-754<\/a><\/td>\r\n<\/tr>\r\n<tr>\r\n<td>2023-12-06<\/td>\r\n<td>2023-12-13<\/td>\r\n<td><a href=\"http:\/\/www.northhatley.org\/wp-content\/uploads\/2023\/12\/Avis-de-consultation-publique-2e.pdf\">R\u00e8glement de lotissement (Redevances)<\/a><\/td>\r\n<\/tr>\r\n<tr>\r\n<td>2023-08-14<\/td>\r\n<td>2023-09-05<\/td>\r\n<td><a href=\"http:\/\/www.northhatley.org\/wp-content\/uploads\/2023\/08\/Avis-consultation-publique-2023-744.pdf\">Zonage (Zone C-4)<\/a><\/td>\r\n<\/tr>\r\n<tr>\r\n<td>2023-05-03<\/td>\r\n<td>2023-05-25<\/td>\r\n<td><a href=\"http:\/\/www.northhatley.org\/wp-content\/uploads\/2023\/05\/Avis-consultation-publique.pdf\">Zonage (Zone RA-25)<\/a><\/td>\r\n<\/tr>\r\n<tr>\r\n<td>2023-04-04<\/td>\r\n<td>2023-04-24<\/td>\r\n<td><a href=\"http:\/\/www.northhatley.org\/wp-content\/uploads\/2023\/04\/Avis-public-consultation-3.pdf\">R\u00e8glement de construction (n. 2023-736)<\/a><\/td>\r\n<\/tr>\r\n<tr>\r\n<td>2023-04-04<\/td>\r\n<td>2023-04-24<\/td>\r\n<td><a href=\"http:\/\/www.northhatley.org\/wp-content\/uploads\/2023\/04\/Avis-public-consultation-2.pdf\">Plan d&#8217;urbanisme (R\u00e8glement 2023-737)<\/a><\/td>\r\n<\/tr>\r\n<tr>\r\n<td>2023-04-04<\/td>\r\n<td>2023-04-24<\/td>\r\n<td><a href=\"http:\/\/www.northhatley.org\/wp-content\/uploads\/2023\/04\/Avis-public-consultation-1.pdf\">Zonage (Zone C-8)<\/a><\/td>\r\n<\/tr>\r\n<tr>\r\n<td>2023-03-07<\/td>\r\n<td>2023-03-27<\/td>\r\n<td><a href=\"http:\/\/www.northhatley.org\/wp-content\/uploads\/2023\/03\/avis-de-consultation-publique.pdf\"> Zonage (Partiel)<\/a><\/td>\r\n<\/tr>\r\n<tr>\r\n<td>2023-03-07<\/td>\r\n<td>2023-03-27<\/td>\r\n<td><a href=\"http:\/\/www.northhatley.org\/wp-content\/uploads\/2023\/03\/Avis-public-de-consultation-publiue.pdf\">Zonage (l&#8217;ensemble du territoire)<\/a><\/td>\r\n<\/tr>\r\n<tr>\r\n<td>2023-03-07<\/td>\r\n<td>2023-03-27<\/td>\r\n<td><a href=\"http:\/\/www.northhatley.org\/wp-content\/uploads\/2023\/03\/AVIS-CONSULTATION-Complet.pdf\">Zonage (Zones A-1 \u00e0 RUR-5) &#8211; 72 r\u00e8glements<\/a><\/td>\r\n<\/tr>\r\n<tr>\r\n<td>2023-01-16<\/td>\r\n<td>2023-03-06<\/td>\r\n<td><a href=\"http:\/\/www.northhatley.org\/wp-content\/uploads\/2023\/02\/AVIS-PUBLIC-DM-06-03-2023-lot-4-028-945-rue-Jones.pdf\" target=\"_blank\" rel=\"noreferrer noopener\">D\u00e9rogation mineure rue Jones<\/a><\/td>\r\n<\/tr>\r\n<tr>\r\n<td>2023-02-01<\/td>\r\n<td>2023-02-20<\/td>\r\n<td><a href=\"http:\/\/www.northhatley.org\/wp-content\/uploads\/2023\/02\/Avis-consultation-publique-2e-avis.pdf\" target=\"_blank\" rel=\"noreferrer noopener\">R\u00e8glement sur l&#8217;abattage d&#8217;arbres<\/a><\/td>\r\n<\/tr>\r\n<tr>\r\n<td>2023-01-13<\/td>\r\n<td>2023-01-25<\/td>\r\n<td><a href=\"http:\/\/www.northhatley.org\/wp-content\/uploads\/2023\/01\/Avis-consultation-publique.pdf\" target=\"_blank\" rel=\"noreferrer noopener\">R\u00e8glement sur l&#8217;abattage d&#8217;arbres<\/a><\/td>\r\n<\/tr>\r\n<tr>\r\n<td>2023-01-09<\/td>\r\n<td>2023-01-24<\/td>\r\n<td><a href=\"http:\/\/www.northhatley.org\/wp-content\/uploads\/2023\/01\/Avis-public_DEMOLITION_24-01-2023.pdf\" target=\"_blank\" rel=\"noreferrer noopener\">Demande de d\u00e9molition (190 Main)<\/a><\/td>\r\n<\/tr>\r\n<\/tbody>\r\n<\/table>\r\n<\/figure>\r\n\r\n<p>&nbsp;<\/p>\r\n<p>[\/vc_column_text][\/vc_column][\/vc_row]<\/p><\/div>","protected":false},"excerpt":{"rendered":"<p>Avis public_D\u00c9MOLITION_4120 MAGOG_14-11-2024 [vc_row][vc_column][vc_column_text] [vc_row][vc_column width=&#8221;1\/1&#8243;][vc_column_text][vc_row][vc_column width=&#8221;1\/1&#8243;][vc_column_text] AVIS PUBLICS DATE DE PUBLICATION SUJET 2024-10-25 Avis 2024-03-07 Avis d&#8217;entr\u00e9e en vigueur (R\u00e8glement 2024-751 relatif \u00e0 la circulation) 2024-03-04 Avis de d\u00e9molition &#8211; 190, rue Main, lot 4 090 460 2024-02-07 Avis d&#8217;entr\u00e9e en vigueur (R\u00e8glement 2024-753 concernant les droits de mutations immobili\u00e8res) 2024-02-07 Avis d&#8217;entr\u00e9e en<\/p>\n","protected":false},"author":3,"featured_media":0,"parent":0,"menu_order":0,"comment_status":"closed","ping_status":"closed","template":"","meta":{"_acf_changed":false,"footnotes":""},"class_list":["post-13738","page","type-page","status-publish","hentry"],"acf":[],"yoast_head":"<!-- This site is optimized with the Yoast SEO plugin v24.3 - https:\/\/yoast.com\/wordpress\/plugins\/seo\/ -->\n<title>PUBLIC NOTICES - PUBLIC CONSULTATIONS - Village de North Hatley<\/title>\n<meta name=\"robots\" content=\"index, follow, max-snippet:-1, max-image-preview:large, max-video-preview:-1\" \/>\n<link rel=\"canonical\" href=\"http:\/\/www.northhatley.org\/en\/public-notices-public-consultations\/\" \/>\n<meta property=\"og:locale\" content=\"en_US\" \/>\n<meta property=\"og:type\" content=\"article\" \/>\n<meta property=\"og:title\" content=\"PUBLIC NOTICES - PUBLIC CONSULTATIONS - Village de North Hatley\" \/>\n<meta property=\"og:description\" content=\"Avis public_D\u00c9MOLITION_4120 MAGOG_14-11-2024 [vc_row][vc_column][vc_column_text] [vc_row][vc_column width=&#8221;1\/1&#8243;][vc_column_text][vc_row][vc_column width=&#8221;1\/1&#8243;][vc_column_text] AVIS PUBLICS DATE DE PUBLICATION SUJET 2024-10-25 Avis 2024-03-07 Avis d&#8217;entr\u00e9e en vigueur (R\u00e8glement 2024-751 relatif \u00e0 la circulation) 2024-03-04 Avis de d\u00e9molition &#8211; 190, rue Main, lot 4 090 460 2024-02-07 Avis d&#8217;entr\u00e9e en vigueur (R\u00e8glement 2024-753 concernant les droits de mutations immobili\u00e8res) 2024-02-07 Avis d&#8217;entr\u00e9e en\" \/>\n<meta property=\"og:url\" content=\"http:\/\/www.northhatley.org\/en\/public-notices-public-consultations\/\" \/>\n<meta property=\"og:site_name\" content=\"Village de North Hatley\" \/>\n<meta property=\"article:modified_time\" content=\"2024-12-11T16:49:50+00:00\" \/>\n<meta property=\"og:image\" content=\"http:\/\/www.northhatley.org\/wp-content\/uploads\/2024\/03\/Avis-public_DEMOLITION_190-Main_20-03-2024-5.pdf\" \/>\n<meta name=\"twitter:label1\" content=\"Est. reading time\" \/>\n\t<meta name=\"twitter:data1\" content=\"3 minutes\" \/>\n<script type=\"application\/ld+json\" class=\"yoast-schema-graph\">{\"@context\":\"https:\/\/schema.org\",\"@graph\":[{\"@type\":\"WebPage\",\"@id\":\"http:\/\/www.northhatley.org\/en\/public-notices-public-consultations\/\",\"url\":\"http:\/\/www.northhatley.org\/en\/public-notices-public-consultations\/\",\"name\":\"PUBLIC NOTICES - PUBLIC CONSULTATIONS - Village de North Hatley\",\"isPartOf\":{\"@id\":\"http:\/\/www.northhatley.org\/en\/#website\"},\"primaryImageOfPage\":{\"@id\":\"http:\/\/www.northhatley.org\/en\/public-notices-public-consultations\/#primaryimage\"},\"image\":{\"@id\":\"http:\/\/www.northhatley.org\/en\/public-notices-public-consultations\/#primaryimage\"},\"thumbnailUrl\":\"http:\/\/www.northhatley.org\/wp-content\/uploads\/2024\/03\/Avis-public_DEMOLITION_190-Main_20-03-2024-5.pdf\",\"datePublished\":\"2024-12-11T16:11:04+00:00\",\"dateModified\":\"2024-12-11T16:49:50+00:00\",\"breadcrumb\":{\"@id\":\"http:\/\/www.northhatley.org\/en\/public-notices-public-consultations\/#breadcrumb\"},\"inLanguage\":\"en-US\",\"potentialAction\":[{\"@type\":\"ReadAction\",\"target\":[\"http:\/\/www.northhatley.org\/en\/public-notices-public-consultations\/\"]}]},{\"@type\":\"ImageObject\",\"inLanguage\":\"en-US\",\"@id\":\"http:\/\/www.northhatley.org\/en\/public-notices-public-consultations\/#primaryimage\",\"url\":\"http:\/\/www.northhatley.org\/wp-content\/uploads\/2024\/03\/Avis-public_DEMOLITION_190-Main_20-03-2024-5.pdf\",\"contentUrl\":\"http:\/\/www.northhatley.org\/wp-content\/uploads\/2024\/03\/Avis-public_DEMOLITION_190-Main_20-03-2024-5.pdf\"},{\"@type\":\"BreadcrumbList\",\"@id\":\"http:\/\/www.northhatley.org\/en\/public-notices-public-consultations\/#breadcrumb\",\"itemListElement\":[{\"@type\":\"ListItem\",\"position\":1,\"name\":\"Home\",\"item\":\"http:\/\/www.northhatley.org\/en\/\"},{\"@type\":\"ListItem\",\"position\":2,\"name\":\"PUBLIC NOTICES &#8211; PUBLIC CONSULTATIONS\"}]},{\"@type\":\"WebSite\",\"@id\":\"http:\/\/www.northhatley.org\/en\/#website\",\"url\":\"http:\/\/www.northhatley.org\/en\/\",\"name\":\"Village de North Hatley\",\"description\":\"Village of North Hatley\",\"publisher\":{\"@id\":\"http:\/\/www.northhatley.org\/en\/#organization\"},\"potentialAction\":[{\"@type\":\"SearchAction\",\"target\":{\"@type\":\"EntryPoint\",\"urlTemplate\":\"http:\/\/www.northhatley.org\/en\/?s={search_term_string}\"},\"query-input\":{\"@type\":\"PropertyValueSpecification\",\"valueRequired\":true,\"valueName\":\"search_term_string\"}}],\"inLanguage\":\"en-US\"},{\"@type\":\"Organization\",\"@id\":\"http:\/\/www.northhatley.org\/en\/#organization\",\"name\":\"MUNICIPALIT\u00c9 DU VILLAGE DE NORTH HATLE\",\"url\":\"http:\/\/www.northhatley.org\/en\/\",\"logo\":{\"@type\":\"ImageObject\",\"inLanguage\":\"en-US\",\"@id\":\"http:\/\/www.northhatley.org\/en\/#\/schema\/logo\/image\/\",\"url\":\"https:\/\/www.northhatley.org\/wp-content\/uploads\/2016\/06\/Logo-North-Hatley.jpg\",\"contentUrl\":\"https:\/\/www.northhatley.org\/wp-content\/uploads\/2016\/06\/Logo-North-Hatley.jpg\",\"width\":127,\"height\":164,\"caption\":\"MUNICIPALIT\u00c9 DU VILLAGE DE NORTH HATLE\"},\"image\":{\"@id\":\"http:\/\/www.northhatley.org\/en\/#\/schema\/logo\/image\/\"}}]}<\/script>\n<!-- \/ Yoast SEO plugin. -->","yoast_head_json":{"title":"PUBLIC NOTICES - PUBLIC CONSULTATIONS - Village de North Hatley","robots":{"index":"index","follow":"follow","max-snippet":"max-snippet:-1","max-image-preview":"max-image-preview:large","max-video-preview":"max-video-preview:-1"},"canonical":"http:\/\/www.northhatley.org\/en\/public-notices-public-consultations\/","og_locale":"en_US","og_type":"article","og_title":"PUBLIC NOTICES - PUBLIC CONSULTATIONS - Village de North Hatley","og_description":"Avis public_D\u00c9MOLITION_4120 MAGOG_14-11-2024 [vc_row][vc_column][vc_column_text] [vc_row][vc_column width=&#8221;1\/1&#8243;][vc_column_text][vc_row][vc_column width=&#8221;1\/1&#8243;][vc_column_text] AVIS PUBLICS DATE DE PUBLICATION SUJET 2024-10-25 Avis 2024-03-07 Avis d&#8217;entr\u00e9e en vigueur (R\u00e8glement 2024-751 relatif \u00e0 la circulation) 2024-03-04 Avis de d\u00e9molition &#8211; 190, rue Main, lot 4 090 460 2024-02-07 Avis d&#8217;entr\u00e9e en vigueur (R\u00e8glement 2024-753 concernant les droits de mutations immobili\u00e8res) 2024-02-07 Avis d&#8217;entr\u00e9e en","og_url":"http:\/\/www.northhatley.org\/en\/public-notices-public-consultations\/","og_site_name":"Village de North Hatley","article_modified_time":"2024-12-11T16:49:50+00:00","og_image":[{"url":"http:\/\/www.northhatley.org\/wp-content\/uploads\/2024\/03\/Avis-public_DEMOLITION_190-Main_20-03-2024-5.pdf","type":"","width":"","height":""}],"twitter_misc":{"Est. reading time":"3 minutes"},"schema":{"@context":"https:\/\/schema.org","@graph":[{"@type":"WebPage","@id":"http:\/\/www.northhatley.org\/en\/public-notices-public-consultations\/","url":"http:\/\/www.northhatley.org\/en\/public-notices-public-consultations\/","name":"PUBLIC NOTICES - PUBLIC CONSULTATIONS - Village de North Hatley","isPartOf":{"@id":"http:\/\/www.northhatley.org\/en\/#website"},"primaryImageOfPage":{"@id":"http:\/\/www.northhatley.org\/en\/public-notices-public-consultations\/#primaryimage"},"image":{"@id":"http:\/\/www.northhatley.org\/en\/public-notices-public-consultations\/#primaryimage"},"thumbnailUrl":"http:\/\/www.northhatley.org\/wp-content\/uploads\/2024\/03\/Avis-public_DEMOLITION_190-Main_20-03-2024-5.pdf","datePublished":"2024-12-11T16:11:04+00:00","dateModified":"2024-12-11T16:49:50+00:00","breadcrumb":{"@id":"http:\/\/www.northhatley.org\/en\/public-notices-public-consultations\/#breadcrumb"},"inLanguage":"en-US","potentialAction":[{"@type":"ReadAction","target":["http:\/\/www.northhatley.org\/en\/public-notices-public-consultations\/"]}]},{"@type":"ImageObject","inLanguage":"en-US","@id":"http:\/\/www.northhatley.org\/en\/public-notices-public-consultations\/#primaryimage","url":"http:\/\/www.northhatley.org\/wp-content\/uploads\/2024\/03\/Avis-public_DEMOLITION_190-Main_20-03-2024-5.pdf","contentUrl":"http:\/\/www.northhatley.org\/wp-content\/uploads\/2024\/03\/Avis-public_DEMOLITION_190-Main_20-03-2024-5.pdf"},{"@type":"BreadcrumbList","@id":"http:\/\/www.northhatley.org\/en\/public-notices-public-consultations\/#breadcrumb","itemListElement":[{"@type":"ListItem","position":1,"name":"Home","item":"http:\/\/www.northhatley.org\/en\/"},{"@type":"ListItem","position":2,"name":"PUBLIC NOTICES &#8211; PUBLIC CONSULTATIONS"}]},{"@type":"WebSite","@id":"http:\/\/www.northhatley.org\/en\/#website","url":"http:\/\/www.northhatley.org\/en\/","name":"Village de North Hatley","description":"Village of North Hatley","publisher":{"@id":"http:\/\/www.northhatley.org\/en\/#organization"},"potentialAction":[{"@type":"SearchAction","target":{"@type":"EntryPoint","urlTemplate":"http:\/\/www.northhatley.org\/en\/?s={search_term_string}"},"query-input":{"@type":"PropertyValueSpecification","valueRequired":true,"valueName":"search_term_string"}}],"inLanguage":"en-US"},{"@type":"Organization","@id":"http:\/\/www.northhatley.org\/en\/#organization","name":"MUNICIPALIT\u00c9 DU VILLAGE DE NORTH HATLE","url":"http:\/\/www.northhatley.org\/en\/","logo":{"@type":"ImageObject","inLanguage":"en-US","@id":"http:\/\/www.northhatley.org\/en\/#\/schema\/logo\/image\/","url":"https:\/\/www.northhatley.org\/wp-content\/uploads\/2016\/06\/Logo-North-Hatley.jpg","contentUrl":"https:\/\/www.northhatley.org\/wp-content\/uploads\/2016\/06\/Logo-North-Hatley.jpg","width":127,"height":164,"caption":"MUNICIPALIT\u00c9 DU VILLAGE DE NORTH HATLE"},"image":{"@id":"http:\/\/www.northhatley.org\/en\/#\/schema\/logo\/image\/"}}]}},"_links":{"self":[{"href":"http:\/\/www.northhatley.org\/en\/wp-json\/wp\/v2\/pages\/13738","targetHints":{"allow":["GET"]}}],"collection":[{"href":"http:\/\/www.northhatley.org\/en\/wp-json\/wp\/v2\/pages"}],"about":[{"href":"http:\/\/www.northhatley.org\/en\/wp-json\/wp\/v2\/types\/page"}],"author":[{"embeddable":true,"href":"http:\/\/www.northhatley.org\/en\/wp-json\/wp\/v2\/users\/3"}],"replies":[{"embeddable":true,"href":"http:\/\/www.northhatley.org\/en\/wp-json\/wp\/v2\/comments?post=13738"}],"version-history":[{"count":6,"href":"http:\/\/www.northhatley.org\/en\/wp-json\/wp\/v2\/pages\/13738\/revisions"}],"predecessor-version":[{"id":13842,"href":"http:\/\/www.northhatley.org\/en\/wp-json\/wp\/v2\/pages\/13738\/revisions\/13842"}],"wp:attachment":[{"href":"http:\/\/www.northhatley.org\/en\/wp-json\/wp\/v2\/media?parent=13738"}],"curies":[{"name":"wp","href":"https:\/\/api.w.org\/{rel}","templated":true}]}}