{"id":13523,"date":"2024-08-08T14:15:33","date_gmt":"2024-08-08T18:15:33","guid":{"rendered":"http:\/\/www.northhatley.org\/?page_id=13523"},"modified":"2024-08-08T14:15:34","modified_gmt":"2024-08-08T18:15:34","slug":"riem","status":"publish","type":"page","link":"http:\/\/www.northhatley.org\/en\/riem\/","title":{"rendered":"RIEM"},"content":{"rendered":"<div class=\"wp-block-image\">\n<figure class=\"aligncenter size-full is-resized\"><a href=\"http:\/\/www.northhatley.org\/wp-content\/uploads\/2024\/08\/Eaux_Massawippi.jpg\"><img loading=\"lazy\" decoding=\"async\" src=\"http:\/\/www.northhatley.org\/wp-content\/uploads\/2024\/08\/Eaux_Massawippi.jpg\" alt=\"\" class=\"wp-image-13515\" width=\"221\" height=\"90\" srcset=\"http:\/\/www.northhatley.org\/wp-content\/uploads\/2024\/08\/Eaux_Massawippi.jpg 882w, http:\/\/www.northhatley.org\/wp-content\/uploads\/2024\/08\/Eaux_Massawippi-300x122.jpg 300w, http:\/\/www.northhatley.org\/wp-content\/uploads\/2024\/08\/Eaux_Massawippi-768x312.jpg 768w, http:\/\/www.northhatley.org\/wp-content\/uploads\/2024\/08\/Eaux_Massawippi-193x78.jpg 193w\" sizes=\"auto, (max-width: 221px) 100vw, 221px\" \/><\/a><\/figure><\/div>\n\n\n<p>The R\u00e9gie intermunicipale des eaux Massawippi brings together the municipalities of North Hatley and Canton-de-Hatley to supply water to the 2 municipalities.  The Municipality of North Hatley assumes 85% of operating expenses, while the Canton-de-Hatley assumes the remaining 15%.<\/p>\n\n\n\n<p>The R\u00e9gie&#8217;s Board of Directors is made up of 3 municipal councillors from each municipality.  The current board is made up of the following members:<\/p>\n\n\n\n<ul class=\"wp-block-list\">\n<li>Marcella DAVIS-GERRISH &#8211; Pr\u00e9sidente du conseil d&#8217;administration<\/li>\n\n\n\n<li>Michel DESROSIERS (conseiller North Hatley)<\/li>\n\n\n\n<li>Andrew J PELLETIER (conseiller North Hatley)<\/li>\n\n\n\n<li>Vincent FONTAINE (maire Canton de Hatley)<\/li>\n\n\n\n<li>Patrick CLOWERY (conseiller Canton-de-Hatley)<\/li>\n\n\n\n<li>Jacques BOGENEZ (conseiller Canton-de-Hatley)<\/li>\n<\/ul>\n\n\n\n<p>Benoit TREMBLAY est le directeur g\u00e9n\u00e9ral de la r\u00e9gie<\/p>\n\n\n\n<p>Meetings are held monthly at North Hatley Town Hall, 3125 Capelton Road, North Hatley.<\/p>\n\n\n\n<p><strong>Minutes (coming soon)<\/strong> <\/p>\n\n\n\n<p>2024 <br>2023 <br>2022 <br>2021 <br>2020<\/p>\n\n\n\n<p><strong>Budget (coming soon)<\/strong> <\/p>\n\n\n\n<p>2024 <br>2023 <br>2022 <br>2021 <br>2020<\/p>\n\n\n\n<hr class=\"wp-block-separator has-alpha-channel-opacity is-style-wide\"\/>\n\n\n\n<h2 class=\"wp-block-heading\">SOURCE VULNERABILITY ANALYSIS REPORT FOR SURFACE WATER INTAKE<\/h2>\n\n\n\n<p><strong>Consult the analysis report<\/strong><\/p>\n\n\n\n<p><strong>Consult the plan<\/strong><\/p>\n","protected":false},"excerpt":{"rendered":"<p>The R\u00e9gie intermunicipale des eaux Massawippi brings together the municipalities of North Hatley and Canton-de-Hatley to supply water to the 2 municipalities. The Municipality of North Hatley assumes 85% of operating expenses, while the Canton-de-Hatley assumes the remaining 15%. The R\u00e9gie&#8217;s Board of Directors is made up of 3 municipal councillors from each municipality. The<\/p>\n","protected":false},"author":4,"featured_media":0,"parent":0,"menu_order":0,"comment_status":"closed","ping_status":"closed","template":"","meta":{"_acf_changed":false,"footnotes":""},"class_list":["post-13523","page","type-page","status-publish","hentry"],"acf":[],"yoast_head":"<!-- This site is optimized with the Yoast SEO plugin v24.3 - https:\/\/yoast.com\/wordpress\/plugins\/seo\/ -->\n<title>RIEM - Village de North Hatley<\/title>\n<meta name=\"robots\" content=\"index, follow, max-snippet:-1, max-image-preview:large, max-video-preview:-1\" \/>\n<link rel=\"canonical\" href=\"http:\/\/www.northhatley.org\/en\/riem\/\" \/>\n<meta property=\"og:locale\" content=\"en_US\" \/>\n<meta property=\"og:type\" content=\"article\" \/>\n<meta property=\"og:title\" content=\"RIEM - Village de North Hatley\" \/>\n<meta property=\"og:description\" content=\"The R\u00e9gie intermunicipale des eaux Massawippi brings together the municipalities of North Hatley and Canton-de-Hatley to supply water to the 2 municipalities. The Municipality of North Hatley assumes 85% of operating expenses, while the Canton-de-Hatley assumes the remaining 15%. The R\u00e9gie&#8217;s Board of Directors is made up of 3 municipal councillors from each municipality. The\" \/>\n<meta property=\"og:url\" content=\"http:\/\/www.northhatley.org\/en\/riem\/\" \/>\n<meta property=\"og:site_name\" content=\"Village de North Hatley\" \/>\n<meta property=\"article:modified_time\" content=\"2024-08-08T18:15:34+00:00\" \/>\n<meta property=\"og:image\" content=\"http:\/\/www.northhatley.org\/wp-content\/uploads\/2024\/08\/Eaux_Massawippi.jpg\" \/>\n<meta name=\"twitter:label1\" content=\"Est. reading time\" \/>\n\t<meta name=\"twitter:data1\" content=\"1 minute\" \/>\n<script type=\"application\/ld+json\" class=\"yoast-schema-graph\">{\"@context\":\"https:\/\/schema.org\",\"@graph\":[{\"@type\":\"WebPage\",\"@id\":\"http:\/\/www.northhatley.org\/en\/riem\/\",\"url\":\"http:\/\/www.northhatley.org\/en\/riem\/\",\"name\":\"RIEM - Village de North Hatley\",\"isPartOf\":{\"@id\":\"http:\/\/www.northhatley.org\/fr\/#website\"},\"primaryImageOfPage\":{\"@id\":\"http:\/\/www.northhatley.org\/en\/riem\/#primaryimage\"},\"image\":{\"@id\":\"http:\/\/www.northhatley.org\/en\/riem\/#primaryimage\"},\"thumbnailUrl\":\"http:\/\/www.northhatley.org\/wp-content\/uploads\/2024\/08\/Eaux_Massawippi.jpg\",\"datePublished\":\"2024-08-08T18:15:33+00:00\",\"dateModified\":\"2024-08-08T18:15:34+00:00\",\"breadcrumb\":{\"@id\":\"http:\/\/www.northhatley.org\/en\/riem\/#breadcrumb\"},\"inLanguage\":\"en-US\",\"potentialAction\":[{\"@type\":\"ReadAction\",\"target\":[\"http:\/\/www.northhatley.org\/en\/riem\/\"]}]},{\"@type\":\"ImageObject\",\"inLanguage\":\"en-US\",\"@id\":\"http:\/\/www.northhatley.org\/en\/riem\/#primaryimage\",\"url\":\"http:\/\/www.northhatley.org\/wp-content\/uploads\/2024\/08\/Eaux_Massawippi.jpg\",\"contentUrl\":\"http:\/\/www.northhatley.org\/wp-content\/uploads\/2024\/08\/Eaux_Massawippi.jpg\"},{\"@type\":\"BreadcrumbList\",\"@id\":\"http:\/\/www.northhatley.org\/en\/riem\/#breadcrumb\",\"itemListElement\":[{\"@type\":\"ListItem\",\"position\":1,\"name\":\"Home\",\"item\":\"https:\/\/www.northhatley.org\/en\/\"},{\"@type\":\"ListItem\",\"position\":2,\"name\":\"RIEM\"}]},{\"@type\":\"WebSite\",\"@id\":\"http:\/\/www.northhatley.org\/fr\/#website\",\"url\":\"http:\/\/www.northhatley.org\/fr\/\",\"name\":\"Village de North Hatley\",\"description\":\"Village of North Hatley\",\"publisher\":{\"@id\":\"http:\/\/www.northhatley.org\/fr\/#organization\"},\"potentialAction\":[{\"@type\":\"SearchAction\",\"target\":{\"@type\":\"EntryPoint\",\"urlTemplate\":\"http:\/\/www.northhatley.org\/fr\/?s={search_term_string}\"},\"query-input\":{\"@type\":\"PropertyValueSpecification\",\"valueRequired\":true,\"valueName\":\"search_term_string\"}}],\"inLanguage\":\"en-US\"},{\"@type\":\"Organization\",\"@id\":\"http:\/\/www.northhatley.org\/fr\/#organization\",\"name\":\"MUNICIPALIT\u00c9 DU VILLAGE DE NORTH HATLE\",\"url\":\"http:\/\/www.northhatley.org\/fr\/\",\"logo\":{\"@type\":\"ImageObject\",\"inLanguage\":\"en-US\",\"@id\":\"http:\/\/www.northhatley.org\/fr\/#\/schema\/logo\/image\/\",\"url\":\"https:\/\/www.northhatley.org\/wp-content\/uploads\/2016\/06\/Logo-North-Hatley.jpg\",\"contentUrl\":\"https:\/\/www.northhatley.org\/wp-content\/uploads\/2016\/06\/Logo-North-Hatley.jpg\",\"width\":127,\"height\":164,\"caption\":\"MUNICIPALIT\u00c9 DU VILLAGE DE NORTH HATLE\"},\"image\":{\"@id\":\"http:\/\/www.northhatley.org\/fr\/#\/schema\/logo\/image\/\"}}]}<\/script>\n<!-- \/ Yoast SEO plugin. -->","yoast_head_json":{"title":"RIEM - Village de North Hatley","robots":{"index":"index","follow":"follow","max-snippet":"max-snippet:-1","max-image-preview":"max-image-preview:large","max-video-preview":"max-video-preview:-1"},"canonical":"http:\/\/www.northhatley.org\/en\/riem\/","og_locale":"en_US","og_type":"article","og_title":"RIEM - Village de North Hatley","og_description":"The R\u00e9gie intermunicipale des eaux Massawippi brings together the municipalities of North Hatley and Canton-de-Hatley to supply water to the 2 municipalities. The Municipality of North Hatley assumes 85% of operating expenses, while the Canton-de-Hatley assumes the remaining 15%. The R\u00e9gie&#8217;s Board of Directors is made up of 3 municipal councillors from each municipality. The","og_url":"http:\/\/www.northhatley.org\/en\/riem\/","og_site_name":"Village de North Hatley","article_modified_time":"2024-08-08T18:15:34+00:00","og_image":[{"url":"http:\/\/www.northhatley.org\/wp-content\/uploads\/2024\/08\/Eaux_Massawippi.jpg","type":"","width":"","height":""}],"twitter_misc":{"Est. reading time":"1 minute"},"schema":{"@context":"https:\/\/schema.org","@graph":[{"@type":"WebPage","@id":"http:\/\/www.northhatley.org\/en\/riem\/","url":"http:\/\/www.northhatley.org\/en\/riem\/","name":"RIEM - Village de North Hatley","isPartOf":{"@id":"http:\/\/www.northhatley.org\/fr\/#website"},"primaryImageOfPage":{"@id":"http:\/\/www.northhatley.org\/en\/riem\/#primaryimage"},"image":{"@id":"http:\/\/www.northhatley.org\/en\/riem\/#primaryimage"},"thumbnailUrl":"http:\/\/www.northhatley.org\/wp-content\/uploads\/2024\/08\/Eaux_Massawippi.jpg","datePublished":"2024-08-08T18:15:33+00:00","dateModified":"2024-08-08T18:15:34+00:00","breadcrumb":{"@id":"http:\/\/www.northhatley.org\/en\/riem\/#breadcrumb"},"inLanguage":"en-US","potentialAction":[{"@type":"ReadAction","target":["http:\/\/www.northhatley.org\/en\/riem\/"]}]},{"@type":"ImageObject","inLanguage":"en-US","@id":"http:\/\/www.northhatley.org\/en\/riem\/#primaryimage","url":"http:\/\/www.northhatley.org\/wp-content\/uploads\/2024\/08\/Eaux_Massawippi.jpg","contentUrl":"http:\/\/www.northhatley.org\/wp-content\/uploads\/2024\/08\/Eaux_Massawippi.jpg"},{"@type":"BreadcrumbList","@id":"http:\/\/www.northhatley.org\/en\/riem\/#breadcrumb","itemListElement":[{"@type":"ListItem","position":1,"name":"Home","item":"https:\/\/www.northhatley.org\/en\/"},{"@type":"ListItem","position":2,"name":"RIEM"}]},{"@type":"WebSite","@id":"http:\/\/www.northhatley.org\/fr\/#website","url":"http:\/\/www.northhatley.org\/fr\/","name":"Village de North Hatley","description":"Village of North Hatley","publisher":{"@id":"http:\/\/www.northhatley.org\/fr\/#organization"},"potentialAction":[{"@type":"SearchAction","target":{"@type":"EntryPoint","urlTemplate":"http:\/\/www.northhatley.org\/fr\/?s={search_term_string}"},"query-input":{"@type":"PropertyValueSpecification","valueRequired":true,"valueName":"search_term_string"}}],"inLanguage":"en-US"},{"@type":"Organization","@id":"http:\/\/www.northhatley.org\/fr\/#organization","name":"MUNICIPALIT\u00c9 DU VILLAGE DE NORTH HATLE","url":"http:\/\/www.northhatley.org\/fr\/","logo":{"@type":"ImageObject","inLanguage":"en-US","@id":"http:\/\/www.northhatley.org\/fr\/#\/schema\/logo\/image\/","url":"https:\/\/www.northhatley.org\/wp-content\/uploads\/2016\/06\/Logo-North-Hatley.jpg","contentUrl":"https:\/\/www.northhatley.org\/wp-content\/uploads\/2016\/06\/Logo-North-Hatley.jpg","width":127,"height":164,"caption":"MUNICIPALIT\u00c9 DU VILLAGE DE NORTH HATLE"},"image":{"@id":"http:\/\/www.northhatley.org\/fr\/#\/schema\/logo\/image\/"}}]}},"_links":{"self":[{"href":"http:\/\/www.northhatley.org\/en\/wp-json\/wp\/v2\/pages\/13523","targetHints":{"allow":["GET"]}}],"collection":[{"href":"http:\/\/www.northhatley.org\/en\/wp-json\/wp\/v2\/pages"}],"about":[{"href":"http:\/\/www.northhatley.org\/en\/wp-json\/wp\/v2\/types\/page"}],"author":[{"embeddable":true,"href":"http:\/\/www.northhatley.org\/en\/wp-json\/wp\/v2\/users\/4"}],"replies":[{"embeddable":true,"href":"http:\/\/www.northhatley.org\/en\/wp-json\/wp\/v2\/comments?post=13523"}],"version-history":[{"count":2,"href":"http:\/\/www.northhatley.org\/en\/wp-json\/wp\/v2\/pages\/13523\/revisions"}],"predecessor-version":[{"id":13525,"href":"http:\/\/www.northhatley.org\/en\/wp-json\/wp\/v2\/pages\/13523\/revisions\/13525"}],"wp:attachment":[{"href":"http:\/\/www.northhatley.org\/en\/wp-json\/wp\/v2\/media?parent=13523"}],"curies":[{"name":"wp","href":"https:\/\/api.w.org\/{rel}","templated":true}]}}